{"id":30258,"date":"2021-01-09T08:18:29","date_gmt":"2021-01-09T06:18:29","guid":{"rendered":"https:\/\/dev.disc-partners.com\/?page_id=30258"},"modified":"2026-02-27T15:28:42","modified_gmt":"2026-02-27T13:28:42","slug":"sales","status":"publish","type":"page","link":"https:\/\/dev.disc-partners.com\/fr\/decouvrir-everything-disc\/sales\/","title":{"rendered":"Sales"},"content":{"rendered":"\n<div class=\"et_d4_element et_pb_section et_pb_section_0  et_pb_css_mix_blend_mode et_section_regular et_block_section\" >\n\t\t\t\t\n\t\t\t\t\n\t\t\t\t\n\t\t\t\t\n\t\t\t\t\n\t\t\t\t\n\t\t\t\t<div class=\"et_d4_element et_pb_row et_pb_row_0  et_pb_css_mix_blend_mode et_block_row\">\n\t\t\t\t\t\t\t\t<div class=\"et_d4_element et_pb_column_4_4 et_pb_column et_pb_column_0  et_pb_css_mix_blend_mode et-last-child et_block_column\">\n\t\t\t\t\n\t\t\t\t\n\t\t\t\t\n\t\t\t\t\n\t\t\t\t<div class=\"et_pb_module et_d4_element et_pb_text et_pb_text_0  et_pb_text_align_left et_pb_bg_layout_light\">\n\t\t\t\t\n\t\t\t\t\n\t\t\t\t\n\t\t\t\t\n\t\t\t\t<div class=\"et_pb_text_inner\"><h1 style=\"text-align: center;\"><span><span>EV<\/span><span>ERYTHING D<span>i<\/span>SC<\/span><\/span><span><span><span>SALES<\/span><\/span><sup><span>\u00ae<\/span><\/sup><\/span><\/h1><span style=\"width: 100%;\"><img decoding=\"async\" alt=\"\" width=\"46\" height=\"46\" title=\"ed-icons-disc\" data-id=\"24213\" src=\"https:\/\/dev.disc-partners.com\/wp-content\/uploads\/ed-icons-disc.png\" style=\"\" data-width=\"46\" data-height=\"46\" data-init-width=\"46\" data-init-height=\"46\" loading=\"lazy\"\/><\/span><h2 style=\"text-align: center;\">Vivre un atelier de formation Everything DiSC<sup>\u00ae&nbsp;<\/sup>Sales<\/h2><h3 style=\"text-align: center;\">Aider le commercial \u00e0 mieux s'adapter aux pr\u00e9f\u00e9rences et aux attentes du client<\/h3><p style=\"text-align: center;\">Everything DiSC<sup>\u00ae<\/sup>&nbsp;Sales est un atelier et une exp\u00e9rience d\u2019apprentissage personnalis\u00e9e con\u00e7us pour aider le vendeur \u00e0 favoriser des interactions centr\u00e9es sur le client qui contribuent mieux \u00e0 un r\u00e9sultat concluent. Le participant explore comment s\u2019\u00e9tendre au-del\u00e0 de son style de vente naturel pour s\u2019adapter plus efficacement aux pr\u00e9f\u00e9rences et aux attentes du client, quel que soit son style d\u2019achat. L'exp\u00e9rience est sp\u00e9cifique \u00e0 la vente avec des informations d\u00e9taill\u00e9es, comprenant des suggestions, des strat\u00e9gies et des plans d'action pour aider les vendeurs \u00e0 devenir plus efficaces.&nbsp;<em>A<\/em><em>ttention cette application est disponible en anglais seulement.<\/em><\/p><span style=\"width: 100%;\"><img decoding=\"async\" alt=\"\" width=\"46\" height=\"46\" title=\"ed-icons-disc\" data-id=\"24213\" src=\"https:\/\/dev.disc-partners.com\/wp-content\/uploads\/ed-icons-disc.png\" style=\"\" loading=\"lazy\" data-width=\"46\" data-height=\"46\" data-init-width=\"46\" data-init-height=\"46\"\/><\/span><blockquote style=\"text-align: center;\">\"C\u2019est une approche simple mais pas simpliste, \u00e9tay\u00e9e par une recherche effectu\u00e9e sur des ann\u00e9es et exceptionnelle.\"<\/blockquote>&nbsp; &nbsp;<p style=\"text-align: center;\">Partenaire Authoris\u00e9<\/p><p style=\"\">Everything DiSC<sup>\u00ae&nbsp;<\/sup>Sales aide le commercial \u00e0&nbsp;<strong>mieux communiquer avec ses clients<\/strong>.<strong>&nbsp;<\/strong>L'apprenant am\u00e9liore ses&nbsp;<strong>habitudes comportementales<\/strong> et cr\u00e9e des cartes d'interactions client sur le site myeverythingdisc.com. Au moyen d'accompagnement personnalis\u00e9, la mise en application sera encore plus pouss\u00e9e. <\/p><ul><li style=\"\">D\u00e9couvrez votre style de vente<\/li><li style=\"\">Reconnaissez les diff\u00e9rences entre clients&nbsp;<\/li><li style=\"\">Suggestions pour mieux s'adapter aux besoins client<\/li><\/ul><h2 style=\"text-align: center;\">Obtenez des r\u00e9sultats avec des relations orient\u00e9es client<\/h2><p style=\"text-align: center;\">Everything DiSC Sales donne \u00e0 vos vendeurs les outils dont ils ont besoin pour am\u00e9liorer leur efficacit\u00e9 et obtenir de meilleurs r\u00e9sultats. Everything DiSC Sales par disc partners (c'est nous) et son r\u00e9seau de consultants, de formateurs et coach.<\/p><h2 style=\"text-align: center;\">Comment pouvons-nous vous aider ?<\/h2><\/div>\n\t\t\t<\/div>\n\t\t\t<\/div>\t\t\t\n\t\t\t\t\n\t\t\t\t\n\t\t\t\t\n\t\t\t\t\n\t\t\t<\/div>\t\t\n\t\t\t\t\n\t\t\t\t\n\t\t\t<\/div>\n","protected":false},"excerpt":{"rendered":"","protected":false},"author":2,"featured_media":0,"parent":58702,"menu_order":3,"comment_status":"closed","ping_status":"closed","template":"","meta":{"_et_pb_use_builder":"on","_et_pb_old_content":"<h1 style=\"text-align: center;\"><span><span>EV<\/span><span>ERYTHING D<span>i<\/span>SC<\/span><\/span><span><span><span>SALES<\/span><\/span><sup><span>\u00ae<\/span><\/sup><\/span><\/h1><span style=\"width: 100%;\"><img alt=\"\" width=\"46\" height=\"46\" title=\"ed-icons-disc\" data-id=\"24213\" src=\"https:\/\/dev.disc-partners.com\/wp-content\/uploads\/ed-icons-disc.png\" style=\"\" data-width=\"46\" data-height=\"46\" data-init-width=\"46\" data-init-height=\"46\" loading=\"lazy\"\/><\/span><h2 style=\"text-align: center;\">Vivre un atelier de formation Everything DiSC<sup>\u00ae&nbsp;<\/sup>Sales<\/h2><h3 style=\"text-align: center;\">Aider le commercial \u00e0 mieux s'adapter aux pr\u00e9f\u00e9rences et aux attentes du client<\/h3><p style=\"text-align: center;\">Everything DiSC<sup>\u00ae<\/sup>&nbsp;Sales est un atelier et une exp\u00e9rience d\u2019apprentissage personnalis\u00e9e con\u00e7us pour aider le vendeur \u00e0 favoriser des interactions centr\u00e9es sur le client qui contribuent mieux \u00e0 un r\u00e9sultat concluent. Le participant explore comment s\u2019\u00e9tendre au-del\u00e0 de son style de vente naturel pour s\u2019adapter plus efficacement aux pr\u00e9f\u00e9rences et aux attentes du client, quel que soit son style d\u2019achat. L'exp\u00e9rience est sp\u00e9cifique \u00e0 la vente avec des informations d\u00e9taill\u00e9es, comprenant des suggestions, des strat\u00e9gies et des plans d'action pour aider les vendeurs \u00e0 devenir plus efficaces.&nbsp;<em>A<\/em><em>ttention cette application est disponible en anglais seulement.<\/em><\/p><span style=\"width: 100%;\"><img alt=\"\" width=\"46\" height=\"46\" title=\"ed-icons-disc\" data-id=\"24213\" src=\"https:\/\/dev.disc-partners.com\/wp-content\/uploads\/ed-icons-disc.png\" style=\"\" loading=\"lazy\" data-width=\"46\" data-height=\"46\" data-init-width=\"46\" data-init-height=\"46\"\/><\/span><blockquote style=\"text-align: center;\">\"C\u2019est une approche simple mais pas simpliste, \u00e9tay\u00e9e par une recherche effectu\u00e9e sur des ann\u00e9es et exceptionnelle.\"<\/blockquote>&nbsp; &nbsp;<p style=\"text-align: center;\">Partenaire Authoris\u00e9<\/p><p style=\"\">Everything DiSC<sup>\u00ae&nbsp;<\/sup>Sales aide le commercial \u00e0&nbsp;<strong>mieux communiquer avec ses clients<\/strong>.<strong>&nbsp;<\/strong>L'apprenant am\u00e9liore ses&nbsp;<strong>habitudes comportementales<\/strong> et cr\u00e9e des cartes d'interactions client sur le site myeverythingdisc.com. Au moyen d'accompagnement personnalis\u00e9, la mise en application sera encore plus pouss\u00e9e. <\/p><ul><li style=\"\">D\u00e9couvrez votre style de vente<\/li><li style=\"\">Reconnaissez les diff\u00e9rences entre clients&nbsp;<\/li><li style=\"\">Suggestions pour mieux s'adapter aux besoins client<\/li><\/ul><h2 style=\"text-align: center;\">Obtenez des r\u00e9sultats avec des relations orient\u00e9es client<\/h2><p style=\"text-align: center;\">Everything DiSC Sales donne \u00e0 vos vendeurs les outils dont ils ont besoin pour am\u00e9liorer leur efficacit\u00e9 et obtenir de meilleurs r\u00e9sultats. Everything DiSC Sales par disc partners (c'est nous) et son r\u00e9seau de consultants, de formateurs et coach.<\/p><h2 style=\"text-align: center;\">Comment pouvons-nous vous aider ?<\/h2>","_et_gb_content_width":"","footnotes":""},"class_list":["post-30258","page","type-page","status-publish","hentry"],"_links":{"self":[{"href":"https:\/\/dev.disc-partners.com\/fr\/wp-json\/wp\/v2\/pages\/30258","targetHints":{"allow":["GET"]}}],"collection":[{"href":"https:\/\/dev.disc-partners.com\/fr\/wp-json\/wp\/v2\/pages"}],"about":[{"href":"https:\/\/dev.disc-partners.com\/fr\/wp-json\/wp\/v2\/types\/page"}],"author":[{"embeddable":true,"href":"https:\/\/dev.disc-partners.com\/fr\/wp-json\/wp\/v2\/users\/2"}],"replies":[{"embeddable":true,"href":"https:\/\/dev.disc-partners.com\/fr\/wp-json\/wp\/v2\/comments?post=30258"}],"version-history":[{"count":1,"href":"https:\/\/dev.disc-partners.com\/fr\/wp-json\/wp\/v2\/pages\/30258\/revisions"}],"predecessor-version":[{"id":59424,"href":"https:\/\/dev.disc-partners.com\/fr\/wp-json\/wp\/v2\/pages\/30258\/revisions\/59424"}],"up":[{"embeddable":true,"href":"https:\/\/dev.disc-partners.com\/fr\/wp-json\/wp\/v2\/pages\/58702"}],"wp:attachment":[{"href":"https:\/\/dev.disc-partners.com\/fr\/wp-json\/wp\/v2\/media?parent=30258"}],"curies":[{"name":"wp","href":"https:\/\/api.w.org\/{rel}","templated":true}]}}