{"id":30287,"date":"2021-01-09T12:42:32","date_gmt":"2021-01-09T10:42:32","guid":{"rendered":"https:\/\/dev.disc-partners.com\/?page_id=30287"},"modified":"2026-02-27T15:28:43","modified_gmt":"2026-02-27T13:28:43","slug":"workplace","status":"publish","type":"page","link":"https:\/\/dev.disc-partners.com\/fr\/decouvrir-everything-disc\/workplace\/","title":{"rendered":"Workplace"},"content":{"rendered":"\n\n<div class=\"et_d4_element et_pb_section et_pb_section_0  et_pb_css_mix_blend_mode et_section_regular et_block_section\" >\n\t\t\t\t\n\t\t\t\t\n\t\t\t\t\n\t\t\t\t\n\t\t\t\t\n\t\t\t\t\n\t\t\t\t<div class=\"et_d4_element et_pb_row et_pb_row_0  et_pb_css_mix_blend_mode et_block_row\">\n\t\t\t\t\t\t\t\t<div class=\"et_d4_element et_pb_column_4_4 et_pb_column et_pb_column_0  et_pb_css_mix_blend_mode et-last-child et_block_column\">\n\t\t\t\t\n\t\t\t\t\n\t\t\t\t\n\t\t\t\t\n\t\t\t\t<div class=\"et_pb_module et_d4_element et_pb_text et_pb_text_0  et_pb_text_align_left et_pb_bg_layout_light\">\n\t\t\t\t\n\t\t\t\t\n\t\t\t\t\n\t\t\t\t\n\t\t\t\t<div class=\"et_pb_text_inner\"><h1 style=\"text-align: center;\"><span style=\"color: rgb(85, 85, 85);\">EVERYTHING D<\/span><span style=\"color: rgb(0, 147, 206);\">i<\/span><span style=\"color: rgb(85, 85, 85);\">SC<\/span><span style=\"color: rgb(0, 147, 206); font-size: 28px;\">WORKPLACE<sup>\u00ae<\/sup><\/span><\/h1>\n<span style=\"width: 100%;\"><img decoding=\"async\" alt=\"\" width=\"46\" height=\"46\" title=\"ed-icons-disc\" data-id=\"24213\" src=\"https:\/\/dev.disc-partners.com\/wp-content\/uploads\/ed-icons-disc.png\" style=\"\" loading=\"lazy\" data-width=\"46\" data-height=\"46\" data-init-width=\"46\" data-init-height=\"46\"\/><\/span>\n<h2 style=\"text-align: center;\">Vivre un atelier de formation Everything DiSC Workplace<\/h2>\n<h3 style=\"text-align: center;\">Encourager chaque individu \u00e0 b\u00e2tir des relations plus efficaces au travail<\/h3>\n<p style=\"text-align: center;\">Everything DiSC Workplace\u00ae est une formation en pr\u00e9sentiel d\u00e9livr\u00e9e en atelier et adapt\u00e9e \u00e0 chaque individu de votre entreprise, quel que soit son poste, sa fonction ou son d\u00e9partement, pour l\u2019aider \u00e0 b\u00e2tir des relations plus productives et efficaces au travail. Il apporte aux participants les outils pour mieux se comprendre personnellement et comprendre les autres, tout en appr\u00e9ciant les diff\u00e9rentes priorit\u00e9s, pr\u00e9f\u00e9rences et valeurs qui animent chaque individu sur son lieu de travail. Gr\u00e2ce \u00e0 des prises de conscience personnalis\u00e9es et des strat\u00e9gies concr\u00e8tes, les participants apprennent \u00e0 adapter leur comportement aux pr\u00e9f\u00e9rences des autres, ce qui contribue \u00e0 am\u00e9liorer l\u2019engagement, la collaboration et la qualit\u00e9 globale de l'ambiance au sein de la place de travail.<\/p>\n<span style=\"width: 100%;\"><a href=\"https:\/\/dev.disc-partners.com\/fr\/ed-icons-disc\/\"><img decoding=\"async\" alt=\"\" width=\"46\" height=\"46\" title=\"ed-icons-disc\" data-id=\"24213\" src=\"https:\/\/dev.disc-partners.com\/wp-content\/uploads\/ed-icons-disc.png\" style=\"\" loading=\"lazy\"\/><\/a><\/span>\n<blockquote style=\"text-align: center;\">\"Notre culture Everything DiSC apporte beaucoup d'\u00e9l\u00e9ments positifs \u00e0 notre \u00e9quipe, et je pense que c'est parce que nous nous comprenons mieux et communiqons \u00e9galement mieux \u00e0 cause de Everything DiSC.\"<\/blockquote>\n&nbsp; &nbsp;\n<p style=\"text-align: center;\">Lisa Marie Paulsen, Training Design and Development Manager<\/p>\n<p style=\"\">Cibler les r\u00e9sultats collectifs. Everything DiSC Workplace s'adresse \u00e0 tous dans l'entreprise. Objectif : la qualit\u00e9 et l\u2019efficacit\u00e9 au travail, peu importe votre r\u00f4le. Les ateliers, pr\u00e9c\u00e9d\u00e9 par l'\u00e9valuation en ligne, et les s\u00e9quences vid\u00e9o font que le facilitateur effectue un accompagnement de qualit\u00e9. Everything DiSC\u00ae Workplace se pr\u00eate \u00e9galement au coaching.<\/p>\n\n<ul>\n \t<li style=\"\">Une auto-d\u00e9couverte approfondie<\/li>\n \t<li style=\"\">Une appr\u00e9ciation pour la diff\u00e9rence interpersonnelle<\/li>\n \t<li style=\"\">Des recommandations pour des interactions efficaces<\/li>\n<\/ul>\n<h2 style=\"text-align: center;\">B\u00e2tissez un meilleur environnement de travail (Workplace)<\/h2>\n<p style=\"text-align: center;\">D\u00e9couvrez comment Everything DiSC Workplace peut renforcer l'engagement et induire une collaboration plus efficace dans votre organisation. Everything DiSC Workplace par disc partners (c'est nous) et son r\u00e9seau de consultants, de formateurs et de coach.<\/p>\n\n<h2 style=\"text-align: center;\">Comment pouvons-nous vous aider ?<\/h2><\/div>\n\t\t\t<\/div>\n\t\t\t<\/div>\t\t\t\n\t\t\t\t\n\t\t\t\t\n\t\t\t\t\n\t\t\t\t\n\t\t\t<\/div>\t\t\n\t\t\t\t\n\t\t\t\t\n\t\t\t<\/div>\n\n","protected":false},"excerpt":{"rendered":"","protected":false},"author":2,"featured_media":0,"parent":58702,"menu_order":1,"comment_status":"closed","ping_status":"closed","template":"","meta":{"_et_pb_use_builder":"on","_et_pb_old_content":"<h1 style=\"text-align: center;\"><span style=\"color: rgb(85, 85, 85);\">EVERYTHING D<\/span><span style=\"color: rgb(0, 147, 206);\">i<\/span><span style=\"color: rgb(85, 85, 85);\">SC<\/span><span style=\"color: rgb(0, 147, 206); font-size: 28px;\">WORKPLACE<sup>\u00ae<\/sup><\/span><\/h1>\n<span style=\"width: 100%;\"><img alt=\"\" width=\"46\" height=\"46\" title=\"ed-icons-disc\" data-id=\"24213\" src=\"https:\/\/dev.disc-partners.com\/wp-content\/uploads\/ed-icons-disc.png\" style=\"\" loading=\"lazy\" data-width=\"46\" data-height=\"46\" data-init-width=\"46\" data-init-height=\"46\"\/><\/span>\n<h2 style=\"text-align: center;\">Vivre un atelier de formation Everything DiSC Workplace<\/h2>\n<h3 style=\"text-align: center;\">Encourager chaque individu \u00e0 b\u00e2tir des relations plus efficaces au travail<\/h3>\n<p style=\"text-align: center;\">Everything DiSC Workplace\u00ae est une formation en pr\u00e9sentiel d\u00e9livr\u00e9e en atelier et adapt\u00e9e \u00e0 chaque individu de votre entreprise, quel que soit son poste, sa fonction ou son d\u00e9partement, pour l\u2019aider \u00e0 b\u00e2tir des relations plus productives et efficaces au travail. Il apporte aux participants les outils pour mieux se comprendre personnellement et comprendre les autres, tout en appr\u00e9ciant les diff\u00e9rentes priorit\u00e9s, pr\u00e9f\u00e9rences et valeurs qui animent chaque individu sur son lieu de travail. Gr\u00e2ce \u00e0 des prises de conscience personnalis\u00e9es et des strat\u00e9gies concr\u00e8tes, les participants apprennent \u00e0 adapter leur comportement aux pr\u00e9f\u00e9rences des autres, ce qui contribue \u00e0 am\u00e9liorer l\u2019engagement, la collaboration et la qualit\u00e9 globale de l'ambiance au sein de la place de travail.<\/p>\n<span style=\"width: 100%;\"><a href=\"https:\/\/dev.disc-partners.com\/fr\/ed-icons-disc\/\"><img alt=\"\" width=\"46\" height=\"46\" title=\"ed-icons-disc\" data-id=\"24213\" src=\"https:\/\/dev.disc-partners.com\/wp-content\/uploads\/ed-icons-disc.png\" style=\"\" loading=\"lazy\"\/><\/a><\/span>\n<blockquote style=\"text-align: center;\">\"Notre culture Everything DiSC apporte beaucoup d'\u00e9l\u00e9ments positifs \u00e0 notre \u00e9quipe, et je pense que c'est parce que nous nous comprenons mieux et communiqons \u00e9galement mieux \u00e0 cause de Everything DiSC.\"<\/blockquote>\n&nbsp; &nbsp;\n<p style=\"text-align: center;\">Lisa Marie Paulsen, Training Design and Development Manager<\/p>\n<p style=\"\">Cibler les r\u00e9sultats collectifs. Everything DiSC Workplace s'adresse \u00e0 tous dans l'entreprise. Objectif : la qualit\u00e9 et l\u2019efficacit\u00e9 au travail, peu importe votre r\u00f4le. Les ateliers, pr\u00e9c\u00e9d\u00e9 par l'\u00e9valuation en ligne, et les s\u00e9quences vid\u00e9o font que le facilitateur effectue un accompagnement de qualit\u00e9. Everything DiSC\u00ae Workplace se pr\u00eate \u00e9galement au coaching.<\/p>\n\n<ul>\n \t<li style=\"\">Une auto-d\u00e9couverte approfondie<\/li>\n \t<li style=\"\">Une appr\u00e9ciation pour la diff\u00e9rence interpersonnelle<\/li>\n \t<li style=\"\">Des recommandations pour des interactions efficaces<\/li>\n<\/ul>\n<h2 style=\"text-align: center;\">B\u00e2tissez un meilleur environnement de travail (Workplace)<\/h2>\n<p style=\"text-align: center;\">D\u00e9couvrez comment Everything DiSC Workplace peut renforcer l'engagement et induire une collaboration plus efficace dans votre organisation. Everything DiSC Workplace par disc partners (c'est nous) et son r\u00e9seau de consultants, de formateurs et de coach.<\/p>\n\n<h2 style=\"text-align: center;\">Comment pouvons-nous vous aider ?<\/h2>","_et_gb_content_width":"","footnotes":""},"class_list":["post-30287","page","type-page","status-publish","hentry"],"_links":{"self":[{"href":"https:\/\/dev.disc-partners.com\/fr\/wp-json\/wp\/v2\/pages\/30287","targetHints":{"allow":["GET"]}}],"collection":[{"href":"https:\/\/dev.disc-partners.com\/fr\/wp-json\/wp\/v2\/pages"}],"about":[{"href":"https:\/\/dev.disc-partners.com\/fr\/wp-json\/wp\/v2\/types\/page"}],"author":[{"embeddable":true,"href":"https:\/\/dev.disc-partners.com\/fr\/wp-json\/wp\/v2\/users\/2"}],"replies":[{"embeddable":true,"href":"https:\/\/dev.disc-partners.com\/fr\/wp-json\/wp\/v2\/comments?post=30287"}],"version-history":[{"count":1,"href":"https:\/\/dev.disc-partners.com\/fr\/wp-json\/wp\/v2\/pages\/30287\/revisions"}],"predecessor-version":[{"id":59426,"href":"https:\/\/dev.disc-partners.com\/fr\/wp-json\/wp\/v2\/pages\/30287\/revisions\/59426"}],"up":[{"embeddable":true,"href":"https:\/\/dev.disc-partners.com\/fr\/wp-json\/wp\/v2\/pages\/58702"}],"wp:attachment":[{"href":"https:\/\/dev.disc-partners.com\/fr\/wp-json\/wp\/v2\/media?parent=30287"}],"curies":[{"name":"wp","href":"https:\/\/api.w.org\/{rel}","templated":true}]}}