{"id":30296,"date":"2021-01-09T13:10:57","date_gmt":"2021-01-09T11:10:57","guid":{"rendered":"https:\/\/dev.disc-partners.com\/?page_id=30296"},"modified":"2026-02-27T15:28:43","modified_gmt":"2026-02-27T13:28:43","slug":"management","status":"publish","type":"page","link":"https:\/\/dev.disc-partners.com\/fr\/decouvrir-everything-disc\/management\/","title":{"rendered":"Management"},"content":{"rendered":"\n<div class=\"et_d4_element et_pb_section et_pb_section_0  et_pb_css_mix_blend_mode et_section_regular et_block_section\" >\n\t\t\t\t\n\t\t\t\t\n\t\t\t\t\n\t\t\t\t\n\t\t\t\t\n\t\t\t\t\n\t\t\t\t<div class=\"et_d4_element et_pb_row et_pb_row_0  et_pb_css_mix_blend_mode et_block_row\">\n\t\t\t\t\t\t\t\t<div class=\"et_d4_element et_pb_column_4_4 et_pb_column et_pb_column_0  et_pb_css_mix_blend_mode et-last-child et_block_column\">\n\t\t\t\t\n\t\t\t\t\n\t\t\t\t\n\t\t\t\t\n\t\t\t\t<div class=\"et_pb_module et_d4_element et_pb_text et_pb_text_0  et_pb_text_align_left et_pb_bg_layout_light\">\n\t\t\t\t\n\t\t\t\t\n\t\t\t\t\n\t\t\t\t\n\t\t\t\t<div class=\"et_pb_text_inner\"><h1 style=\"text-align: center;\"><span><span>EV<\/span><span>ERYTHING D<span>i<\/span>SC<\/span><\/span><span><span><span>MANAGEMENT<\/span><\/span><sup><span>\u00ae<\/span><\/sup><\/span><\/h1><span style=\"width: 100%;\"><img decoding=\"async\" alt=\"\" width=\"46\" height=\"46\" title=\"ed-icons-disc\" data-id=\"24213\" src=\"https:\/\/dev.disc-partners.com\/wp-content\/uploads\/ed-icons-disc.png\" style=\"\" loading=\"lazy\" data-width=\"46\" data-height=\"46\" data-init-width=\"46\" data-init-height=\"46\"\/><\/span><h2 style=\"text-align: center;\">Vivre un atelier Everything DiSC Management<\/h2><h3 style=\"text-align: center;\">Aider le manager \u00e0 mieux mobiliser, motiver et d\u00e9velopper ses collaborateurs<\/h3><p style=\"text-align: center;\">Everything DiSC Management, dans un atelier de formation personnalis\u00e9e permet de renforcer l\u2019efficacit\u00e9 de tous ceux qui jouent un r\u00f4le manag\u00e9rial dans l\u2019organisation. Ce mod\u00e8le DiSC permet aux participants d\u2019approfondir leur compr\u00e9hension d\u2019eux-m\u00eames, de leurs subordonn\u00e9s directs et de leurs sup\u00e9rieur, tout en coprenant mieux la mani\u00e8re dont leur style de management influe sur leur prise de d\u00e9cision, leur gestion du temps et la r\u00e9solution de probl\u00e8mes. Les participants repartent avec des strat\u00e9gies concr\u00e8tes pour les aider \u00e0 s\u2019adapter aux profils et pr\u00e9f\u00e9rences de leurs subordonn\u00e9s directs, permettant \u00e0 tous les membres de l'\u00e9quipe sous sa responsabilit\u00e9 de donner le meilleur d\u2019eux-m\u00eames.<\/p><span style=\"width: 100%;\"><img decoding=\"async\" alt=\"\" width=\"46\" height=\"46\" title=\"ed-icons-disc\" data-id=\"24213\" src=\"https:\/\/dev.disc-partners.com\/wp-content\/uploads\/ed-icons-disc.png\" style=\"\" loading=\"lazy\" data-width=\"46\" data-height=\"46\" data-init-width=\"46\" data-init-height=\"46\"\/><\/span><blockquote style=\"text-align: center;\">\"Puissant dans sa simplicit\u00e9 et engageant dans la pratique, Everything DiSC approfondit nos conversations de coaching et accro\u00eet la prise de conscience des individus et des \u00e9quipes.\"<\/blockquote>&nbsp; &nbsp;<p style=\"text-align: center;\">Partenaire Autoris\u00e9<\/p><p style=\"\">Everything DiSC\u00ae Management aide le manager \u00e0 faire ressortir le meilleur de chaque collaborateur, et <strong>\u00e0 mieux g\u00e9rer ses \u00e9quipes<\/strong>. Il comprend mieux leurs forces et zones de vigilance, dans son approche quotidienne de l'\u00e9quipe.<\/p><p style=\"\">Voici ce que vous aurez :<\/p><ul><li style=\"\">D\u00e9couvrir votre style pr\u00e9f\u00e9r\u00e9 de management<\/li><li style=\"\">D\u00e9l\u00e9guer, diriger et motiver avec plus d'aisance<\/li><li style=\"\">Favoriser le d\u00e9veloppement \u00e0 long-terme<\/li><\/ul><h2 style=\"text-align: center;\">De grands managers au sein de votre organisation<\/h2><p style=\"text-align: center;\">D\u00e9couvrez comment Everything DiSC Management peut inciter vos managers \u00e0 faire ressortir le meilleur de chaque membre de leur \u00e9quipe. Everything DiSC Management est propos\u00e9 par disc partners et son r\u00e9seau de consultants, de formateurs et de coach.<\/p><h2 style=\"text-align: center;\">Comment pouvons-nous vous aider ?<\/h2><\/div>\n\t\t\t<\/div>\n\t\t\t<\/div>\t\t\t\n\t\t\t\t\n\t\t\t\t\n\t\t\t\t\n\t\t\t\t\n\t\t\t<\/div>\t\t\n\t\t\t\t\n\t\t\t\t\n\t\t\t<\/div>\n","protected":false},"excerpt":{"rendered":"","protected":false},"author":2,"featured_media":0,"parent":58702,"menu_order":2,"comment_status":"closed","ping_status":"closed","template":"","meta":{"_et_pb_use_builder":"on","_et_pb_old_content":"<h1 style=\"text-align: center;\"><span><span>EV<\/span><span>ERYTHING D<span>i<\/span>SC<\/span><\/span><span><span><span>MANAGEMENT<\/span><\/span><sup><span>\u00ae<\/span><\/sup><\/span><\/h1><span style=\"width: 100%;\"><img alt=\"\" width=\"46\" height=\"46\" title=\"ed-icons-disc\" data-id=\"24213\" src=\"https:\/\/dev.disc-partners.com\/wp-content\/uploads\/ed-icons-disc.png\" style=\"\" loading=\"lazy\" data-width=\"46\" data-height=\"46\" data-init-width=\"46\" data-init-height=\"46\"\/><\/span><h2 style=\"text-align: center;\">Vivre un atelier Everything DiSC Management<\/h2><h3 style=\"text-align: center;\">Aider le manager \u00e0 mieux mobiliser, motiver et d\u00e9velopper ses collaborateurs<\/h3><p style=\"text-align: center;\">Everything DiSC Management, dans un atelier de formation personnalis\u00e9e permet de renforcer l\u2019efficacit\u00e9 de tous ceux qui jouent un r\u00f4le manag\u00e9rial dans l\u2019organisation. Ce mod\u00e8le DiSC permet aux participants d\u2019approfondir leur compr\u00e9hension d\u2019eux-m\u00eames, de leurs subordonn\u00e9s directs et de leurs sup\u00e9rieur, tout en coprenant mieux la mani\u00e8re dont leur style de management influe sur leur prise de d\u00e9cision, leur gestion du temps et la r\u00e9solution de probl\u00e8mes. Les participants repartent avec des strat\u00e9gies concr\u00e8tes pour les aider \u00e0 s\u2019adapter aux profils et pr\u00e9f\u00e9rences de leurs subordonn\u00e9s directs, permettant \u00e0 tous les membres de l'\u00e9quipe sous sa responsabilit\u00e9 de donner le meilleur d\u2019eux-m\u00eames.<\/p><span style=\"width: 100%;\"><img alt=\"\" width=\"46\" height=\"46\" title=\"ed-icons-disc\" data-id=\"24213\" src=\"https:\/\/dev.disc-partners.com\/wp-content\/uploads\/ed-icons-disc.png\" style=\"\" loading=\"lazy\" data-width=\"46\" data-height=\"46\" data-init-width=\"46\" data-init-height=\"46\"\/><\/span><blockquote style=\"text-align: center;\">\"Puissant dans sa simplicit\u00e9 et engageant dans la pratique, Everything DiSC approfondit nos conversations de coaching et accro\u00eet la prise de conscience des individus et des \u00e9quipes.\"<\/blockquote>&nbsp; &nbsp;<p style=\"text-align: center;\">Partenaire Autoris\u00e9<\/p><p style=\"\">Everything DiSC\u00ae Management aide le manager \u00e0 faire ressortir le meilleur de chaque collaborateur, et <strong>\u00e0 mieux g\u00e9rer ses \u00e9quipes<\/strong>. Il comprend mieux leurs forces et zones de vigilance, dans son approche quotidienne de l'\u00e9quipe.<\/p><p style=\"\">Voici ce que vous aurez :<\/p><ul><li style=\"\">D\u00e9couvrir votre style pr\u00e9f\u00e9r\u00e9 de management<\/li><li style=\"\">D\u00e9l\u00e9guer, diriger et motiver avec plus d'aisance<\/li><li style=\"\">Favoriser le d\u00e9veloppement \u00e0 long-terme<\/li><\/ul><h2 style=\"text-align: center;\">De grands managers au sein de votre organisation<\/h2><p style=\"text-align: center;\">D\u00e9couvrez comment Everything DiSC Management peut inciter vos managers \u00e0 faire ressortir le meilleur de chaque membre de leur \u00e9quipe. Everything DiSC Management est propos\u00e9 par disc partners et son r\u00e9seau de consultants, de formateurs et de coach.<\/p><h2 style=\"text-align: center;\">Comment pouvons-nous vous aider ?<\/h2>","_et_gb_content_width":"","footnotes":""},"class_list":["post-30296","page","type-page","status-publish","hentry"],"_links":{"self":[{"href":"https:\/\/dev.disc-partners.com\/fr\/wp-json\/wp\/v2\/pages\/30296","targetHints":{"allow":["GET"]}}],"collection":[{"href":"https:\/\/dev.disc-partners.com\/fr\/wp-json\/wp\/v2\/pages"}],"about":[{"href":"https:\/\/dev.disc-partners.com\/fr\/wp-json\/wp\/v2\/types\/page"}],"author":[{"embeddable":true,"href":"https:\/\/dev.disc-partners.com\/fr\/wp-json\/wp\/v2\/users\/2"}],"replies":[{"embeddable":true,"href":"https:\/\/dev.disc-partners.com\/fr\/wp-json\/wp\/v2\/comments?post=30296"}],"version-history":[{"count":1,"href":"https:\/\/dev.disc-partners.com\/fr\/wp-json\/wp\/v2\/pages\/30296\/revisions"}],"predecessor-version":[{"id":59427,"href":"https:\/\/dev.disc-partners.com\/fr\/wp-json\/wp\/v2\/pages\/30296\/revisions\/59427"}],"up":[{"embeddable":true,"href":"https:\/\/dev.disc-partners.com\/fr\/wp-json\/wp\/v2\/pages\/58702"}],"wp:attachment":[{"href":"https:\/\/dev.disc-partners.com\/fr\/wp-json\/wp\/v2\/media?parent=30296"}],"curies":[{"name":"wp","href":"https:\/\/api.w.org\/{rel}","templated":true}]}}