{"id":30305,"date":"2021-01-09T14:17:02","date_gmt":"2021-01-09T12:17:02","guid":{"rendered":"https:\/\/dev.disc-partners.com\/?page_id=30305"},"modified":"2026-02-27T15:28:44","modified_gmt":"2026-02-27T13:28:44","slug":"agile-eq","status":"publish","type":"page","link":"https:\/\/dev.disc-partners.com\/fr\/decouvrir-everything-disc\/agile-eq\/","title":{"rendered":"Agile EQ\u2122"},"content":{"rendered":"\n<div class=\"et_d4_element et_pb_section et_pb_section_0  et_pb_css_mix_blend_mode et_section_regular et_block_section\" >\n\t\t\t\t\n\t\t\t\t\n\t\t\t\t\n\t\t\t\t\n\t\t\t\t\n\t\t\t\t\n\t\t\t\t<div class=\"et_d4_element et_pb_row et_pb_row_0  et_pb_css_mix_blend_mode et_block_row\">\n\t\t\t\t\t\t\t\t<div class=\"et_d4_element et_pb_column_4_4 et_pb_column et_pb_column_0  et_pb_css_mix_blend_mode et-last-child et_block_column\">\n\t\t\t\t\n\t\t\t\t\n\t\t\t\t\n\t\t\t\t\n\t\t\t\t<div class=\"et_pb_module et_d4_element et_pb_text et_pb_text_0  et_pb_text_align_left et_pb_bg_layout_light\">\n\t\t\t\t\n\t\t\t\t\n\t\t\t\t\n\t\t\t\t\n\t\t\t\t<div class=\"et_pb_text_inner\"><h1 style=\"text-align: center;\"><span><span>EV<\/span><span>ERYTHING D<span>i<\/span>SC<\/span><\/span><span><span><span>Agile EQ<\/span><\/span><sup><span>\u00ae<\/span><\/sup><\/span><\/h1><span style=\"width: 100%;\"><img decoding=\"async\" alt=\"\" width=\"46\" height=\"46\" title=\"ed-icons-disc\" data-id=\"24213\" src=\"https:\/\/dev.disc-partners.com\/wp-content\/uploads\/ed-icons-disc.png\" style=\"\" loading=\"lazy\" data-width=\"46\" data-height=\"46\" data-init-width=\"46\" data-init-height=\"46\"\/><\/span><h2 style=\"text-align: center;\">Vivre un atelier de formation Everything DiSC\u00ae Agile EQ<\/h2><h3 style=\"text-align: center;\">D\u00e9veloppez l'intelligence \u00e9motionnelle pour favoriser une culture agile.<\/h3><p style=\"text-align: center;\">Everything DiSC\u00ae Agile EQ\u2122 est une formation et une exp\u00e9rience d'apprentissage personnalis\u00e9e o\u00f9 le participant apprend \u00e0 lire les besoins \u00e9motionnels et interpersonnels d'une situation et \u00e0 y r\u00e9pondre en cons\u00e9quence. En combinant les connaissances personnalis\u00e9es de DiSC\u00ae avec un d\u00e9veloppement actif de l'intelligence \u00e9motionnelle, le participant d\u00e9couvre une approche agile des interactions au travail et apprend \u00e0 naviguer en dehors de sa zone de confort, ce qui lui permet de r\u00e9pondre aux exigences de toute situation. Au cours de cette formation d'une demi-journ\u00e9e, les participants d\u00e9couvriront leurs points forts en mati\u00e8re de QE, reconna\u00eetront leur potentiel de QE et s'engageront \u00e0 mettre en place des strat\u00e9gies personnalis\u00e9es pour d\u00e9velopper leur agilit\u00e9. Le r\u00e9sultat : une \u00e9quipe \u00e9motionnellement intelligente et capable de soutenir votre culture agile en plein essor.<\/p><span style=\"width: 100%;\"><img decoding=\"async\" alt=\"\" width=\"46\" height=\"46\" title=\"ed-icons-disc\" data-id=\"24213\" src=\"https:\/\/dev.disc-partners.com\/wp-content\/uploads\/ed-icons-disc.png\" style=\"\" loading=\"lazy\" data-width=\"46\" data-height=\"46\" data-init-width=\"46\" data-init-height=\"46\"\/><\/span><blockquote style=\"text-align: center;\">\"Il est difficile de rendre le QE actionnable et cela l'a rendu actionnable et les actions sont uniques au participant. L'objectif est d'\u00eatre plus agile avec EQ et je pense vraiment que le produit est bon dans l'ensemble\".<\/blockquote>&nbsp; &nbsp;<p style=\"text-align: center;\">Participant Beta<\/p><p style=\"\">Everything DiSC\u00ae Agile EQ\u2122 aide les individus \u00e0 d\u00e9couvrir leurs forces en mati\u00e8re de QE, \u00e0 reconna\u00eetre leur potentiel de QE et \u00e0 s'engager dans des strat\u00e9gies personnalis\u00e9es pour d\u00e9velopper leur agilit\u00e9. Gr\u00e2ce \u00e0 un accompagnement appropri\u00e9, ils franchissent une \u00e9tape suppl\u00e9mentaire.Voici ce que vous obtenez :<\/p><ul><li style=\"\">D\u00e9couverte des points forts en mati\u00e8re de QE<\/li><li style=\"\">Reconna\u00eetre le potentiel en mati\u00e8re de QE<\/li><li style=\"\">Strat\u00e9gies pour renforcer l'agilit\u00e9<\/li><\/ul><h2 style=\"text-align: center;\">Favorisez d\u00e8s maintenant une culture agile &amp; dynamique<\/h2><p style=\"text-align: center;\">D\u00e9couvrez comment Everything DiSC Agile EQ favorise une culture agile dynamique en d\u00e9veloppant l'intelligence \u00e9motionnelle.Everything DiSC Agile EQ est disponible aupr\u00e8s de disc partners et de notre r\u00e9seau de consultants, de formateurs et de coachs.<\/p><h2 style=\"text-align: center;\">Comment pouvons-nous vous aider ?<\/h2><\/div>\n\t\t\t<\/div>\n\t\t\t<\/div>\t\t\t\n\t\t\t\t\n\t\t\t\t\n\t\t\t\t\n\t\t\t\t\n\t\t\t<\/div>\t\t\n\t\t\t\t\n\t\t\t\t\n\t\t\t<\/div>\n","protected":false},"excerpt":{"rendered":"","protected":false},"author":2,"featured_media":0,"parent":58702,"menu_order":3,"comment_status":"closed","ping_status":"closed","template":"","meta":{"_et_pb_use_builder":"on","_et_pb_old_content":"<h1 style=\"text-align: center;\"><span><span>EV<\/span><span>ERYTHING D<span>i<\/span>SC<\/span><\/span><span><span><span>Agile EQ<\/span><\/span><sup><span>\u00ae<\/span><\/sup><\/span><\/h1><span style=\"width: 100%;\"><img alt=\"\" width=\"46\" height=\"46\" title=\"ed-icons-disc\" data-id=\"24213\" src=\"https:\/\/dev.disc-partners.com\/wp-content\/uploads\/ed-icons-disc.png\" style=\"\" loading=\"lazy\" data-width=\"46\" data-height=\"46\" data-init-width=\"46\" data-init-height=\"46\"\/><\/span><h2 style=\"text-align: center;\">Vivre un atelier de formation Everything DiSC\u00ae Agile EQ<\/h2><h3 style=\"text-align: center;\">D\u00e9veloppez l'intelligence \u00e9motionnelle pour favoriser une culture agile.<\/h3><p style=\"text-align: center;\">Everything DiSC\u00ae Agile EQ\u2122 est une formation et une exp\u00e9rience d'apprentissage personnalis\u00e9e o\u00f9 le participant apprend \u00e0 lire les besoins \u00e9motionnels et interpersonnels d'une situation et \u00e0 y r\u00e9pondre en cons\u00e9quence. En combinant les connaissances personnalis\u00e9es de DiSC\u00ae avec un d\u00e9veloppement actif de l'intelligence \u00e9motionnelle, le participant d\u00e9couvre une approche agile des interactions au travail et apprend \u00e0 naviguer en dehors de sa zone de confort, ce qui lui permet de r\u00e9pondre aux exigences de toute situation. Au cours de cette formation d'une demi-journ\u00e9e, les participants d\u00e9couvriront leurs points forts en mati\u00e8re de QE, reconna\u00eetront leur potentiel de QE et s'engageront \u00e0 mettre en place des strat\u00e9gies personnalis\u00e9es pour d\u00e9velopper leur agilit\u00e9. Le r\u00e9sultat : une \u00e9quipe \u00e9motionnellement intelligente et capable de soutenir votre culture agile en plein essor.<\/p><span style=\"width: 100%;\"><img alt=\"\" width=\"46\" height=\"46\" title=\"ed-icons-disc\" data-id=\"24213\" src=\"https:\/\/dev.disc-partners.com\/wp-content\/uploads\/ed-icons-disc.png\" style=\"\" loading=\"lazy\" data-width=\"46\" data-height=\"46\" data-init-width=\"46\" data-init-height=\"46\"\/><\/span><blockquote style=\"text-align: center;\">\"Il est difficile de rendre le QE actionnable et cela l'a rendu actionnable et les actions sont uniques au participant. L'objectif est d'\u00eatre plus agile avec EQ et je pense vraiment que le produit est bon dans l'ensemble\".<\/blockquote>&nbsp; &nbsp;<p style=\"text-align: center;\">Participant Beta<\/p><p style=\"\">Everything DiSC\u00ae Agile EQ\u2122 aide les individus \u00e0 d\u00e9couvrir leurs forces en mati\u00e8re de QE, \u00e0 reconna\u00eetre leur potentiel de QE et \u00e0 s'engager dans des strat\u00e9gies personnalis\u00e9es pour d\u00e9velopper leur agilit\u00e9. Gr\u00e2ce \u00e0 un accompagnement appropri\u00e9, ils franchissent une \u00e9tape suppl\u00e9mentaire.Voici ce que vous obtenez :<\/p><ul><li style=\"\">D\u00e9couverte des points forts en mati\u00e8re de QE<\/li><li style=\"\">Reconna\u00eetre le potentiel en mati\u00e8re de QE<\/li><li style=\"\">Strat\u00e9gies pour renforcer l'agilit\u00e9<\/li><\/ul><h2 style=\"text-align: center;\">Favorisez d\u00e8s maintenant une culture agile &amp; dynamique<\/h2><p style=\"text-align: center;\">D\u00e9couvrez comment Everything DiSC Agile EQ favorise une culture agile dynamique en d\u00e9veloppant l'intelligence \u00e9motionnelle.Everything DiSC Agile EQ est disponible aupr\u00e8s de disc partners et de notre r\u00e9seau de consultants, de formateurs et de coachs.<\/p><h2 style=\"text-align: center;\">Comment pouvons-nous vous aider ?<\/h2>","_et_gb_content_width":"","footnotes":""},"class_list":["post-30305","page","type-page","status-publish","hentry"],"_links":{"self":[{"href":"https:\/\/dev.disc-partners.com\/fr\/wp-json\/wp\/v2\/pages\/30305","targetHints":{"allow":["GET"]}}],"collection":[{"href":"https:\/\/dev.disc-partners.com\/fr\/wp-json\/wp\/v2\/pages"}],"about":[{"href":"https:\/\/dev.disc-partners.com\/fr\/wp-json\/wp\/v2\/types\/page"}],"author":[{"embeddable":true,"href":"https:\/\/dev.disc-partners.com\/fr\/wp-json\/wp\/v2\/users\/2"}],"replies":[{"embeddable":true,"href":"https:\/\/dev.disc-partners.com\/fr\/wp-json\/wp\/v2\/comments?post=30305"}],"version-history":[{"count":1,"href":"https:\/\/dev.disc-partners.com\/fr\/wp-json\/wp\/v2\/pages\/30305\/revisions"}],"predecessor-version":[{"id":59428,"href":"https:\/\/dev.disc-partners.com\/fr\/wp-json\/wp\/v2\/pages\/30305\/revisions\/59428"}],"up":[{"embeddable":true,"href":"https:\/\/dev.disc-partners.com\/fr\/wp-json\/wp\/v2\/pages\/58702"}],"wp:attachment":[{"href":"https:\/\/dev.disc-partners.com\/fr\/wp-json\/wp\/v2\/media?parent=30305"}],"curies":[{"name":"wp","href":"https:\/\/api.w.org\/{rel}","templated":true}]}}