{"id":4855,"date":"2015-06-15T12:55:00","date_gmt":"2015-06-15T10:55:00","guid":{"rendered":"https:\/\/dev.disc-partners.com\/fr\/contact-us\/"},"modified":"2026-02-27T15:28:04","modified_gmt":"2026-02-27T13:28:04","slug":"contact","status":"publish","type":"page","link":"https:\/\/dev.disc-partners.com\/fr\/contact\/","title":{"rendered":"Contact"},"content":{"rendered":"<h1 style=\"text-align: center;\"><strong>L'\u00e9quipe internationale de Disc Partners<\/strong><\/h1><span style=\"width: 100%;\"><\/span><p style=\"\">English - French - German - Dutch<\/p><p><strong><\/strong><strong>Michael van Eck<\/strong>learning partners intSi\u00e8ge social, Gen\u00e8ve , Suisse<\/p><p>T\u00e9l\u00e9phone: <a href=\"tel:+41225102515\" style=\"outline: none;\">+41 22 510 25 15<\/a>Email: <a href=\"mailto:mvaneck@learning-partners.com\" target=\"_blank\" style=\"outline: none;\" rel=\"noopener\">mvaneck@learning-partners.com<\/a><\/p><span style=\"width: 100%;\"><a href=\"https:\/\/www.linkedin.com\/in\/mvaneckdvt\" target=\"_blank\" rel=\"nofollow noopener\"><\/a><\/span><span style=\"width: 100%;\"><\/span><p style=\"\">English - French - Spanish<\/p><p><strong>Fanny Breda<\/strong>learning partners intSi\u00e8ge social, Gen\u00e8ve, Suisse<\/p><p>T\u00e9l\u00e9phone: <a href=\"tel:+41%2022%20510%2025%2018\" style=\"outline: none;\">+41 22 510 25 18<\/a>Email: <a href=\"mailto:fbreda@learning-partners.com\" target=\"_blank\" style=\"outline: none;\" rel=\"noopener\">fbreda@learning-partners.com<\/a><\/p><span style=\"width: 100%;\"><a href=\"https:\/\/www.linkedin.com\/in\/fannycoaching\" target=\"_blank\" rel=\"nofollow noopener\"><\/a><\/span><span style=\"width: 100%;\"><\/span><p style=\"\">English - Swiss German - German - French<\/p><p><strong>Reto Wambach<\/strong>learning partners int<\/p><p>&nbsp;Z\u00fcrich, Switzerland<\/p><p>T\u00e9l\u00e9phone: <a href=\"tel:+41%2044%20500%2028%2065\" style=\"outline: none;\">+41 44 500 28 65<\/a><\/p><span style=\"width: 100%;\"><a href=\"https:\/\/www.linkedin.com\/in\/retowambach\" target=\"_blank\" rel=\"nofollow noopener\"><\/a><\/span><span style=\"width: 100%;\"><\/span><p style=\"\">English - French<\/p><p><strong>Pierre-Henri Kromwel<\/strong>learning partners intParis, France<\/p><p>T\u00e9l\u00e9phone: <a href=\"tel:+33620425888\" style=\"outline: none;\">+33 620 42 58 88<\/a><\/p><span style=\"width: 100%;\"><a href=\"https:\/\/www.linkedin.com\/in\/pierre-henri-kromwel-4748b795\/\" target=\"_blank\" rel=\"nofollow noopener\"><\/a><\/span><span style=\"width: 100%;\"><\/span><p style=\"\">English - Dutch - French - German<\/p><p><strong><\/strong><strong><\/strong><strong>Dominique Van Hemelrijck<\/strong>learning partners intHaarlem, Netherlands<\/p><p>T\u00e9l\u00e9phone: <a href=\"tel:+41%2022%20510%2025%2018\" style=\"outline: none;\">+31 23 620 05 51<\/a><\/p><span style=\"width: 100%;\"><a href=\"https:\/\/www.linkedin.com\/in\/dominiquevanhemelrijck\" target=\"_blank\" rel=\"nofollow noopener\"><\/a><\/span>First nameLast nameEmail addressPhone NumberHow can we help you?Envoyez votre demande<p style=\"text-align: right;\"><strong>partenaires de disque - Learning Partners Int<\/strong>9b route du Lac1295 MiesSwitzerland<\/p><p><strong>Contactez-nous !<\/strong>&nbsp;<\/p><p>Contactez-nous maintenant pour toutes questions, demandes sp\u00e9cifiques sur nos cr\u00e9ations ou possibles partenariats.<\/p><p style=\"\"><strong>Lancez-nous un coup de fil !<\/strong><\/p><p>Disponible par t\u00e9l\u00e9phone du lundi au vendredi, de 9h \u00e0 17h.<\/p><p style=\"\">T\u00e9l\u00e9phone: &nbsp;+41 22 510 25 15 (Geneva) ,&nbsp;<\/p><p style=\"\">&nbsp; &nbsp; &nbsp; &nbsp; &nbsp; &nbsp; &nbsp; &nbsp; &nbsp; &nbsp; &nbsp; +41 44 500 28 65 (Zurich) ,<\/p><p style=\"\">&nbsp; &nbsp; &nbsp; &nbsp; &nbsp; &nbsp; &nbsp; &nbsp; &nbsp; &nbsp; &nbsp; +33 06 20 42 58 88 (Paris)<\/p><p style=\"\"><\/p><p style=\"\"><strong>Envoyez-nous un e-mail<\/strong><\/p><p style=\"\">Nous vous r\u00e9pondons g\u00e9n\u00e9ralement sous 48h max<\/p><p style=\"\">E-mail: <span style=\"color: var(--tcb-color-1);\">info@disc-partners.com<\/span><\/p><p style=\"\"><span style=\"color: var(--tcb-color-1);\">\u200b<\/span><\/p><p style=\"\"><strong><span>Retour et correspondances postales<\/span><\/strong><\/p><p style=\"\">9b route Suisse,<\/p><p style=\"\">VD1295 Mies,<\/p><p style=\"\">Switzerland<\/p><span style=\"width: 100%;\"><\/span><span style=\"width: 100%;\"><\/span><span style=\"width: 100%;\"><\/span>","protected":false},"excerpt":{"rendered":"","protected":false},"author":2,"featured_media":0,"parent":0,"menu_order":61,"comment_status":"closed","ping_status":"closed","template":"","meta":{"footnotes":""},"class_list":["post-4855","page","type-page","status-publish","hentry"],"_links":{"self":[{"href":"https:\/\/dev.disc-partners.com\/fr\/wp-json\/wp\/v2\/pages\/4855","targetHints":{"allow":["GET"]}}],"collection":[{"href":"https:\/\/dev.disc-partners.com\/fr\/wp-json\/wp\/v2\/pages"}],"about":[{"href":"https:\/\/dev.disc-partners.com\/fr\/wp-json\/wp\/v2\/types\/page"}],"author":[{"embeddable":true,"href":"https:\/\/dev.disc-partners.com\/fr\/wp-json\/wp\/v2\/users\/2"}],"replies":[{"embeddable":true,"href":"https:\/\/dev.disc-partners.com\/fr\/wp-json\/wp\/v2\/comments?post=4855"}],"version-history":[{"count":1,"href":"https:\/\/dev.disc-partners.com\/fr\/wp-json\/wp\/v2\/pages\/4855\/revisions"}],"predecessor-version":[{"id":59402,"href":"https:\/\/dev.disc-partners.com\/fr\/wp-json\/wp\/v2\/pages\/4855\/revisions\/59402"}],"wp:attachment":[{"href":"https:\/\/dev.disc-partners.com\/fr\/wp-json\/wp\/v2\/media?parent=4855"}],"curies":[{"name":"wp","href":"https:\/\/api.w.org\/{rel}","templated":true}]}}