{"id":54195,"date":"2022-03-24T11:57:09","date_gmt":"2022-03-24T09:57:09","guid":{"rendered":"https:\/\/dev.disc-partners.com\/?page_id=54195"},"modified":"2026-02-27T15:28:44","modified_gmt":"2026-02-27T13:28:44","slug":"livre-blanc-erosion-invisible-culture-entreprise","status":"publish","type":"page","link":"https:\/\/dev.disc-partners.com\/fr\/livre-blanc-erosion-invisible-culture-entreprise\/","title":{"rendered":"Livre blanc : L\u2019\u00e9rosion invisible de votre culture d\u2019entreprise"},"content":{"rendered":"\n<div class=\"et_pb_section_0 et_pb_section et_section_regular et_block_section\"><div class=\"et_pb_row_0 et_pb_row et_block_row\"><div class=\"et_pb_column_0 et_pb_column et_pb_column_3_5 et_block_column et_pb_css_mix_blend_mode_passthrough\"><div class=\"et_pb_text_0 et_pb_text et_pb_bg_layout_light et_pb_module et_block_module\"><div class=\"et_pb_text_inner\"><div class=\"thrv_wrapper thrv_text_element\">\n<h1>Pour am\u00e9liorer la culture d'entreprise, il faut commencer par s'attaquer \u00e0 cet obstacle universel<\/h1>\n<\/div>\n<div class=\"thrv_wrapper thrv_text_element\">\n<p>\u00c0 une \u00e9poque o\u00f9 la culture organisationnelle rev\u00eat plus d'importance et de signification que jamais, que pouvons-nous faire face aux comportements humains naturels qui menacent cette culture ? Mark Scullard, docteur en psychologie et directeur principal de l'innovation produit pour la division Workplace Learning Solutions de Wiley, a \u00e9tudi\u00e9 le comportement humain en milieu de travail et pense qu'il existe une cause fondamentale qui sape la culture organisationnelle : l'<strong>ins\u00e9curit\u00e9 individuelle<\/strong>.<\/p>\n<p>Dans un nouveau livre \u00e9lectronique intitul\u00e9 The Invisible Drain on Your Company's Culture, M. Scullard explique la propagation des comportements dysfonctionnels au travail par les doutes que chacun d'entre nous \u00e9prouve \u00e0 l'\u00e9gard de lui-m\u00eame, et propose une solution pour aider les organisations \u00e0 am\u00e9liorer leur culture. Ce document est traduit en fran\u00e7ais.<\/p>\n<\/div>\n<\/div><\/div><div class=\"et_pb_contact_form_0 et_pb_contact_form_container clearfix et_pb_module et_flex_module\" data-form_unique_num=\"0\" data-form_unique_id=\"a608713b-cd3a-4d11-a352-23c41725e937\" id=\"et_pb_contact_form_a608713b-cd3a-4d11-a352-23c41725e937\"><div class=\"et-pb-contact-message\"><\/div><div class=\"et_pb_contact\"><form class=\"et_pb_contact_form et_flex_module\" method=\"post\" action=\"https:\/\/dev.disc-partners.com\/fr\/wp-json\/wp\/v2\/pages\/54195\"><div class=\"et_pb_contact_field_0 et_pb_contact_field et_pb_module et_flex_module et_flex_column_12_24 et_flex_column_12_24_tablet et_flex_column_12_24_phone\" data-id=\"name\" data-type=\"input\"><label class=\"et_pb_contact_form_label\" for=\"et_pb_contact_0_name_0\">Votre nom<\/label><input type=\"text\" name=\"et_pb_contact_0_name_0\" id=\"et_pb_contact_0_name_0\" class=\"input\" data-required_mark=\"required\" data-field_type=\"input\" data-original_id=\"name\" placeholder=\"Votre nom\" title=\"\" value=\"\" \/><\/div><div class=\"et_pb_contact_field_1 et_pb_contact_field et_pb_module et_flex_module et_flex_column_12_24 et_flex_column_12_24_tablet et_flex_column_12_24_phone\" data-id=\"email\" data-type=\"email\"><label class=\"et_pb_contact_form_label\" for=\"et_pb_contact_0_email_1\">Adresse email<\/label><input type=\"text\" name=\"et_pb_contact_0_email_1\" id=\"et_pb_contact_0_email_1\" class=\"input\" data-required_mark=\"required\" data-field_type=\"email\" data-original_id=\"email\" placeholder=\"Adresse email\" title=\"\" value=\"\" \/><\/div><input type=\"hidden\" name=\"et_pb_contactform_submit_a608713b-cd3a-4d11-a352-23c41725e937\" value=\"et_contact_proccess\" \/><div class=\"et_contact_bottom_container\"><div class=\"et_pb_button_wrapper\"><button type=\"submit\" name=\"et_builder_submit_button\" class=\"et_pb_button et_pb_contact_submit\">TELECHARGER<\/button><\/div><\/div><input type=\"hidden\" id=\"_wpnonce-et-pb-contact-form-submitted-a608713b-cd3a-4d11-a352-23c41725e937\" name=\"_wpnonce-et-pb-contact-form-submitted-a608713b-cd3a-4d11-a352-23c41725e937\" value=\"e28d6a24ce\" \/><input type=\"hidden\" name=\"_wp_http_referer\" value=\"\/fr\/wp-json\/wp\/v2\/pages\/54195\" \/><\/form><\/div><\/div><\/div><div class=\"et_pb_column_1 et_pb_column et_pb_column_2_5 et-last-child et_block_column et_pb_css_mix_blend_mode_passthrough\"><div class=\"et_pb_image_0 et_pb_image et_pb_module et_block_module\"><span class=\"et_pb_image_wrap\"><img loading=\"lazy\" decoding=\"async\" src=\"https:\/\/dev.disc-partners.com\/wp-content\/uploads\/optimiser-performance-culture-Ebook.jpg\" width=\"320\" height=\"414\" srcset=\"https:\/\/dev.disc-partners.com\/wp-content\/uploads\/optimiser-performance-culture-Ebook.jpg 320w, https:\/\/dev.disc-partners.com\/wp-content\/uploads\/optimiser-performance-culture-Ebook-300x388.jpg 300w, https:\/\/dev.disc-partners.com\/wp-content\/uploads\/optimiser-performance-culture-Ebook-155x200.jpg 155w\" sizes=\"(max-width: 320px) 100vw, 320px\" class=\"wp-image-28260\" \/><\/span><\/div><\/div><\/div><\/div>\n","protected":false},"excerpt":{"rendered":"","protected":false},"author":2,"featured_media":0,"parent":0,"menu_order":81,"comment_status":"closed","ping_status":"closed","template":"","meta":{"footnotes":""},"class_list":["post-54195","page","type-page","status-publish","hentry"],"_links":{"self":[{"href":"https:\/\/dev.disc-partners.com\/fr\/wp-json\/wp\/v2\/pages\/54195","targetHints":{"allow":["GET"]}}],"collection":[{"href":"https:\/\/dev.disc-partners.com\/fr\/wp-json\/wp\/v2\/pages"}],"about":[{"href":"https:\/\/dev.disc-partners.com\/fr\/wp-json\/wp\/v2\/types\/page"}],"author":[{"embeddable":true,"href":"https:\/\/dev.disc-partners.com\/fr\/wp-json\/wp\/v2\/users\/2"}],"replies":[{"embeddable":true,"href":"https:\/\/dev.disc-partners.com\/fr\/wp-json\/wp\/v2\/comments?post=54195"}],"version-history":[{"count":1,"href":"https:\/\/dev.disc-partners.com\/fr\/wp-json\/wp\/v2\/pages\/54195\/revisions"}],"predecessor-version":[{"id":59436,"href":"https:\/\/dev.disc-partners.com\/fr\/wp-json\/wp\/v2\/pages\/54195\/revisions\/59436"}],"wp:attachment":[{"href":"https:\/\/dev.disc-partners.com\/fr\/wp-json\/wp\/v2\/media?parent=54195"}],"curies":[{"name":"wp","href":"https:\/\/api.w.org\/{rel}","templated":true}]}}