{"id":55509,"date":"2022-04-28T16:14:56","date_gmt":"2022-04-28T14:14:56","guid":{"rendered":"https:\/\/dev.disc-partners.com\/?page_id=55509"},"modified":"2026-02-27T15:28:44","modified_gmt":"2026-02-27T13:28:44","slug":"livre-blanc-sous-le-capot-confrontation-destructive","status":"publish","type":"page","link":"https:\/\/dev.disc-partners.com\/fr\/livre-blanc-sous-le-capot-confrontation-destructive\/","title":{"rendered":"Live blanc &#8211; Sous le capot : Le m\u00e9canisme secret qui engendre la confrontation d\u00e9structive"},"content":{"rendered":"\n<div class=\"et_pb_section_0 et_pb_section et_section_regular et_block_section\"><div class=\"et_pb_row_0 et_pb_row et_block_row\"><div class=\"et_pb_column_0 et_pb_column et_pb_column_3_5 et_block_column et_pb_css_mix_blend_mode_passthrough\"><div class=\"et_pb_text_0 et_pb_text et_pb_bg_layout_light et_pb_module et_block_module\"><div class=\"et_pb_text_inner\"><div class=\"thrv_wrapper thrv_text_element\">\n<h1 class=\"entry-title main_title\">Livre blanc - Sous le capot : le m\u00e9canisme invisible qui alimente les conflits destructeurs<\/h1>\n<div class=\"entry-content\">\n<h2>Sous le capot : le moteur secret qui alimente les conflits destructeurs<\/h2>\n<p>Le conflit est un \u00e9l\u00e9ment inconfortable, mais in\u00e9vitable, de tout lieu de travail. Mais nous ne r\u00e9alisons pas toujours l'ampleur des d\u00e9g\u00e2ts caus\u00e9s par les comportements toxiques qui l'accompagnent. Les conflits improductifs constituent un frein mesurable \u00e0 la productivit\u00e9, aux performances et aux r\u00e9sultats. Pourtant, le conflit - s'il est engag\u00e9 de mani\u00e8re productive - fait partie int\u00e9grante de la r\u00e9ussite.<\/p>\n<p>La lutte d'aujourd'hui peut conduire \u00e0 la perc\u00e9e de demain.<\/p>\n<p>Under the Hood expose le lien cach\u00e9 entre nos pens\u00e9es, nos \u00e9motions et nos comportements, et r\u00e9v\u00e8le le moteur secret qui alimente les conflits au travail. Cet eBook indique \u00e9galement une solution gr\u00e2ce \u00e0 une m\u00e9thodologie \u00e9prouv\u00e9e, fond\u00e9e sur la psychologie et valid\u00e9e sur le terrain par les partenaires agr\u00e9\u00e9s Everything DiSC\u00ae. Cette m\u00e9thode permet \u00e0 tout individu de remettre son moi conscient aux commandes et de s'engager de mani\u00e8re productive dans les conflits aussi d\u00e9sign\u00e9s confrontation. Ce livre blanc est traduit en fran\u00e7ais.<\/p>\n<\/div>\n<\/div>\n<div class=\"thrv_wrapper thrv_text_element\"><\/div>\n<\/div><\/div><div class=\"et_pb_contact_form_0 et_pb_contact_form_container clearfix et_pb_module et_flex_module\" data-form_unique_num=\"0\" data-form_unique_id=\"a608713b-cd3a-4d11-a352-23c41725e937\" id=\"et_pb_contact_form_a608713b-cd3a-4d11-a352-23c41725e937\"><div class=\"et-pb-contact-message\"><\/div><div class=\"et_pb_contact\"><form class=\"et_pb_contact_form et_flex_module\" method=\"post\" action=\"https:\/\/dev.disc-partners.com\/fr\/wp-json\/wp\/v2\/pages\/55509\"><div class=\"et_pb_contact_field_0 et_pb_contact_field et_pb_module et_flex_module et_flex_column_12_24 et_flex_column_12_24_tablet et_flex_column_12_24_phone\" data-id=\"name\" data-type=\"input\"><label class=\"et_pb_contact_form_label\" for=\"et_pb_contact_0_name_0\">Votre nom<\/label><input type=\"text\" name=\"et_pb_contact_0_name_0\" id=\"et_pb_contact_0_name_0\" class=\"input\" data-required_mark=\"required\" data-field_type=\"input\" data-original_id=\"name\" placeholder=\"Votre nom\" title=\"\" value=\"\" \/><\/div><div class=\"et_pb_contact_field_1 et_pb_contact_field et_pb_module et_flex_module et_flex_column_12_24 et_flex_column_12_24_tablet et_flex_column_12_24_phone\" data-id=\"email\" data-type=\"email\"><label class=\"et_pb_contact_form_label\" for=\"et_pb_contact_0_email_1\">Adresse email<\/label><input type=\"text\" name=\"et_pb_contact_0_email_1\" id=\"et_pb_contact_0_email_1\" class=\"input\" data-required_mark=\"required\" data-field_type=\"email\" data-original_id=\"email\" placeholder=\"Adresse email\" title=\"\" value=\"\" \/><\/div><input type=\"hidden\" name=\"et_pb_contactform_submit_a608713b-cd3a-4d11-a352-23c41725e937\" value=\"et_contact_proccess\" \/><div class=\"et_contact_bottom_container\"><div class=\"et_pb_button_wrapper\"><button type=\"submit\" name=\"et_builder_submit_button\" class=\"et_pb_button et_pb_contact_submit\">TELECHARGER<\/button><\/div><\/div><input type=\"hidden\" id=\"_wpnonce-et-pb-contact-form-submitted-a608713b-cd3a-4d11-a352-23c41725e937\" name=\"_wpnonce-et-pb-contact-form-submitted-a608713b-cd3a-4d11-a352-23c41725e937\" value=\"e28d6a24ce\" \/><input type=\"hidden\" name=\"_wp_http_referer\" value=\"\/fr\/wp-json\/wp\/v2\/pages\/55509\" \/><\/form><\/div><\/div><\/div><div class=\"et_pb_column_1 et_pb_column et_pb_column_2_5 et-last-child et_block_column et_pb_css_mix_blend_mode_passthrough\"><div class=\"et_pb_image_0 et_pb_image et_pb_module et_block_module\"><span class=\"et_pb_image_wrap\"><img loading=\"lazy\" decoding=\"async\" src=\"https:\/\/dev.disc-partners.com\/wp-content\/uploads\/Everything-DiSC-Confrontation-Destructive-Ebook.png\" width=\"320\" height=\"414\" srcset=\"https:\/\/dev.disc-partners.com\/wp-content\/uploads\/Everything-DiSC-Confrontation-Destructive-Ebook.png 320w, https:\/\/dev.disc-partners.com\/wp-content\/uploads\/Everything-DiSC-Confrontation-Destructive-Ebook-300x388.png 300w, https:\/\/dev.disc-partners.com\/wp-content\/uploads\/Everything-DiSC-Confrontation-Destructive-Ebook-155x200.png 155w\" sizes=\"(max-width: 320px) 100vw, 320px\" class=\"wp-image-28293\" \/><\/span><\/div><\/div><\/div><\/div>\n","protected":false},"excerpt":{"rendered":"","protected":false},"author":2,"featured_media":0,"parent":0,"menu_order":82,"comment_status":"closed","ping_status":"closed","template":"","meta":{"footnotes":""},"class_list":["post-55509","page","type-page","status-publish","hentry"],"_links":{"self":[{"href":"https:\/\/dev.disc-partners.com\/fr\/wp-json\/wp\/v2\/pages\/55509","targetHints":{"allow":["GET"]}}],"collection":[{"href":"https:\/\/dev.disc-partners.com\/fr\/wp-json\/wp\/v2\/pages"}],"about":[{"href":"https:\/\/dev.disc-partners.com\/fr\/wp-json\/wp\/v2\/types\/page"}],"author":[{"embeddable":true,"href":"https:\/\/dev.disc-partners.com\/fr\/wp-json\/wp\/v2\/users\/2"}],"replies":[{"embeddable":true,"href":"https:\/\/dev.disc-partners.com\/fr\/wp-json\/wp\/v2\/comments?post=55509"}],"version-history":[{"count":1,"href":"https:\/\/dev.disc-partners.com\/fr\/wp-json\/wp\/v2\/pages\/55509\/revisions"}],"predecessor-version":[{"id":59438,"href":"https:\/\/dev.disc-partners.com\/fr\/wp-json\/wp\/v2\/pages\/55509\/revisions\/59438"}],"wp:attachment":[{"href":"https:\/\/dev.disc-partners.com\/fr\/wp-json\/wp\/v2\/media?parent=55509"}],"curies":[{"name":"wp","href":"https:\/\/api.w.org\/{rel}","templated":true}]}}