{"id":58187,"date":"2023-12-07T18:33:25","date_gmt":"2023-12-07T16:33:25","guid":{"rendered":"https:\/\/dev.disc-partners.com\/?page_id=58187"},"modified":"2026-02-27T15:28:45","modified_gmt":"2026-02-27T13:28:45","slug":"disc-pour-mon-equipe","status":"publish","type":"page","link":"https:\/\/dev.disc-partners.com\/fr\/disc-pour-mon-equipe\/","title":{"rendered":"DISC pour mon \u00e9quipe"},"content":{"rendered":"\n<div class=\"et_pb_section_0 et_pb_section et_section_regular et_block_section\"><div class=\"et_pb_row_0 et_pb_row et_block_row\"><div class=\"et_pb_column_0 et_pb_column et_pb_column_4_4 et-last-child et_block_column et_pb_css_mix_blend_mode_passthrough\"><div class=\"et_pb_text_0 et_pb_text et_pb_bg_layout_light et_pb_module et_block_module et_pb_text_align_center\"><div class=\"et_pb_text_inner\"><h1><strong><span style=\"color: #ffffff;\">DISC POUR MON<\/span> <span style=\"color: #18a1d8;\">\u00c9QUIPE<\/span><\/strong><\/h1>\n<\/div><\/div><div class=\"et_pb_text_1 et_pb_text et_pb_bg_layout_light et_pb_module et_block_module\"><div class=\"et_pb_text_inner\"><p style=\"text-align: center;\"><span style=\"color: #ffffff;\">Outil DISC \u00e0 disposition des managers pour une meilleure compr\u00e9hension de leur \u00e9quipe. <br \/><\/span><span style=\"color: #ffffff;\">Gestion des conflits, personnalit\u00e9s des collaborateurs. <br \/>Des outils pour comprendre le temp\u00e9rament de chacun<\/span><\/p>\n<\/div><\/div><\/div><\/div><div class=\"et_pb_row_1 et_pb_row et_block_row\"><div class=\"et_pb_column_1 et_pb_column et_pb_column_1_2 et_block_column et_pb_css_mix_blend_mode_passthrough\"><div class=\"et_pb_module et_pb_button_module_wrapper et_pb_button_0_wrapper\"><a class=\"et_pb_button_0 et_pb_button et_pb_bg_layout_light et_pb_module et_block_module\" href=\"\">CONTACT<\/a><\/div><\/div><div class=\"et_pb_column_2 et_pb_column et_pb_column_1_2 et-last-child et_block_column et_pb_css_mix_blend_mode_passthrough\"><div class=\"et_pb_module et_pb_button_module_wrapper et_pb_button_1_wrapper\"><a class=\"et_pb_button_1 et_pb_button et_pb_bg_layout_light et_pb_module et_block_module\" href=\"https:\/\/dev.disc-partners.com\/fr\/produits-disc\/boutique\" target=\"_blank\">BOUTIQUE EN LIGNE<\/a><\/div><\/div><\/div><\/div><div class=\"et_pb_section_1 et_pb_section et_section_regular et_block_section\"><div class=\"et_pb_row_2 et_pb_row et_block_row\"><div class=\"et_pb_column_3 et_pb_column et_pb_column_4_4 et-last-child et_block_column et_pb_css_mix_blend_mode_passthrough\"><div class=\"et_pb_image_0 et_pb_image et_pb_module et_block_module\"><span class=\"et_pb_image_wrap\"><img loading=\"lazy\" decoding=\"async\" src=\"https:\/\/dev.disc-partners.com\/wp-content\/uploads\/ed-icons-disc.png\" width=\"46\" height=\"46\" srcset=\"https:\/\/dev.disc-partners.com\/wp-content\/uploads\/ed-icons-disc.png 46w\" sizes=\"(max-width: 46px) 100vw, 46px\" class=\"wp-image-24213\" title=\"ed icons disc\" alt=\"ed icons disc\" \/><\/span><\/div><div class=\"et_pb_text_2 et_pb_text et_pb_bg_layout_light et_pb_module et_block_module\"><div class=\"et_pb_text_inner\"><h2 style=\"text-align: center;\"><strong>LIB\u00c9REZ LE POTENTIEL DE VOTRE \u00c9QUIPE<\/strong><\/h2>\n<\/div><\/div><div class=\"et_pb_text_3 et_pb_text et_pb_bg_layout_light et_pb_module et_block_module et_pb_text_align_center\"><div class=\"et_pb_text_inner\"><p style=\"text-align: justify;\">Dans le fonctionnement d\u2019une \u00e9quipe, la gestion des temp\u00e9raments de chaque collaborateur et leur compl\u00e9mentarit\u00e9 est une alchimie qui n\u2019est pas toujours simple \u00e0 trouver. Les tests de personnalit\u00e9 DiSC sont con\u00e7us pour vous aider \u00e0 mieux vous comprendre, et \u00e0 mieux comprendre les autres.\u00a0Ces outils vous aident \u00e0 am\u00e9liorer vos relations de travail, renforcer vos comp\u00e9tences manag\u00e9riales ou r\u00e9soudre vos conflits avec un nouvel \u00e9tat d\u2019esprit.<\/p>\n<p style=\"text-align: justify;\">\n<p style=\"text-align: justify;\">Everything DiSC existe en plusieurs applications sp\u00e9cifiques au contexte du dirigeant\u00a0: du manager de proximit\u00e9, du membre d\u2019une \u00e9quipe, ou du vendeur.<\/p>\n<\/div><\/div><\/div><\/div><\/div><div class=\"et_pb_section_2 et_pb_section et_section_regular et_block_section\"><div class=\"et_pb_row_3 et_pb_row et_block_row\"><div class=\"et_pb_column_4 et_pb_column et_pb_column_4_4 et-last-child et_block_column et_pb_css_mix_blend_mode_passthrough\"><div class=\"et_pb_text_4 et_pb_text et_pb_bg_layout_light et_pb_module et_block_module\"><div class=\"et_pb_text_inner\"><h2><strong>Quel DISC choisir\u00a0? <br \/>Quel usage\u00a0s\u2019adapte le mieux \u00e0 ma situation manag\u00e9riale ?<\/strong><\/h2>\n<\/div><\/div><div class=\"et_pb_divider_0 et_pb_divider et_pb_space et_pb_divider_position_top et_pb_module\"><div class=\"et_pb_divider_internal\"><\/div><\/div><div class=\"et_pb_text_5 et_pb_text et_pb_bg_layout_light et_pb_module et_block_module\"><div class=\"et_pb_text_inner\"><h3 style=\"text-align: center;\">S\u00e9lectionnez l\u2019application EVERYTHING DISC qui correspond au besoin de votre \u00e9quipe\u00a0:\u00a0<\/h3>\n<\/div><\/div><div class=\"et_pb_text_6 et_pb_text et_pb_bg_layout_light et_pb_module et_block_module et_pb_text_align_center\"><div class=\"et_pb_text_inner\"><p>Chaque application sp\u00e9cifique Everything DiSC est con\u00e7ue pour aider le participant \u00e0 mieux se comprendre et \u00e0 mieux comprendre les autres.\u00a0Qu\u2019il s\u2019agisse d\u2019am\u00e9liorer les relations au travail, de renforcer les comp\u00e9tences manag\u00e9riales ou de r\u00e9soudre un conflit Everything DiSC permet de comprendre et propose des strat\u00e9gies pour r\u00e9pondre \u00e0 chaque besoin.<\/p>\n<p>Vos \u00e9quipes et collaborateurs auront un nouvel \u00e9tat d\u2019esprit et vous mesurez plus facilement l\u2019impact du leadership.\u00a0<\/p>\n<\/div><\/div><\/div><\/div><div class=\"et_pb_row_4 et_pb_row et_pb_equal_columns et_pb_gutters2 et_block_row\"><div class=\"et_pb_column_5 et_pb_column et_pb_column_1_3 et_block_column et_pb_css_mix_blend_mode_passthrough et_animated\"><div class=\"et_pb_text_7 et_pb_text et_pb_bg_layout_light et_pb_module et_block_module\"><div class=\"et_pb_text_inner\"><h3 class=\"\" data-css=\"tve-u-176e3183a18\" style=\"text-align: center;\">Workplace<\/h3>\n<\/div><\/div><div class=\"et_pb_image_1 et_pb_image et_pb_module et_block_module\"><span class=\"et_pb_image_wrap\"><img loading=\"lazy\" decoding=\"async\" src=\"https:\/\/dev.disc-partners.com\/wp-content\/uploads\/ed-icons-workplace.png\" width=\"181\" height=\"182\" srcset=\"https:\/\/dev.disc-partners.com\/wp-content\/uploads\/ed-icons-workplace.png 181w, https:\/\/dev.disc-partners.com\/wp-content\/uploads\/ed-icons-workplace-100x100.png 100w, https:\/\/dev.disc-partners.com\/wp-content\/uploads\/ed-icons-workplace-150x150.png 150w\" sizes=\"(max-width: 181px) 100vw, 181px\" class=\"wp-image-24324\" title=\"ed-icons-workplace\" \/><\/span><\/div><div class=\"et_pb_text_8 et_pb_text et_pb_bg_layout_light et_pb_module et_block_module\"><div class=\"et_pb_text_inner\"><p style=\"text-align: center;\">Incitez chaque individu \u00e0 construire des relations plus efficaces au travail<\/p>\n<\/div><\/div><div class=\"et_pb_text_9 et_pb_text et_pb_bg_layout_light et_pb_module et_block_module\"><div class=\"et_pb_text_inner\"><p style=\"text-align: center;\"><strong>Au programme<\/strong><\/p>\n<ul>\n<li>D\u00e9couverte de soi en profondeur<\/li>\n<li>Appr\u00e9cier les diff\u00e9rences de styles de travail<\/li>\n<li>Strat\u00e9gies pour des interactions efficaces<\/li>\n<\/ul>\n<\/div><\/div><div class=\"et_pb_module et_pb_button_module_wrapper et_pb_button_2_wrapper\"><a class=\"et_pb_button_2 et_pb_button et_pb_bg_layout_light et_pb_module et_block_module\" href=\"https:\/\/dev.disc-partners.com\/fr\/decouvrir-everything-disc\/workplace\/\">EN SAVOIR PLUS<\/a><\/div><\/div><div class=\"et_pb_column_6 et_pb_column et_pb_column_1_3 et_block_column et_pb_css_mix_blend_mode_passthrough et_animated\"><div class=\"et_pb_text_10 et_pb_text et_pb_bg_layout_light et_pb_module et_block_module\"><div class=\"et_pb_text_inner\"><h3 class=\"\" data-css=\"tve-u-176e3183a18\" style=\"text-align: center;\">Management<\/h3>\n<\/div><\/div><div class=\"et_pb_image_2 et_pb_image et_pb_module et_block_module\"><span class=\"et_pb_image_wrap\"><img loading=\"lazy\" decoding=\"async\" src=\"https:\/\/dev.disc-partners.com\/wp-content\/uploads\/ed-icons-management.png\" width=\"181\" height=\"182\" srcset=\"https:\/\/dev.disc-partners.com\/wp-content\/uploads\/ed-icons-management.png 181w, https:\/\/dev.disc-partners.com\/wp-content\/uploads\/ed-icons-management-100x100.png 100w, https:\/\/dev.disc-partners.com\/wp-content\/uploads\/ed-icons-management-150x150.png 150w\" sizes=\"(max-width: 181px) 100vw, 181px\" class=\"wp-image-24328\" title=\"ed-icons-management\" \/><\/span><\/div><div class=\"et_pb_text_11 et_pb_text et_pb_bg_layout_light et_pb_module et_block_module\"><div class=\"et_pb_text_inner\"><p style=\"text-align: center;\">Aide le manager \u00e0 mieux impliquer, motiver, d\u00e9velopper le potentiel des collaborateurs<\/p>\n<\/div><\/div><div class=\"et_pb_text_12 et_pb_text et_pb_bg_layout_light et_pb_module et_block_module\"><div class=\"et_pb_text_inner\"><div class=\"thrv_wrapper thrv_text_element\" data-css=\"tve-u-176e31839ac\">\n<p data-css=\"tve-u-176e32cedd0\" style=\"text-align: center;\"><strong>Au programme<\/strong><\/p>\n<\/div>\n<div class=\"thrv_wrapper thrv_text_element three_more\" data-css=\"tve-u-176e31839c2\">\n<ul class=\"\">\n<li data-css=\"tve-u-176e3183a2c\">Mon style pr\u00e9f\u00e9r\u00e9 de management\u00a0<\/li>\n<li data-css=\"tve-u-176e3183a2c\">Mieux diriger, d\u00e9l\u00e9guer &amp; motiver<\/li>\n<li data-css=\"tve-u-176e3183a2c\">Strat\u00e9gies de d\u00e9veloppement long terme<\/li>\n<\/ul>\n<\/div>\n<\/div><\/div><div class=\"et_pb_module et_pb_button_module_wrapper et_pb_button_3_wrapper\"><a class=\"et_pb_button_3 et_pb_button et_pb_bg_layout_light et_pb_module et_block_module\" href=\"https:\/\/dev.disc-partners.com\/fr\/decouvrir-everything-disc\/management\/\">EN SAVOIR PLUS<\/a><\/div><\/div><div class=\"et_pb_column_7 et_pb_column et_pb_column_1_3 et-last-child et_block_column et_pb_css_mix_blend_mode_passthrough et_animated\"><div class=\"et_pb_text_13 et_pb_text et_pb_bg_layout_light et_pb_module et_block_module\"><div class=\"et_pb_text_inner\"><h3 class=\"\" data-css=\"tve-u-176e3183a18\" style=\"text-align: center;\">Productive conflict<\/h3>\n<\/div><\/div><div class=\"et_pb_image_3 et_pb_image et_pb_module et_block_module\"><span class=\"et_pb_image_wrap\"><img loading=\"lazy\" decoding=\"async\" src=\"https:\/\/dev.disc-partners.com\/wp-content\/uploads\/ed-icons-productiveconflict.png\" width=\"181\" height=\"182\" srcset=\"https:\/\/dev.disc-partners.com\/wp-content\/uploads\/ed-icons-productiveconflict.png 181w, https:\/\/dev.disc-partners.com\/wp-content\/uploads\/ed-icons-productiveconflict-100x100.png 100w, https:\/\/dev.disc-partners.com\/wp-content\/uploads\/ed-icons-productiveconflict-150x150.png 150w\" sizes=\"(max-width: 181px) 100vw, 181px\" class=\"wp-image-24339\" title=\"ed-icons-productiveconflict\" \/><\/span><\/div><div class=\"et_pb_text_14 et_pb_text et_pb_bg_layout_light et_pb_module et_block_module\"><div class=\"et_pb_text_inner\"><p style=\"text-align: center;\">Gestion du conflit : d\u2019un comportement destructif \u00e0 des r\u00e9ponses constructives<\/p>\n<\/div><\/div><div class=\"et_pb_text_15 et_pb_text et_pb_bg_layout_light et_pb_module et_block_module\"><div class=\"et_pb_text_inner\"><div class=\"thrv_wrapper thrv_text_element\" data-css=\"tve-u-176e31839ac\">\n<p data-css=\"tve-u-176e32cedd0\" style=\"text-align: center;\"><strong>Au programme<\/strong><\/p>\n<\/div>\n<div class=\"thrv_wrapper thrv_text_element three_more\" data-css=\"tve-u-176e31839c2\">\n<ul class=\"\">\n<li data-css=\"tve-u-176afc2341e\"><span data-css=\"tve-u-16d583f33b3\">Mes r\u00e9actions face au conflit<\/span><\/li>\n<li data-css=\"tve-u-176afc2526b\"><span data-css=\"tve-u-16d583f33b6\">L'impact sur les autres\u00a0\u00a0<\/span><\/li>\n<li data-css=\"tve-u-176afc26fdf\"><span data-css=\"tve-u-16d583f33b9\">Passer d'une r\u00e9action destructive \u00e0 constructive\u00a0\n<p><\/span><\/li>\n<\/ul>\n<\/div>\n<\/div><\/div><div class=\"et_pb_module et_pb_button_module_wrapper et_pb_button_4_wrapper\"><a class=\"et_pb_button_4 et_pb_button et_pb_bg_layout_light et_pb_module et_block_module\" href=\"https:\/\/dev.disc-partners.com\/fr\/decouvrir-everything-disc\/productive-conflict\/\">EN SAVOIR PLUS<\/a><\/div><\/div><\/div><\/div><div class=\"et_pb_section_3 et_pb_section et_section_regular et_block_section\"><div class=\"et_pb_row_5 et_pb_row et_block_row\"><div class=\"et_pb_column_8 et_pb_column et_pb_column_4_4 et-last-child et_block_column et_pb_css_mix_blend_mode_passthrough\"><div class=\"et_pb_text_16 et_pb_text et_pb_bg_layout_light et_pb_module et_block_module et_pb_text_align_center\"><div class=\"et_pb_text_inner\"><p>COMMENT POUVONS-NOUS VOUS AIDER ?\u00a0<\/p>\n<\/div><\/div><\/div><\/div><div class=\"et_pb_row_6 et_pb_row et_block_row\"><div class=\"et_pb_column_9 et_pb_column et_pb_column_1_3 et_block_column et_pb_css_mix_blend_mode_passthrough\"><div class=\"et_pb_module et_pb_button_module_wrapper et_pb_button_5_wrapper\"><a class=\"et_pb_button_5 et_pb_button et_pb_bg_layout_light et_pb_module et_block_module\" href=\"https:\/\/dev.disc-partners.com\/fr\/disc-pour-mon-entreprise\/\">DISC POUR ENTREPRISE<\/a><\/div><\/div><div class=\"et_pb_column_10 et_pb_column et_pb_column_1_3 et_block_column et_pb_css_mix_blend_mode_passthrough\"><div class=\"et_pb_module et_pb_button_module_wrapper et_pb_button_6_wrapper\"><a class=\"et_pb_button_6 et_pb_button et_pb_bg_layout_light et_pb_module et_block_module contact-form-certification\" href=\"https:\/\/dev.disc-partners.com\/fr\/certification-disc\/\">CERTIFICATION DISC<\/a><\/div><\/div><div class=\"et_pb_column_11 et_pb_column et_pb_column_1_3 et-last-child et_block_column et_pb_css_mix_blend_mode_passthrough\"><div class=\"et_pb_module et_pb_button_module_wrapper et_pb_button_7_wrapper\"><a class=\"et_pb_button_7 et_pb_button et_pb_bg_layout_light et_pb_module et_block_module contact-form\" href=\"\">CONTACT<\/a><\/div><\/div><\/div><\/div>\n","protected":false},"excerpt":{"rendered":"","protected":false},"author":2,"featured_media":0,"parent":0,"menu_order":20,"comment_status":"closed","ping_status":"closed","template":"","meta":{"footnotes":""},"class_list":["post-58187","page","type-page","status-publish","hentry"],"_links":{"self":[{"href":"https:\/\/dev.disc-partners.com\/fr\/wp-json\/wp\/v2\/pages\/58187","targetHints":{"allow":["GET"]}}],"collection":[{"href":"https:\/\/dev.disc-partners.com\/fr\/wp-json\/wp\/v2\/pages"}],"about":[{"href":"https:\/\/dev.disc-partners.com\/fr\/wp-json\/wp\/v2\/types\/page"}],"author":[{"embeddable":true,"href":"https:\/\/dev.disc-partners.com\/fr\/wp-json\/wp\/v2\/users\/2"}],"replies":[{"embeddable":true,"href":"https:\/\/dev.disc-partners.com\/fr\/wp-json\/wp\/v2\/comments?post=58187"}],"version-history":[{"count":1,"href":"https:\/\/dev.disc-partners.com\/fr\/wp-json\/wp\/v2\/pages\/58187\/revisions"}],"predecessor-version":[{"id":59442,"href":"https:\/\/dev.disc-partners.com\/fr\/wp-json\/wp\/v2\/pages\/58187\/revisions\/59442"}],"wp:attachment":[{"href":"https:\/\/dev.disc-partners.com\/fr\/wp-json\/wp\/v2\/media?parent=58187"}],"curies":[{"name":"wp","href":"https:\/\/api.w.org\/{rel}","templated":true}]}}