{"id":58197,"date":"2023-12-07T18:14:00","date_gmt":"2023-12-07T16:14:00","guid":{"rendered":"https:\/\/dev.disc-partners.com\/?page_id=58197"},"modified":"2026-02-27T15:28:45","modified_gmt":"2026-02-27T13:28:45","slug":"disc-pour-mon-entreprise","status":"publish","type":"page","link":"https:\/\/dev.disc-partners.com\/fr\/disc-pour-mon-entreprise\/","title":{"rendered":"DISC pour mon entreprise"},"content":{"rendered":"\n<div class=\"et_pb_section_0 et_pb_section et_section_regular et_block_section\"><div class=\"et_pb_row_0 et_pb_row et_block_row\"><div class=\"et_pb_column_0 et_pb_column et_pb_column_4_4 et-last-child et_block_column et_pb_css_mix_blend_mode_passthrough\"><div class=\"et_pb_text_0 et_pb_text et_pb_bg_layout_light et_pb_module et_block_module et_pb_text_align_center\"><div class=\"et_pb_text_inner\"><h1><strong><span style=\"color: #ffffff;\">DISC POUR MON<\/span> <span style=\"color: #18a1d8;\">ENTREPRISE<\/span><\/strong><\/h1>\n<\/div><\/div><div class=\"et_pb_text_1 et_pb_text et_pb_bg_layout_light et_pb_module et_block_module\"><div class=\"et_pb_text_inner\"><p style=\"text-align: center;\"><span style=\"color: #ffffff;\">Outils DISC particuli\u00e8rement adapt\u00e9 aux multinationales, aux RH et aux consultants, permettant \u00e0 tous les acteurs du monde du travail de mieux se comprendre. Comp\u00e9tences en mati\u00e8re de relations interpersonnelles, pr\u00e9f\u00e9rences comportementales de vos collaborateurs, managers, dirigeants. Des outils pour comprendre les comportements individuels<\/span><\/p>\n<\/div><\/div><\/div><\/div><div class=\"et_pb_row_1 et_pb_row et_block_row\"><div class=\"et_pb_column_1 et_pb_column et_pb_column_1_2 et_block_column et_pb_css_mix_blend_mode_passthrough\"><div class=\"et_pb_module et_pb_button_module_wrapper et_pb_button_0_wrapper\"><a class=\"et_pb_button_0 et_pb_button et_pb_bg_layout_light et_pb_module et_block_module\" href=\"\">CONTACT<\/a><\/div><\/div><div class=\"et_pb_column_2 et_pb_column et_pb_column_1_2 et-last-child et_block_column et_pb_css_mix_blend_mode_passthrough\"><div class=\"et_pb_module et_pb_button_module_wrapper et_pb_button_1_wrapper\"><a class=\"et_pb_button_1 et_pb_button et_pb_bg_layout_light et_pb_module et_block_module\" href=\"https:\/\/dev.disc-partners.com\/fr\/produits-disc\/boutique\" target=\"_blank\">BOUTIQUE EN LIGNE<\/a><\/div><\/div><\/div><\/div><div class=\"et_pb_section_1 et_pb_section et_section_regular et_block_section\"><div class=\"et_pb_row_2 et_pb_row et_block_row\"><div class=\"et_pb_column_3 et_pb_column et_pb_column_4_4 et-last-child et_block_column et_pb_css_mix_blend_mode_passthrough\"><div class=\"et_pb_image_0 et_pb_image et_pb_module et_block_module\"><span class=\"et_pb_image_wrap\"><img loading=\"lazy\" decoding=\"async\" src=\"https:\/\/dev.disc-partners.com\/wp-content\/uploads\/ed-icons-disc.png\" width=\"46\" height=\"46\" srcset=\"https:\/\/dev.disc-partners.com\/wp-content\/uploads\/ed-icons-disc.png 46w\" sizes=\"(max-width: 46px) 100vw, 46px\" class=\"wp-image-24213\" title=\"ed icons disc\" alt=\"ed icons disc\" \/><\/span><\/div><div class=\"et_pb_text_2 et_pb_text et_pb_bg_layout_light et_pb_module et_block_module\"><div class=\"et_pb_text_inner\"><h2 style=\"text-align: center;\"><strong>LIB\u00c9REZ LE POTENTIEL DE VOTRE ENTREPRISE<\/strong><\/h2>\n<\/div><\/div><div class=\"et_pb_text_3 et_pb_text et_pb_bg_layout_light et_pb_module et_block_module et_pb_text_align_center\"><div class=\"et_pb_text_inner\"><p style=\"text-align: justify;\">La gestion des ressources humaines au sein de l\u2019entreprise implique une bonne connaissance des collaborateurs, de leurs managers et de leurs pr\u00e9f\u00e9rences comportementales. Les outils DISC permettent aux professionnels de d\u00e9livrer au sein de leur organisation des ateliers pour faciliter la coh\u00e9sion, l\u2019efficacit\u00e9 au travail et favorisent la culture d\u2019entreprise.<\/p>\n<p style=\"text-align: justify;\">Everything DiSC est disponible dans un certain nombre d'applications sp\u00e9cifiques au contexte, par exemple pour le commercial, le membre d'une \u00e9quipe, la personne tr\u00e8s occup\u00e9e au travail ou l'individu qui cherche simplement \u00e0 mieux comprendre ses pairs.<\/p>\n<\/div><\/div><\/div><\/div><\/div><div class=\"et_pb_section_2 et_pb_section et_section_regular et_block_section\"><div class=\"et_pb_row_3 et_pb_row et_block_row\"><div class=\"et_pb_column_4 et_pb_column et_pb_column_4_4 et-last-child et_block_column et_pb_css_mix_blend_mode_passthrough\"><div class=\"et_pb_text_4 et_pb_text et_pb_bg_layout_light et_pb_module et_block_module\"><div class=\"et_pb_text_inner\"><h2>Quel DISC choisir ?<br \/>Quelle utilisation est la mieux adapt\u00e9e \u00e0 la situation de mon entreprise ?<\/h2>\n<\/div><\/div><div class=\"et_pb_divider_0 et_pb_divider et_pb_space et_pb_divider_position_top et_pb_module\"><div class=\"et_pb_divider_internal\"><\/div><\/div><div class=\"et_pb_text_5 et_pb_text et_pb_bg_layout_light et_pb_module et_block_module\"><div class=\"et_pb_text_inner\"><h3 style=\"text-align: center;\">S\u00e9lectionnez l'application EVERYTHING DISC qui correspond aux besoins de votre entreprise :<\/h3>\n<\/div><\/div><div class=\"et_pb_text_6 et_pb_text et_pb_bg_layout_light et_pb_module et_block_module et_pb_text_align_center\"><div class=\"et_pb_text_inner\"><p>Chaque application sp\u00e9cifique Everything DiSC est con\u00e7ue pour aider les groupes et leurs participants \u00e0 mieux comprendre leures propres pr\u00e9f\u00e9rences, et \u00e0 mieux comprendre ceux des autres. Qu\u2019il s\u2019agisse d\u2019am\u00e9liorer les relations au travail, de renforcer les comp\u00e9tences commerciales, d'instaurer un leadership plus proactif ou de simplement mieux s'adapter aux autres, Everything DiSC permet de comprendre et propose des strat\u00e9gies pour faciliter les interactions de votre personnel et enrichir la culture de l\u2019entreprise.<\/p>\n<\/div><\/div><\/div><\/div><div class=\"et_pb_row_4 et_pb_row et_pb_equal_columns et_pb_gutters2 et_block_row\"><div class=\"et_pb_column_5 et_pb_column et_pb_column_1_3 et_block_column et_pb_css_mix_blend_mode_passthrough et_animated\"><div class=\"et_pb_text_7 et_pb_text et_pb_bg_layout_light et_pb_module et_block_module\"><div class=\"et_pb_text_inner\"><h3 class=\"\" data-css=\"tve-u-176e3183a18\" style=\"text-align: center;\">Workplace<\/h3>\n<\/div><\/div><div class=\"et_pb_image_1 et_pb_image et_pb_module et_block_module\"><span class=\"et_pb_image_wrap\"><img loading=\"lazy\" decoding=\"async\" src=\"https:\/\/dev.disc-partners.com\/wp-content\/uploads\/ed-icons-workplace.png\" width=\"181\" height=\"182\" srcset=\"https:\/\/dev.disc-partners.com\/wp-content\/uploads\/ed-icons-workplace.png 181w, https:\/\/dev.disc-partners.com\/wp-content\/uploads\/ed-icons-workplace-100x100.png 100w, https:\/\/dev.disc-partners.com\/wp-content\/uploads\/ed-icons-workplace-150x150.png 150w\" sizes=\"(max-width: 181px) 100vw, 181px\" class=\"wp-image-24324\" title=\"ed-icons-workplace\" \/><\/span><\/div><div class=\"et_pb_text_8 et_pb_text et_pb_bg_layout_light et_pb_module et_block_module\"><div class=\"et_pb_text_inner\"><p style=\"text-align: center;\">Incitez chaque individu \u00e0 construire des relations plus efficaces au travail<\/p>\n<\/div><\/div><div class=\"et_pb_text_9 et_pb_text et_pb_bg_layout_light et_pb_module et_block_module\"><div class=\"et_pb_text_inner\"><p style=\"text-align: center;\"><strong>Au programme<\/strong><\/p>\n<ul>\n<li>D\u00e9couverte de soi en profondeur<\/li>\n<li>Appr\u00e9cier les diff\u00e9rences de styles de travail<\/li>\n<li>Strat\u00e9gies pour des interactions efficaces<\/li>\n<\/ul>\n<\/div><\/div><div class=\"et_pb_module et_pb_button_module_wrapper et_pb_button_2_wrapper\"><a class=\"et_pb_button_2 et_pb_button et_pb_bg_layout_light et_pb_module et_block_module\" href=\"https:\/\/dev.disc-partners.com\/fr\/decouvrir-everything-disc\/workplace\/\">EN SAVOIR PLUS<\/a><\/div><\/div><div class=\"et_pb_column_6 et_pb_column et_pb_column_1_3 et_block_column et_pb_css_mix_blend_mode_passthrough et_animated\"><div class=\"et_pb_text_10 et_pb_text et_pb_bg_layout_light et_pb_module et_block_module\"><div class=\"et_pb_text_inner\"><h3 class=\"\" data-css=\"tve-u-176e3183a18\" style=\"text-align: center;\">Management<\/h3>\n<\/div><\/div><div class=\"et_pb_image_2 et_pb_image et_pb_module et_block_module\"><span class=\"et_pb_image_wrap\"><img loading=\"lazy\" decoding=\"async\" src=\"https:\/\/dev.disc-partners.com\/wp-content\/uploads\/ed-icons-management.png\" width=\"181\" height=\"182\" srcset=\"https:\/\/dev.disc-partners.com\/wp-content\/uploads\/ed-icons-management.png 181w, https:\/\/dev.disc-partners.com\/wp-content\/uploads\/ed-icons-management-100x100.png 100w, https:\/\/dev.disc-partners.com\/wp-content\/uploads\/ed-icons-management-150x150.png 150w\" sizes=\"(max-width: 181px) 100vw, 181px\" class=\"wp-image-24328\" title=\"ed-icons-management\" \/><\/span><\/div><div class=\"et_pb_text_11 et_pb_text et_pb_bg_layout_light et_pb_module et_block_module\"><div class=\"et_pb_text_inner\"><p style=\"text-align: center;\">Aide le manager \u00e0 mieux impliquer, motiver, d\u00e9velopper le potentiel des collaborateurs<\/p>\n<\/div><\/div><div class=\"et_pb_text_12 et_pb_text et_pb_bg_layout_light et_pb_module et_block_module\"><div class=\"et_pb_text_inner\"><div class=\"thrv_wrapper thrv_text_element\" data-css=\"tve-u-176e31839ac\">\n<p data-css=\"tve-u-176e32cedd0\" style=\"text-align: center;\"><strong>Au programme<\/strong><\/p>\n<\/div>\n<div class=\"thrv_wrapper thrv_text_element three_more\" data-css=\"tve-u-176e31839c2\">\n<ul class=\"\">\n<li data-css=\"tve-u-176e3183a2c\">Mon style pr\u00e9f\u00e9r\u00e9 de management\u00a0<\/li>\n<li data-css=\"tve-u-176e3183a2c\">Mieux diriger, d\u00e9l\u00e9guer &amp; motiver<\/li>\n<li data-css=\"tve-u-176e3183a2c\">Strat\u00e9gies de d\u00e9veloppement long terme<\/li>\n<\/ul>\n<\/div>\n<\/div><\/div><div class=\"et_pb_module et_pb_button_module_wrapper et_pb_button_3_wrapper\"><a class=\"et_pb_button_3 et_pb_button et_pb_bg_layout_light et_pb_module et_block_module\" href=\"https:\/\/dev.disc-partners.com\/fr\/decouvrir-everything-disc\/management\/\">EN SAVOIR PLUS<\/a><\/div><\/div><div class=\"et_pb_column_7 et_pb_column et_pb_column_1_3 et-last-child et_block_column et_pb_css_mix_blend_mode_passthrough et_animated\"><div class=\"et_pb_text_13 et_pb_text et_pb_bg_layout_light et_pb_module et_block_module\"><div class=\"et_pb_text_inner\"><h3 class=\"\" data-css=\"tve-u-176e3183a18\" style=\"text-align: center;\">Productive conflict<\/h3>\n<\/div><\/div><div class=\"et_pb_image_3 et_pb_image et_pb_module et_block_module\"><span class=\"et_pb_image_wrap\"><img loading=\"lazy\" decoding=\"async\" src=\"https:\/\/dev.disc-partners.com\/wp-content\/uploads\/ed-icons-productiveconflict.png\" width=\"181\" height=\"182\" srcset=\"https:\/\/dev.disc-partners.com\/wp-content\/uploads\/ed-icons-productiveconflict.png 181w, https:\/\/dev.disc-partners.com\/wp-content\/uploads\/ed-icons-productiveconflict-100x100.png 100w, https:\/\/dev.disc-partners.com\/wp-content\/uploads\/ed-icons-productiveconflict-150x150.png 150w\" sizes=\"(max-width: 181px) 100vw, 181px\" class=\"wp-image-24339\" title=\"ed-icons-productiveconflict\" \/><\/span><\/div><div class=\"et_pb_text_14 et_pb_text et_pb_bg_layout_light et_pb_module et_block_module\"><div class=\"et_pb_text_inner\"><p style=\"text-align: center;\">Gestion du conflit : d\u2019un comportement destructif \u00e0 des r\u00e9ponses constructives<\/p>\n<\/div><\/div><div class=\"et_pb_text_15 et_pb_text et_pb_bg_layout_light et_pb_module et_block_module\"><div class=\"et_pb_text_inner\"><div class=\"thrv_wrapper thrv_text_element\" data-css=\"tve-u-176e31839ac\">\n<p data-css=\"tve-u-176e32cedd0\" style=\"text-align: center;\"><strong>Au programme<\/strong><\/p>\n<\/div>\n<div class=\"thrv_wrapper thrv_text_element three_more\" data-css=\"tve-u-176e31839c2\">\n<ul class=\"\">\n<li data-css=\"tve-u-176afc2341e\"><span data-css=\"tve-u-16d583f33b3\">Mes r\u00e9actions face au conflit<\/span><\/li>\n<li data-css=\"tve-u-176afc2526b\"><span data-css=\"tve-u-16d583f33b6\">L'impact sur les autres\u00a0\u00a0<\/span><\/li>\n<li data-css=\"tve-u-176afc26fdf\"><span data-css=\"tve-u-16d583f33b9\">Passer d'une r\u00e9action destructive \u00e0 constructive\u00a0\n<p><\/span><\/li>\n<\/ul>\n<\/div>\n<\/div><\/div><div class=\"et_pb_module et_pb_button_module_wrapper et_pb_button_4_wrapper\"><a class=\"et_pb_button_4 et_pb_button et_pb_bg_layout_light et_pb_module et_block_module\" href=\"https:\/\/dev.disc-partners.com\/fr\/decouvrir-everything-disc\/productive-conflict\/\">EN SAVOIR PLUS<\/a><\/div><\/div><\/div><div class=\"et_pb_row_5 et_pb_row et_pb_equal_columns et_pb_gutters2 et_block_row\"><div class=\"et_pb_column_8 et_pb_column et_pb_column_1_3 et_block_column et_pb_css_mix_blend_mode_passthrough et_animated\"><div class=\"et_pb_text_16 et_pb_text et_pb_bg_layout_light et_pb_module et_block_module\"><div class=\"et_pb_text_inner\"><h3 class=\"\" data-css=\"tve-u-176e3183a18\" style=\"text-align: center;\">Sales (anglais)<\/h3>\n<\/div><\/div><div class=\"et_pb_image_4 et_pb_image et_pb_module et_block_module\"><span class=\"et_pb_image_wrap\"><img loading=\"lazy\" decoding=\"async\" src=\"https:\/\/dev.disc-partners.com\/wp-content\/uploads\/ed-icons-agileEQ.png\" width=\"500\" height=\"500\" srcset=\"https:\/\/dev.disc-partners.com\/wp-content\/uploads\/ed-icons-agileEQ.png 500w, https:\/\/dev.disc-partners.com\/wp-content\/uploads\/ed-icons-agileEQ-100x100.png 100w, https:\/\/dev.disc-partners.com\/wp-content\/uploads\/ed-icons-agileEQ-300x300.png 300w, https:\/\/dev.disc-partners.com\/wp-content\/uploads\/ed-icons-agileEQ-200x200.png 200w, https:\/\/dev.disc-partners.com\/wp-content\/uploads\/ed-icons-agileEQ-150x150.png 150w\" sizes=\"(max-width: 500px) 100vw, 500px\" class=\"wp-image-27956\" title=\"ed-icons-agileEQ\" alt=\"Agile EQ\" \/><\/span><\/div><div class=\"et_pb_text_17 et_pb_text et_pb_bg_layout_light et_pb_module et_block_module\"><div class=\"et_pb_text_inner\"><p style=\"text-align: center;\">Adapter le style de vente aux pr\u00e9f\u00e9rences des clients<\/p>\n<\/div><\/div><div class=\"et_pb_text_18 et_pb_text et_pb_bg_layout_light et_pb_module et_block_module\"><div class=\"et_pb_text_inner\"><p style=\"text-align: center;\"><strong>Au programme<\/strong><\/p>\n<ul>\n<li>D\u00e9couverte du style de vente des commerciaux<\/li>\n<li>Appr\u00e9ciation des diff\u00e9rents styles<\/li>\n<li>Approche commerciale adapt\u00e9e aux besoins et au style du client<\/li>\n<\/ul>\n<\/div><\/div><div class=\"et_pb_module et_pb_button_module_wrapper et_pb_button_5_wrapper\"><a class=\"et_pb_button_5 et_pb_button et_pb_bg_layout_light et_pb_module et_block_module\" href=\"https:\/\/dev.disc-partners.com\/fr\/decouvrir-everything-disc\/sales\/\">EN SAVOIR PLUS<\/a><\/div><\/div><div class=\"et_pb_column_9 et_pb_column et_pb_column_1_3 et_block_column et_pb_css_mix_blend_mode_passthrough et_animated\"><div class=\"et_pb_text_19 et_pb_text et_pb_bg_layout_light et_pb_module et_block_module\"><div class=\"et_pb_text_inner\"><h3 class=\"\" data-css=\"tve-u-176e3183a18\" style=\"text-align: center;\">Work of leaders (anglais)<\/h3>\n<\/div><\/div><div class=\"et_pb_image_5 et_pb_image et_pb_module et_block_module\"><span class=\"et_pb_image_wrap\"><img loading=\"lazy\" decoding=\"async\" src=\"https:\/\/dev.disc-partners.com\/wp-content\/uploads\/ed-icons-workofleaders.png\" width=\"181\" height=\"182\" srcset=\"https:\/\/dev.disc-partners.com\/wp-content\/uploads\/ed-icons-workofleaders.png 181w, https:\/\/dev.disc-partners.com\/wp-content\/uploads\/ed-icons-workofleaders-100x100.png 100w, https:\/\/dev.disc-partners.com\/wp-content\/uploads\/ed-icons-workofleaders-150x150.png 150w\" sizes=\"(max-width: 181px) 100vw, 181px\" class=\"wp-image-24341\" title=\"ed-icons-workofleaders\" \/><\/span><\/div><div class=\"et_pb_text_20 et_pb_text et_pb_bg_layout_light et_pb_module et_block_module\"><div class=\"et_pb_text_inner\"><p style=\"text-align: center;\">Devenez un Leader percutant !\u00a0Processus de vision, d\u2019alignement et d\u2019ex\u00e9cution<\/p>\n<\/div><\/div><div class=\"et_pb_text_21 et_pb_text et_pb_bg_layout_light et_pb_module et_block_module\"><div class=\"et_pb_text_inner\"><div class=\"thrv_wrapper thrv_text_element\" data-css=\"tve-u-176e31839ac\">\n<p data-css=\"tve-u-176e32cedd0\" style=\"text-align: center;\"><strong>Au programme<\/strong><\/p>\n<\/div>\n<div class=\"thrv_wrapper thrv_text_element three_more\" data-css=\"tve-u-176e31839c2\">\n<ul class=\"\">\n<li data-css=\"tve-u-176afc28cba\">Un mod\u00e8le de leadership simple et pertinent<\/li>\n<li data-css=\"tve-u-176afc2b2ca\">Perspectives personnalis\u00e9es pour se renforcer et surmonter les d\u00e9fis<\/li>\n<li data-css=\"tve-u-16d5828a78c\">Un chemin clair d'am\u00e9lioration<\/li>\n<\/ul>\n<\/div>\n<\/div><\/div><div class=\"et_pb_module et_pb_button_module_wrapper et_pb_button_6_wrapper\"><a class=\"et_pb_button_6 et_pb_button et_pb_bg_layout_light et_pb_module et_block_module\" href=\"https:\/\/dev.disc-partners.com\/fr\/decouvrir-everything-disc\/work-of-leaders\/\">EN SAVOIR PLUS<\/a><\/div><\/div><div class=\"et_pb_column_10 et_pb_column et_pb_column_1_3 et-last-child et_block_column et_pb_css_mix_blend_mode_passthrough et_animated\"><div class=\"et_pb_text_22 et_pb_text et_pb_bg_layout_light et_pb_module et_block_module\"><div class=\"et_pb_text_inner\"><h3 class=\"\" data-css=\"tve-u-176e3183a38\" style=\"text-align: center;\">Agile EQ (anglais)<\/h3>\n<\/div><\/div><div class=\"et_pb_image_6 et_pb_image et_pb_module et_block_module\"><span class=\"et_pb_image_wrap\"><img loading=\"lazy\" decoding=\"async\" src=\"https:\/\/dev.disc-partners.com\/wp-content\/uploads\/ed-icons-sales.png\" width=\"181\" height=\"182\" srcset=\"https:\/\/dev.disc-partners.com\/wp-content\/uploads\/ed-icons-sales.png 181w, https:\/\/dev.disc-partners.com\/wp-content\/uploads\/ed-icons-sales-100x100.png 100w, https:\/\/dev.disc-partners.com\/wp-content\/uploads\/ed-icons-sales-150x150.png 150w\" sizes=\"(max-width: 181px) 100vw, 181px\" class=\"wp-image-24330\" title=\"ed-icons-sales\" \/><\/span><\/div><div class=\"et_pb_text_23 et_pb_text et_pb_bg_layout_light et_pb_module et_block_module\"><div class=\"et_pb_text_inner\"><p style=\"text-align: center;\">Acqu\u00e9rir l\u2019intelligence \u00e9motionnelle n\u00e9cessaire pour une culture agile<\/p>\n<\/div><\/div><div class=\"et_pb_text_24 et_pb_text et_pb_bg_layout_light et_pb_module et_block_module\"><div class=\"et_pb_text_inner\"><p style=\"text-align: center;\"><strong>Au progamme<\/strong><\/p>\n<ul>\n<li>D\u00e9couvrez vos forces QE<\/li>\n<li>Reconnaissez votre potentiel QE<\/li>\n<li>Une strat\u00e9gie sur mesure pour affiner et renforcer votre QE<\/li>\n<\/ul>\n<\/div><\/div><div class=\"et_pb_module et_pb_button_module_wrapper et_pb_button_7_wrapper\"><a class=\"et_pb_button_7 et_pb_button et_pb_bg_layout_light et_pb_module et_block_module\" href=\"https:\/\/dev.disc-partners.com\/fr\/decouvrir-everything-disc\/agile-eq\/\">EN SAVOIR PLUS<\/a><\/div><\/div><\/div><\/div><div class=\"et_pb_section_3 et_pb_section et_section_regular et_block_section\"><div class=\"et_pb_row_6 et_pb_row et_block_row\"><div class=\"et_pb_column_11 et_pb_column et_pb_column_4_4 et-last-child et_block_column et_pb_css_mix_blend_mode_passthrough\"><div class=\"et_pb_text_25 et_pb_text et_pb_bg_layout_light et_pb_module et_block_module et_pb_text_align_center\"><div class=\"et_pb_text_inner\"><p>COMMENT POUVONS-NOUS VOUS AIDER ?<\/p>\n<\/div><\/div><\/div><\/div><div class=\"et_pb_row_7 et_pb_row et_block_row\"><div class=\"et_pb_column_12 et_pb_column et_pb_column_1_3 et_block_column et_pb_css_mix_blend_mode_passthrough\"><div class=\"et_pb_module et_pb_button_module_wrapper et_pb_button_8_wrapper\"><a class=\"et_pb_button_8 et_pb_button et_pb_bg_layout_light et_pb_module et_block_module\" href=\"https:\/\/dev.disc-partners.com\/fr\/disc-pour-mon-equipe\/\">DISC POUR MON \u00c9QUIPE<\/a><\/div><\/div><div class=\"et_pb_column_13 et_pb_column et_pb_column_1_3 et_block_column et_pb_css_mix_blend_mode_passthrough\"><div class=\"et_pb_module et_pb_button_module_wrapper et_pb_button_9_wrapper\"><a class=\"et_pb_button_9 et_pb_button et_pb_bg_layout_light et_pb_module et_block_module contact-form-certification\" href=\"https:\/\/dev.disc-partners.com\/fr\/certification-disc\/\">CERTIFICATION DISC<\/a><\/div><\/div><div class=\"et_pb_column_14 et_pb_column et_pb_column_1_3 et-last-child et_block_column et_pb_css_mix_blend_mode_passthrough\"><div class=\"et_pb_module et_pb_button_module_wrapper et_pb_button_10_wrapper\"><a class=\"et_pb_button_10 et_pb_button et_pb_bg_layout_light et_pb_module et_block_module contact-form\" href=\"\">CONTACT<\/a><\/div><\/div><\/div><\/div>\n","protected":false},"excerpt":{"rendered":"","protected":false},"author":2,"featured_media":0,"parent":0,"menu_order":30,"comment_status":"closed","ping_status":"closed","template":"","meta":{"footnotes":""},"class_list":["post-58197","page","type-page","status-publish","hentry"],"_links":{"self":[{"href":"https:\/\/dev.disc-partners.com\/fr\/wp-json\/wp\/v2\/pages\/58197","targetHints":{"allow":["GET"]}}],"collection":[{"href":"https:\/\/dev.disc-partners.com\/fr\/wp-json\/wp\/v2\/pages"}],"about":[{"href":"https:\/\/dev.disc-partners.com\/fr\/wp-json\/wp\/v2\/types\/page"}],"author":[{"embeddable":true,"href":"https:\/\/dev.disc-partners.com\/fr\/wp-json\/wp\/v2\/users\/2"}],"replies":[{"embeddable":true,"href":"https:\/\/dev.disc-partners.com\/fr\/wp-json\/wp\/v2\/comments?post=58197"}],"version-history":[{"count":2,"href":"https:\/\/dev.disc-partners.com\/fr\/wp-json\/wp\/v2\/pages\/58197\/revisions"}],"predecessor-version":[{"id":59441,"href":"https:\/\/dev.disc-partners.com\/fr\/wp-json\/wp\/v2\/pages\/58197\/revisions\/59441"}],"wp:attachment":[{"href":"https:\/\/dev.disc-partners.com\/fr\/wp-json\/wp\/v2\/media?parent=58197"}],"curies":[{"name":"wp","href":"https:\/\/api.w.org\/{rel}","templated":true}]}}