{"id":7250,"date":"2016-03-30T12:52:56","date_gmt":"2016-03-30T10:52:56","guid":{"rendered":"https:\/\/dev.disc-partners.com\/fr\/about-your-disc-partner\/"},"modified":"2026-02-27T15:28:04","modified_gmt":"2026-02-27T13:28:04","slug":"a-propos-disc-partners-learning-partners-int","status":"publish","type":"page","link":"https:\/\/dev.disc-partners.com\/fr\/a-propos-disc-partners-learning-partners-int\/","title":{"rendered":"\u00c0 propos"},"content":{"rendered":"\n<div class=\"et_d4_element et_pb_section et_pb_section_0  et_pb_css_mix_blend_mode et_section_regular et_block_section\" >\n\t\t\t\t\n\t\t\t\t\n\t\t\t\t\n\t\t\t\t\n\t\t\t\t\n\t\t\t\t\n\t\t\t\t<div class=\"et_d4_element et_pb_row et_pb_row_0  et_pb_css_mix_blend_mode et_block_row\">\n\t\t\t\t<div class=\"et_d4_element et_pb_column_4_4 et_pb_column et_pb_column_0  et_pb_css_mix_blend_mode et-last-child et_block_column\">\n\t\t\t\t\n\t\t\t\t\n\t\t\t\t\n\t\t\t\t\n\t\t\t\t<div class=\"et_pb_module et_d4_element et_pb_text et_pb_text_0  et_pb_text_align_left et_pb_bg_layout_light\">\n\t\t\t\t\n\t\t\t\t\n\t\t\t\t\n\t\t\t\t\n\t\t\t\t<div class=\"et_pb_text_inner\"><h1 style=\"text-align: center;\">Tests psychom\u00e9triques: &nbsp;disc partners vous aide \u00e0 r\u00e9ussir<\/h1><p style=\"text-align: left;\">disc partners vous aide vous, personnel RH, managers, dirigeants, professionnels du coaching et agences de recrutement \u00e0 am\u00e9liorer les performances de leurs clients en mettant en \u0153uvre les tests psychom\u00e9triques DiSC dans leur environnement et leur contexte. Le mod\u00e8le DiSC a \u00e9t\u00e9 cr\u00e9\u00e9 \u00e0 l'origine par William Moulton Marston. Il est \u00e9dit\u00e9 par Wiley.Le d\u00e9partement ressources humaines et les consultants aident leurs clients, apprenants, \u00e0 acqu\u00e9rir de meilleures comp\u00e9tences interpersonnelles et \u00e0 am\u00e9liorer la communication en \u00e9quipe \u00e0 l'aide des outils Everything DiSC de Wiley.<\/p><p style=\"text-align: justify;\">disc partners est partenaire agr\u00e9\u00e9 Wiley, Master Certified en Everything DiSC et accr\u00e9dit\u00e9 en Five Behaviors. Nous nous effor\u00e7ons de rendre les produits DiSC et Five Behaviors faciles \u00e0 acheter, utiliser et mettre en oeuvre. Nous vous aidons \u00e0 utiliser les produits et \u00e0 faciliter avec les \u00e9valuations Wiley DiSC et Five Behaviors, le contenu d'apprentissage et les solutions orient\u00e9s actions. Nous op\u00e9rons depuis la Suisse, couvrons le continent europ\u00e9en et au-del\u00e0, depuis 15 ans.&nbsp;<\/p><p style=\"text-align: center;\">Certains clients avec lesquels nous travaillons<\/p><span><img decoding=\"async\" loading=\"lazy\" alt=\"team training\" width=\"1040\" height=\"283\" title=\"Team training customers DiSC Partners\" data-id=\"13863\" src=\"\/\/www.disc-partners.com\/wp-content\/uploads\/ref-logo-lp.png\" data-width=\"1040\" data-height=\"283\" data-init-width=\"1352\" data-init-height=\"368\"\/><\/span><span style=\"width: 100%;\"><img decoding=\"async\" loading=\"lazy\" alt=\"\" width=\"256\" height=\"256\" title=\"61\" data-id=\"15732\" src=\"https:\/\/cdn.disc-partners.com\/wp-content\/uploads\/61.png\" style=\"\"\/><\/span><p style=\"text-align: justify;\">Notre mission: faire du lieu de travail un lieu o\u00f9 les gens interagissent et collaborent efficacement et avec plaisir. Incitez les gestionnaires \u00e0 rejeter la confusion ou la politique, \u00e0 se concentrer sur les affaires, \u00e0 traiter de mani\u00e8re proactive les probl\u00e8mes des gens, \u00e0 favoriser le travail d'\u00e9quipe et les r\u00e9sultats suivront.<\/p><span style=\"width: 100%;\"><img decoding=\"async\" loading=\"lazy\" alt=\"\" width=\"256\" height=\"256\" title=\"75\" data-id=\"15728\" src=\"https:\/\/cdn.disc-partners.com\/wp-content\/uploads\/75.png\" style=\"\"\/><\/span><p style=\"text-align: justify;\">Notre vision est de devenir un partenaire logique de choix pour les organisations internationales en Europe, en aidant les gestionnaires \u00e0 am\u00e9liorer l'efficacit\u00e9 et l'\u00e9quilibre sur le lieu de travail en utilisant des outils qui aident \u00e0 installer une culture de la performance mettant v\u00e9ritablement les personnes au premier plan.<\/p><span style=\"width: 100%;\"><img decoding=\"async\" loading=\"lazy\" alt=\"\" width=\"256\" height=\"256\" title=\"150\" data-id=\"15666\" src=\"https:\/\/cdn.disc-partners.com\/wp-content\/uploads\/150.png\" style=\"\"\/><\/span><p style=\"text-align: justify;\">Nos valeurs: humbles, nous croyons au m\u00e9rite et aux relations de confiance. Ambitieux, nous avons soif d'apprendre et de grandir, humains nous sommes honn\u00eates et transparents.<\/p><h2 style=\"text-align: center;\">disc partners est le site Web cr\u00e9\u00e9 par des partenaires d'apprentissage: voici l'\u00e9quipe<\/h2><span style=\"width: 100%;\"><img decoding=\"async\" loading=\"lazy\" alt=\"\" width=\"302\" height=\"303\" title=\"michael-van-eck-disc-parners\" data-id=\"15144\" src=\"\/\/www.disc-partners.com\/wp-content\/uploads\/michael-van-eck-disc-parners.jpg\" style=\"\"\/><\/span><p style=\"\">Michael van Eck est Managing Partner et fondateur de Learning Partners int et discpartners. Il a plus de 25 ans d'exp\u00e9rience en affaires avec une exp\u00e9rience internationale, n\u00e9 en Am\u00e9rique du Sud, \u00e9lev\u00e9 aux \u00c9tats-Unis et en Europe, actif sur les quatre continents. Avec une exp\u00e9rience en vente dans l'industrie informatique d'entreprise, Michael a particip\u00e9 et pris la direction de diverses missions internationales de vente, de leadership et d'apprentissage. Il est un facilitateur et un coach respect\u00e9 dans les domaines des relations interpersonnelles, de l'alignement d'\u00e9quipe, du leadership, de l'efficacit\u00e9 au travail, de la confiance et de l'efficacit\u00e9 interculturelle.<\/p><p style=\"text-align: justify;\">English - French - Dutch - German<\/p><p style=\"text-align: justify;\">Reto Wambach est Managing Partner et directeur des op\u00e9rations suisses pour les partenaires d'apprentissage int. Reto a plus de 20 ans d'exp\u00e9rience dans l'\u00e9quilibre travail-vie priv\u00e9e, la r\u00e9thorique commerciale et interpersonnelle, le leadership et la PNL (ma\u00eetre pactitioner). Reto g\u00e8re les missions avec des clients internationaux et locaux, tels que Clariant ou Raiffeisenbank et certifie d'autres facilitateurs et coachs dans les produits Everything DiSG de Wiley. Il anime des formations en leadership pour les futurs contrema\u00eetres. Reto est titulaire d'un baccalaur\u00e9at en administration des affaires et a \u00e9t\u00e9 form\u00e9 en communication de crise, hypnoth\u00e9rapie, langage corporel et gestion de projet.<\/p><p style=\"\">Swiss German - German - English - French<\/p><span style=\"width: 100%;\"><img decoding=\"async\" loading=\"lazy\" alt=\"\" width=\"120\" height=\"120\" title=\"reto-wambach-disc-partners\" data-id=\"15148\" src=\"\/\/www.disc-partners.com\/wp-content\/uploads\/reto-wambach-disc-partners.png\" style=\"\" data-width=\"120\" data-height=\"120\" data-init-width=\"473\" data-init-height=\"473\"\/><\/span><span style=\"width: 100%;\"><img decoding=\"async\" loading=\"lazy\" alt=\"\" width=\"303\" height=\"303\" title=\"fanny-breda-disc-partners\" data-id=\"15140\" src=\"\/\/www.disc-partners.com\/wp-content\/uploads\/fanny-breda-disc-partners.png\" style=\"\"\/><\/span><p style=\"text-align: justify;\">Fanny Breda est Managing Partner et coach, consultante et formatrice certifi\u00e9e. Elle a 15 ans d'exp\u00e9rience dans le d\u00e9veloppement des affaires. Fanny est plus que jamais passionn\u00e9e par le leadership, le comportement humain et l'optimisation des performances. Elle obtient des r\u00e9sultats en communiquant enthousiasme, \u00e9nergie et vision \u00e0 ses clients, en soutenant la mise en \u0153uvre, en augmentant la perception de soi des individus et des \u00e9quipes ainsi que la productivit\u00e9. Elle aime transformer le chaos en cercles vertueux organis\u00e9s, les groupes en \u00e9quipes, les managers en leaders et en a fait sa mission de vie: motiver et inspirer les individus, les \u00e9quipes et les organisations \u00e0 atteindre un plus grand potentiel et de meilleures performances.<\/p><p style=\"\">French - English - Spanish<\/p><p style=\"text-align: justify;\">Pierre-Henri Kromwel est Managing Partner chez Learning Partners France. Ing\u00e9nieur de formation, il a accumul\u00e9 25 ans d'exp\u00e9rience dans la gestion de projets, la gestion des personnes et la vente en France et \u00e0 l'\u00e9tranger. Il a travaill\u00e9 avec de nombreuses organisations internationales, notamment Ford, Caterpillar et Continental. Passionn\u00e9 par le d\u00e9veloppement des personnes, dipl\u00f4m\u00e9 de l'Universit\u00e9 de Lille en formation des adultes, il a dispens\u00e9 des formations aupr\u00e8s de diverses organisations avant de rejoindre Learning Partners France. Passionn\u00e9 de sport, Pierre-Henri s'entra\u00eene \u00e0 l'athl\u00e9tisme de haut niveau depuis 10 ans et apporte son exp\u00e9rience de la coh\u00e9sion, de la volont\u00e9 et de la r\u00e9silience au monde professionnel.<\/p><p style=\"\">English - French<\/p><span style=\"width: 100%;\"><img decoding=\"async\" loading=\"lazy\" alt=\"\" width=\"227\" height=\"227\" title=\"id-pierre-henri\" data-id=\"16616\" src=\"\/\/www.disc-partners.com\/wp-content\/uploads\/id-pierre-henri.png\" style=\"\"\/><\/span><span><img decoding=\"async\" loading=\"lazy\" alt=\"\" width=\"150\" height=\"150\" title=\"dominique-van-hemelrijck-disc-partners-int\" data-id=\"15136\" src=\"\/\/www.disc-partners.com\/wp-content\/uploads\/dominique-van-hemelrijck-disc-partners-int-150x150.jpg\"\/><\/span><p style=\"text-align: justify;\">Dominique Van Hemelrijck est Managing Partner et dirige les op\u00e9rations n\u00e9erlandaises pour Learning Partners Int. Dominique a plus de 25 ans d'exp\u00e9rience en entreprise, allant de la traduction \u00e0 la recherche de t\u00eates, en passant par la formation en ressources humaines et en communication. Au d\u00e9but de sa carri\u00e8re, Dominique a fait preuve d'une r\u00e9elle aptitude \u00e0 inspirer les autres et a mis ses comp\u00e9tences \u00e0 profit pour aider les autres \u00e0 apprendre et \u00e0 d\u00e9velopper leurs comp\u00e9tences dans les domaines de la gestion de la charge de travail, de la gestion des relations interpersonnelles, de la vente et des relations humaines. Dominique est titulaire d'un Master en traduction, parle 5 langues, et \u00e9galement d'un DEA en management et marketing.<\/p><p style=\"\">Dutch - Eng<span style=\"color: var(--tcb-color-5);\">l<\/span>ish - German - French<\/p><h2 style=\"text-align: center;\">Disc Partners: am\u00e9liorer les performances de l'\u00e9quipe<\/h2><p style=\"text-align: left;\">Nous nous engageons envers nos clientsNous respectons nos clients et leurs clients.Nous accordons aux clients la reconnaissance qu'ils m\u00e9ritent.Nous sommes r\u00e9ceptifs aux commentaires, aux id\u00e9es et \u00e0 l'\u00e9coute.Nous parlons, partageons des opinions et des id\u00e9es.Nous disons la v\u00e9rit\u00e9. PolimentNous agissons avec honn\u00eatet\u00e9 et int\u00e9grit\u00e9 avec tous.Nous tenons nos engagements: nous assumons nos responsabilit\u00e9s envers vous.Nous recherchons l'excellence et vous facilitons les relations commerciales avec nous.<\/p><p style=\"\">En cons\u00e9quence, votre \u00e9quipe ou votre business unit gagne:<\/p><span style=\"width: 100%;\"><img decoding=\"async\" loading=\"lazy\" alt=\"\" width=\"100\" height=\"100\" title=\"94\" data-id=\"16175\" src=\"https:\/\/cdn.disc-partners.com\/wp-content\/uploads\/94.png\" style=\"\" data-width=\"100\" data-height=\"100\" data-init-width=\"256\" data-init-height=\"256\"\/><\/span><p style=\"text-align: center;\">temps<\/p><span style=\"width: 100%;\"><img decoding=\"async\" loading=\"lazy\" alt=\"\" width=\"100\" height=\"100\" title=\"33\" data-id=\"15708\" src=\"https:\/\/cdn.disc-partners.com\/wp-content\/uploads\/33.png\" style=\"\" data-width=\"100\" data-height=\"100\" data-init-width=\"256\" data-init-height=\"256\"\/><\/span><p style=\"text-align: center;\">collaboration<\/p><span style=\"width: 100%;\"><img decoding=\"async\" loading=\"lazy\" alt=\"\" width=\"256\" height=\"256\" title=\"\" data-id=\"15696\" src=\"https:\/\/cdn.disc-partners.com\/wp-content\/uploads\/142.png\" style=\"\"\/><\/span><p style=\"text-align: center;\">\u00e9nergie<\/p><span style=\"width: 100%;\"><img decoding=\"async\" loading=\"lazy\" alt=\"\" width=\"256\" height=\"256\" title=\"45\" data-id=\"16163\" src=\"https:\/\/cdn.disc-partners.com\/wp-content\/uploads\/45.png\" style=\"\"\/><\/span><p style=\"text-align: center;\">inspiration<\/p><span style=\"width: 100%;\"><img decoding=\"async\" loading=\"lazy\" alt=\"\" width=\"256\" height=\"256\" title=\"123\" data-id=\"16179\" src=\"https:\/\/cdn.disc-partners.com\/wp-content\/uploads\/123-1.png\" style=\"\"\/><\/span><p style=\"text-align: center;\">meilleurs r\u00e9sultats<\/p><span style=\"width: 100%;\"><img decoding=\"async\" loading=\"lazy\" alt=\"\" width=\"256\" height=\"256\" title=\"62\" data-id=\"16171\" src=\"https:\/\/cdn.disc-partners.com\/wp-content\/uploads\/62.png\" style=\"\"\/><\/span><p style=\"text-align: center;\">partage d'esprit<\/p><span style=\"width: 100%;\"><img decoding=\"async\" loading=\"lazy\" alt=\"\" width=\"256\" height=\"256\" title=\"125\" data-id=\"14863\" src=\"https:\/\/cdn.disc-partners.com\/wp-content\/uploads\/125.png\" style=\"\"\/><\/span><p style=\"text-align: center;\">confiance plus \u00e9lev\u00e9e<\/p><span style=\"width: 100%;\"><img decoding=\"async\" loading=\"lazy\" alt=\"\" width=\"256\" height=\"256\" title=\"46\" data-id=\"16167\" src=\"https:\/\/cdn.disc-partners.com\/wp-content\/uploads\/46.png\" style=\"\"\/><\/span><p style=\"text-align: center;\">consensus<\/p><h3 style=\"text-align: center;\">Rencontrez d'autres clients Everything DiSC<\/h3><span><img decoding=\"async\" loading=\"lazy\" alt=\"Team training customers DiSC\" width=\"1040\" height=\"271\" title=\"Team training customers DiSC\" data-id=\"14569\" src=\"\/\/www.disc-partners.com\/wp-content\/uploads\/logo-rfrences-dic-ok.png\" data-width=\"1040\" data-height=\"271\" data-init-width=\"1332\" data-init-height=\"347\"\/><\/span><h3 style=\"text-align: center;\">Nous vous facilitons la t\u00e2che pour faire affaire avec nous ...<\/h3><span style=\"width: 100%;\"><a href=\"https:\/\/dev.disc-partners.com\/fr\/contact\/\"><img decoding=\"async\" loading=\"lazy\" alt=\"\" width=\"148\" height=\"148\" title=\"54\" data-id=\"15680\" src=\"https:\/\/cdn.disc-partners.com\/wp-content\/uploads\/54.png\" style=\"\" data-width=\"148\" data-height=\"148\" data-init-width=\"256\" data-init-height=\"256\"\/><\/a><\/span><p style=\"text-align: center;\"><strong>-1-<\/strong>Nous partageons et validons ensemble vos besoins ou pr\u00e9occupations<\/p><span style=\"width: 100%;\"><a href=\"https:\/\/dev.disc-partners.com\/fr\/test-de-personnalite-disc\/everything-disc\/\"><img decoding=\"async\" loading=\"lazy\" alt=\"\" width=\"148\" height=\"148\" title=\"34\" data-id=\"15712\" src=\"https:\/\/cdn.disc-partners.com\/wp-content\/uploads\/34.png\" style=\"\" data-width=\"148\" data-height=\"148\" data-init-width=\"256\" data-init-height=\"256\"\/><\/a><\/span><p style=\"text-align: center;\"><strong>-2-<\/strong>Nous vous aidons \u00e0 s\u00e9lectionner les bons produits DiSC \u00e0 r\u00e9aliser<\/p><span style=\"width: 100%;\"><a href=\"https:\/\/dev.disc-partners.com\/fr\/test-de-personnalite-disc\/decouvrir-everything-disc\/\"><img decoding=\"async\" loading=\"lazy\" alt=\"\" width=\"148\" height=\"148\" title=\"67\" data-id=\"15736\" src=\"https:\/\/cdn.disc-partners.com\/wp-content\/uploads\/67.png\" style=\"\" data-width=\"148\" data-height=\"148\" data-init-width=\"256\" data-init-height=\"256\"\/><\/a><\/span><p style=\"text-align: center;\"><strong>-3-<\/strong>Nous vous aidons \u00e0 d\u00e9velopper votre personnel avec DiSC (+ learning)<\/p><span style=\"width: 100%;\"><a href=\"https:\/\/dev.disc-partners.com\/fr\/about-disc-partners-learning-partners-int\/\"><img decoding=\"async\" loading=\"lazy\" alt=\"\" width=\"148\" height=\"148\" title=\"73\" data-id=\"15676\" src=\"https:\/\/cdn.disc-partners.com\/wp-content\/uploads\/73.png\" style=\"\" data-width=\"148\" data-height=\"148\" data-init-width=\"256\" data-init-height=\"256\"\/><\/a><\/span><p style=\"text-align: center;\"><strong>-4-<\/strong>Nous vous aidons \u00e0 vous concentrer sur vos clients \/ le reste fonctionne bien<\/p><\/div>\n\t\t\t<\/div>\n\t\t\t<\/div>\n\t\t\t\t\n\t\t\t\t\n\t\t\t\t\n\t\t\t\t\n\t\t\t<\/div>\n\t\t\t\t\n\t\t\t\t\n\t\t\t<\/div>\n","protected":false},"excerpt":{"rendered":"","protected":false},"author":2,"featured_media":0,"parent":0,"menu_order":60,"comment_status":"closed","ping_status":"closed","template":"","meta":{"_et_pb_use_builder":"on","_et_pb_old_content":"","_et_gb_content_width":"","footnotes":""},"class_list":["post-7250","page","type-page","status-publish","hentry"],"_links":{"self":[{"href":"https:\/\/dev.disc-partners.com\/fr\/wp-json\/wp\/v2\/pages\/7250","targetHints":{"allow":["GET"]}}],"collection":[{"href":"https:\/\/dev.disc-partners.com\/fr\/wp-json\/wp\/v2\/pages"}],"about":[{"href":"https:\/\/dev.disc-partners.com\/fr\/wp-json\/wp\/v2\/types\/page"}],"author":[{"embeddable":true,"href":"https:\/\/dev.disc-partners.com\/fr\/wp-json\/wp\/v2\/users\/2"}],"replies":[{"embeddable":true,"href":"https:\/\/dev.disc-partners.com\/fr\/wp-json\/wp\/v2\/comments?post=7250"}],"version-history":[{"count":1,"href":"https:\/\/dev.disc-partners.com\/fr\/wp-json\/wp\/v2\/pages\/7250\/revisions"}],"predecessor-version":[{"id":59404,"href":"https:\/\/dev.disc-partners.com\/fr\/wp-json\/wp\/v2\/pages\/7250\/revisions\/59404"}],"wp:attachment":[{"href":"https:\/\/dev.disc-partners.com\/fr\/wp-json\/wp\/v2\/media?parent=7250"}],"curies":[{"name":"wp","href":"https:\/\/api.w.org\/{rel}","templated":true}]}}