{"id":14007,"date":"2017-08-16T14:17:03","date_gmt":"2017-08-16T12:17:03","guid":{"rendered":"https:\/\/dev.disc-partners.com\/shop\/everything-disc-manual\/"},"modified":"2023-06-05T16:22:06","modified_gmt":"2023-06-05T14:22:06","slug":"manuel-everything-disc","status":"publish","type":"product","link":"https:\/\/dev.disc-partners.com\/fr\/produits-disc\/manuel-everything-disc\/","title":{"rendered":"Manuel Everything DiSC"},"content":{"rendered":"<p>Les professionnels des ressources humaines et de la gestion des talents s&rsquo;appuient sur <i>Everything DiSC<\/i> pour d\u00e9velopper les individus dans les domaines du leadership, de la formation au management, de la formation \u00e0 la vente et de la constitution d&rsquo;\u00e9quipes. Le <i>manuel Everything DiSC<\/i> est le guide complet du professionnel sur la recherche qui sous-tend la suite d&rsquo;\u00e9valuations <i>Everything DiSC<\/i>.<\/p>\n<p>Gr\u00e2ce \u00e0 cet outil de r\u00e9f\u00e9rence complet, les professionnels peuvent acc\u00e9der \u00e0 la recherche et \u00e0 la th\u00e9orie qui sous-tendent <i>Everything DiSC<\/i>. En plus de fournir une vue d&rsquo;ensemble approfondie du mod\u00e8le DiSC et des diverses applications associ\u00e9es au DiSC, le <i>manuel Everything DiSC<\/i> couvre les sujets cl\u00e9s suivants :<\/p>\n<ul>\n<li>Recherches sur la validit\u00e9 et la fiabilit\u00e9 des styles DiSC<\/li>\n<li>Une vue d&rsquo;ensemble de DiSC et de son intersection avec les th\u00e9ories psychologiques actuelles.<\/li>\n<li>Des \u00e9tudes de cas mod\u00e9lisant l&rsquo;interpr\u00e9tation correcte de l&rsquo;outil<\/li>\n<li>Le DiSC en fonction du sexe, de l&rsquo;origine ethnique et de l&rsquo;\u00e9ducation<\/li>\n<\/ul>\n<p>Ce manuel Everything DiSC est un outil de r\u00e9f\u00e9rence essentiel pour toute personne facilitant les produits <i>Everything DiSC<\/i>.<\/p>\n<p><b>Chapitre 1 Aper\u00e7u et th\u00e9orie DiSC<\/b><\/p>\n<p><b>Chapitre 2 M\u00e9thodologie de d\u00e9veloppement<\/b><\/p>\n<p><b>C<\/b><b>hapter 3 Administration and Scoring of the Assessment<\/b><\/p>\n<p><b>Chapitre 4 Les \u00e9chelles et les styles DiSC : Fiabilit\u00e9 et validit\u00e9<\/b><\/p>\n<p><b>Chapitre 5 Consid\u00e9rations d\u00e9mographiques<\/b><\/p>\n<p><b>Chapitre 6 Les applications Everything DiSC<\/b><\/p>\n<p><b>Chapitre 7 Le rapport de comparaison de tout le DiSC<\/b><\/p>\n<p><b>Chapitre 8 Interpr\u00e9tation des r\u00e9sultats<\/b><\/p>\n<p><b>Annexes<\/b><\/p>\n<p>Annexe A : Histoire de DiSC<\/p>\n<p>Annexe B : D\u00e9mographie de l&rsquo;\u00e9chantillon Everything DiSC<\/p>\n<p>Annexe C : Corr\u00e9lations entre l&rsquo;\u00e9valuation Everything DiSC et d&rsquo;autres \u00e9valuations<\/p>\n<p>Annexe D : Distribution des styles<\/p>\n<p>Annexe E : Corr\u00e9lations sur le leadership<\/p>\n<p>Annexe F : R\u00e9sultats ANOVA<\/p>\n<p>Annexe G : Corr\u00e9lations entre le profil Work of Leaders et d&rsquo;autres \u00e9valuations<\/p>\n<p>R\u00e9f\u00e9rences<\/p>\n<p>Index<\/p>\n","protected":false},"excerpt":{"rendered":"<p>Un outil de r\u00e9f\u00e9rence complet pour les professionnels qui peuvent acc\u00e9der \u00e0 la recherche et \u00e0 la th\u00e9orie derri\u00e8re <i>Everything DiSC<\/i>. Le manuel fournit une vue d&rsquo;ensemble approfondie du mod\u00e8le DiSC et des diverses applications associ\u00e9es au DiSC. Le <i>manuel Everything DiSC<\/i> est utile \u00e0 tous ceux qui facilitent les produits <i>Everything DiSC<\/i>.<\/p>\n","protected":false},"featured_media":10754,"template":"","meta":[],"product_brand":[],"product_cat":[158,150],"product_tag":[],"class_list":{"0":"post-14007","1":"product","2":"type-product","3":"status-publish","4":"has-post-thumbnail","6":"product_cat-everything-disc-fr","7":"product_cat-livres","9":"first","10":"instock","11":"taxable","12":"shipping-taxable","13":"purchasable","14":"product-type-simple"},"_links":{"self":[{"href":"https:\/\/dev.disc-partners.com\/fr\/wp-json\/wp\/v2\/product\/14007","targetHints":{"allow":["GET"]}}],"collection":[{"href":"https:\/\/dev.disc-partners.com\/fr\/wp-json\/wp\/v2\/product"}],"about":[{"href":"https:\/\/dev.disc-partners.com\/fr\/wp-json\/wp\/v2\/types\/product"}],"wp:featuredmedia":[{"embeddable":true,"href":"https:\/\/dev.disc-partners.com\/fr\/wp-json\/wp\/v2\/media\/10754"}],"wp:attachment":[{"href":"https:\/\/dev.disc-partners.com\/fr\/wp-json\/wp\/v2\/media?parent=14007"}],"wp:term":[{"taxonomy":"product_brand","embeddable":true,"href":"https:\/\/dev.disc-partners.com\/fr\/wp-json\/wp\/v2\/product_brand?post=14007"},{"taxonomy":"product_cat","embeddable":true,"href":"https:\/\/dev.disc-partners.com\/fr\/wp-json\/wp\/v2\/product_cat?post=14007"},{"taxonomy":"product_tag","embeddable":true,"href":"https:\/\/dev.disc-partners.com\/fr\/wp-json\/wp\/v2\/product_tag?post=14007"}],"curies":[{"name":"wp","href":"https:\/\/api.w.org\/{rel}","templated":true}]}}