{"id":14010,"date":"2017-07-22T16:49:07","date_gmt":"2017-07-22T14:49:07","guid":{"rendered":"https:\/\/dev.disc-partners.com\/shop\/buy-everything-disc-management-profile\/"},"modified":"2023-06-05T15:04:29","modified_gmt":"2023-06-05T13:04:29","slug":"acheter-profil-everything-disc-management","status":"publish","type":"product","link":"https:\/\/dev.disc-partners.com\/fr\/produits-disc\/acheter-profil-everything-disc-management\/","title":{"rendered":"Profil Everything DiSC Management"},"content":{"rendered":"<p><strong>Everything DiSC Management<\/strong> inspire les managers sur la fa\u00e7on de faire ressortir le meilleur de chaque employ\u00e9.<\/p>\n<p><strong>Utilisations<\/strong> : management &#8211; d\u00e9l\u00e9gation, motivation, d\u00e9veloppement, gestion du temps et management ascendant<\/p>\n<p>D\u00e9couvrez votre style de management DiSC et apprenez \u00e0 lire les styles des personnes que vous dirigez. R\u00e9sultat : vous <strong>apprenez \u00e0 adapter votre style pour manager<\/strong>, motiver et d\u00e9l\u00e9guer plus efficacement.<\/p>\n<p><strong>Vue approfondie<\/strong><\/p>\n<p>Les managers peuvent avoir \u00e0 diriger une seule personne ou une grande \u00e9quipe. Afin de les aider \u00e0 am\u00e9liorer leur style de management avec les divers membres de l&rsquo;\u00e9quipe,<\/p>\n<ul>\n<li>Votre style de management DiSC<\/li>\n<li>Diriger et d\u00e9l\u00e9guer<\/li>\n<li>Motivation<\/li>\n<li>D\u00e9velopper les autres<\/li>\n<li>Travailler avec votre manager<\/li>\n<\/ul>\n<p><strong>Facile \u00e0 personnaliser<\/strong><\/p>\n<p>Vous pouvez supprimer ou r\u00e9organiser des pages, personnaliser le titre du profil ou imprimer des sections s\u00e9lectionn\u00e9es.<br \/>\nLe profil peut \u00eatre utilis\u00e9 seul ou avec le kit de facilitation qui l&rsquo;accompagne (vendu s\u00e9par\u00e9ment).<\/p>\n<p><strong>Activit\u00e9s de suivi Everything DiSC management :<\/strong><\/p>\n<p>Les managers peuvent avoir \u00e0 diriger une personne ou une grande \u00e9quipe. Afin de les aider \u00e0 am\u00e9liorer leur style de management avec les diff\u00e9rents membres de leur \u00e9quipe, Everything DiSC Management s&rsquo;accompagne d&rsquo;un site web de suivi, o\u00f9 le manager peut trouver de nombreuses explications et quelques outils pour am\u00e9liorer ses connaissances et ses comp\u00e9tences.<\/p>\n<p><strong>Outils suppl\u00e9mentaires<\/strong><\/p>\n<p>Plusieurs outils sont disponibles pour aller plus loin dans la mise en \u0153uvre et le transfert d&rsquo;apprentissage.<\/p>\n<p><strong>Rapport de comparaison Everything DiSC :<\/strong><br \/>\n\u00c9tablir de meilleures relations et faire en sorte que la formation soit suivie ! Ces rapports de suivi de 10 pages, valid\u00e9s par la recherche, peuvent \u00eatre cr\u00e9\u00e9s pour deux participants quelconques afin d&rsquo;illustrer leurs similitudes et leurs diff\u00e9rences.<\/p>\n<p><strong>Everything DiSC Supplement for Facilitators (Suppl\u00e9ment au DiSC pour les animateurs) :<\/strong><br \/>\nFournit des donn\u00e9es plus d\u00e9taill\u00e9es sur une \u00e9valuation Everything DiSC et aide \u00e0 faciliter une discussion plus riche sur le style DiSC d&rsquo;un r\u00e9pondant, y compris sur les \u00e9l\u00e9ments inattendus. Acc\u00e8s illimit\u00e9 \u00e0 tous les profils <em><span class=\"Superscript\">Everything DiSC<\/span><\/em>.<\/p>\n<p><strong>Everything DiSC Team View :<\/strong><br \/>\nFournit une vue d&rsquo;ensemble du groupe de r\u00e9pondants et des cartes DiSC de chacun d&rsquo;entre eux. Le nombre de r\u00e9pondants inclus dans le rapport n&rsquo;est pas limit\u00e9. Vous b\u00e9n\u00e9ficiez d&rsquo;un acc\u00e8s illimit\u00e9 avec tous les profils Everything DiSC.<\/p>\n<p><strong>Everything DiSC rapport du facilitateur :<\/strong><br \/>\nFournit un aper\u00e7u des styles DiSC de votre groupe et des informations sur la fa\u00e7on dont les styles DiSC peuvent avoir un impact sur la culture de votre organisation. Inclut les noms et les styles de chaque participant. Vendu s\u00e9par\u00e9ment.<\/p>\n<p><strong>Everything DiSC Group Culture Report (Rapport sur la culture de groupe DiSC) :<\/strong><br \/>\nD\u00e9terminer la culture DiSC du groupe, explorer ses avantages et ses inconv\u00e9nients, discuter de son effet sur les membres du groupe et examiner son influence sur la prise de d\u00e9cision et la prise de risque. Vendu s\u00e9par\u00e9ment.<\/p>\n<p><strong>Voir un exemple<\/strong><\/p>\n<p><a href=\"https:\/\/dev.disc-partners.com\/documents\/everything_disc_test_management_profile_sample_report_en.pdf\" target=\"new\" rel=\"noopener noreferrer\">Exemple de profil \u00ab\u00a0Management\u00a0\u00bb<\/a><\/p>\n","protected":false},"excerpt":{"rendered":"<p><strong>Everything DiSC Management<\/strong> inspire les managers sur la mani\u00e8re de faire ressortir le meilleur de chaque collaborateur.<\/p>\n<p><strong>Utilisations<\/strong> : formation au management : d\u00e9l\u00e9gation, motivation, d\u00e9veloppement des personnes, management ascendant. Apprenez \u00e0 adapter votre style pour manager plus efficacement.<\/p>\n<p><strong>Finalit\u00e9 :<\/strong><\/p>\n<ul>\n<li>Votre style de management DiSC<\/li>\n<li>Diriger et d\u00e9l\u00e9guer<\/li>\n<li>Motivation<\/li>\n<li>D\u00e9velopper les autres<\/li>\n<li>Travailler avec votre manager<\/li>\n<\/ul>\n<p>Les managers, qu&rsquo;ils soient nouveaux ou exp\u00e9riment\u00e9s, apprennent \u00e0 lire les styles des personnes qu&rsquo;ils g\u00e8rent. Il en r\u00e9sulte des managers qui <strong>adaptent leur style pour g\u00e9rer plus efficacement<\/strong>.<\/p>\n","protected":false},"featured_media":10774,"template":"","meta":[],"product_brand":[],"product_cat":[145,158,3864],"product_tag":[],"class_list":{"0":"post-14010","1":"product","2":"type-product","3":"status-publish","4":"has-post-thumbnail","6":"product_cat-evaluations-profils","7":"product_cat-everything-disc-fr","8":"product_cat-management-et-leadership","10":"first","11":"instock","12":"taxable","13":"shipping-taxable","14":"purchasable","15":"product-type-variable"},"_links":{"self":[{"href":"https:\/\/dev.disc-partners.com\/fr\/wp-json\/wp\/v2\/product\/14010","targetHints":{"allow":["GET"]}}],"collection":[{"href":"https:\/\/dev.disc-partners.com\/fr\/wp-json\/wp\/v2\/product"}],"about":[{"href":"https:\/\/dev.disc-partners.com\/fr\/wp-json\/wp\/v2\/types\/product"}],"wp:featuredmedia":[{"embeddable":true,"href":"https:\/\/dev.disc-partners.com\/fr\/wp-json\/wp\/v2\/media\/10774"}],"wp:attachment":[{"href":"https:\/\/dev.disc-partners.com\/fr\/wp-json\/wp\/v2\/media?parent=14010"}],"wp:term":[{"taxonomy":"product_brand","embeddable":true,"href":"https:\/\/dev.disc-partners.com\/fr\/wp-json\/wp\/v2\/product_brand?post=14010"},{"taxonomy":"product_cat","embeddable":true,"href":"https:\/\/dev.disc-partners.com\/fr\/wp-json\/wp\/v2\/product_cat?post=14010"},{"taxonomy":"product_tag","embeddable":true,"href":"https:\/\/dev.disc-partners.com\/fr\/wp-json\/wp\/v2\/product_tag?post=14010"}],"curies":[{"name":"wp","href":"https:\/\/api.w.org\/{rel}","templated":true}]}}