{"id":14016,"date":"2017-07-22T16:38:15","date_gmt":"2017-07-22T14:38:15","guid":{"rendered":"https:\/\/dev.disc-partners.com\/shop\/everything-disc-workplace-facilitation-kit\/"},"modified":"2023-06-06T09:01:21","modified_gmt":"2023-06-06T07:01:21","slug":"kit-facilitation-everything-disc-workplace","status":"publish","type":"product","link":"https:\/\/dev.disc-partners.com\/fr\/produits-disc\/kit-facilitation-everything-disc-workplace\/","title":{"rendered":"Kit de facilitation Everything DiSC Workplace"},"content":{"rendered":"<p><strong>Kit de facilitation Everything DiSC Workplace :<br \/>\nFaciliter les sessions de formation en utilisant les profils Everything DiSC Workplace.<\/strong><\/p>\n<p>Pourquoi devriez-vous consid\u00e9rer ou acheter le kit de facilitation Everything DiSC Workplace ? Vous pouvez envisager de le faire, m\u00eame s&rsquo;il n&rsquo;y a pas d&rsquo;obligation. Le kit de facilitation Everything DiSC Workplace, disponible en plusieurs langues, offre le contenu de facilitation dont vous avez besoin pour animer en toute confiance une session de formation avec des participants qui ont pass\u00e9 une \u00e9valuation Everything DiSC Workplace et qui souhaitent mieux comprendre le rapport de profil.<\/p>\n<p>Le kit d&rsquo;animation fournit aux formateurs, animateurs, consultants ou managers le contenu d&rsquo;apprentissage dont ils ont besoin pour animer une session d&rsquo;apprentissage. La certification du formateur n&rsquo;est pas obligatoire. Vous pouvez n\u00e9anmoins envisager de vous faire certifier, car cela vous fournit les connaissances, les comp\u00e9tences et les r\u00e9f\u00e9rences qui vous aideront \u00e0 proposer des profils et des formations Everything DiSC Workplace<sup>\u00ae<\/sup>.<\/p>\n<p><strong>Facilitation<\/strong><\/p>\n<p>Le syst\u00e8me de facilitation propose trois modules de 90 minutes, une facilitation enti\u00e8rement sc\u00e9naris\u00e9e avec des activit\u00e9s attrayantes et de la vid\u00e9o ax\u00e9e sur la vie sur le lieu de travail.<br \/>\nIl comprend \u00e9galement un module optionnel de lecture des pr\u00e9f\u00e9rences comportementales des personnes d&rsquo;une dur\u00e9e de 30 minutes.<\/p>\n<p><strong>Facile \u00e0 personnaliser<\/strong><\/p>\n<p>Intervertir les clips vid\u00e9o. Modifier la pr\u00e9sentation PowerPoint, le guide de l&rsquo;animateur et les documents \u00e0 distribuer.<br \/>\nAjouter ou supprimer des sections pour s&rsquo;adapter \u00e0 n&rsquo;importe quel contexte.<\/p>\n<h4>Le kit de facilitation \u00ab\u00a0Everything DiSC Workplace\u00a0\u00bb comprend les \u00e9l\u00e9ments suivants :<\/h4>\n<ul>\n<li>Guide de l&rsquo;animateur en MS Word<\/li>\n<li>PowerPoint<span class=\"Superscript\">\u00ae<\/span> avec vid\u00e9o int\u00e9gr\u00e9e<\/li>\n<li>Vid\u00e9o autonome, pilot\u00e9e par menu<\/li>\n<li>Documents pour les participants en MS Word<\/li>\n<li>Mod\u00e8les et images<\/li>\n<li>Exemple de profil \u00ab\u00a0<em>Everything DiSC Workplace<\/em>\u00ab\u00a0<\/li>\n<li>Exemple de <em>Rapport de comparaison Everything DiSC<\/em><\/li>\n<li>Ressources en ligne et recherche<\/li>\n<li><em>Everything DiSC Workplace guides \u00ab\u00a0mieux travailler avec moi\u00a0\u00bb<\/em><\/li>\n<\/ul>\n<p><strong>Module 1 :<\/strong><em> D\u00e9couvrez votre style DiSC. <\/em><br \/>\nLes participants d\u00e9couvrent comment les styles DiSC affectent leurs relations professionnelles et explorent les priorit\u00e9s qui les animent au travail.<\/p>\n<p><strong>Module 2 : <\/strong><em>Comprendre les autres styles. <\/em><br \/>\nLes participants apprennent ce qui fonctionne pour eux et ce qui leur pose probl\u00e8me lorsqu&rsquo;ils interagissent avec chaque style DiSC.<\/p>\n<p><strong>Module 3 : <\/strong><em>Construire des relations plus efficaces. <\/em><br \/>\nLes participants cr\u00e9ent des strat\u00e9gies et un plan d&rsquo;action pour surmonter les difficult\u00e9s lorsqu&rsquo;ils travaillent avec des personnes aux styles DiSC diff\u00e9rents.<\/p>\n<p><strong>Module<\/strong> de <em>lecture de personnes<\/em> en option.<br \/>\nLes participants apprennent \u00e0 identifier les styles DiSC des autres sur la base d&rsquo;indices comportementaux.<\/p>\n<p><strong>Voir les exemples :<\/strong><\/p>\n<p><a href=\"https:\/\/www.everythingdisc.com\/EverythingDisc\/media\/EverythingDiscMediaLibrary\/Solutions\/Workplace\/Modular%20Facilitation\/Everything_DiSC_Workplace_Program_Overview.pdf\" target=\"_blank\" rel=\"noopener noreferrer\">Exemple de guide de l&rsquo;animateur<\/a><br \/>\n<a href=\"https:\/\/www.everythingdisc.com\/EverythingDisc\/media\/EverythingDiscMediaLibrary\/Solutions\/Workplace\/Modular%20Facilitation\/Everything_DiSC_Workplace_Sample_PowerPoint.pptx\" target=\"_blank\" rel=\"noopener\">Module exemple Workplace<\/a><br \/>\n<a href=\"https:\/\/www.everythingdisc.com\/EverythingDisc\/media\/EverythingDiscMediaLibrary\/Solutions\/Workplace\/Modular%20Facilitation\/Everything_DiSC_Workplace_Program_Overview.pdf\" target=\"_blank\" rel=\"noopener noreferrer\">Exemple de programme Everything DISC Workplace<\/a><\/p>\n<p><strong>Outils suppl\u00e9mentaires<\/strong><\/p>\n<p>Divers outils connexes sont disponibles pour aider les facilitateurs \u00e0 aller plus loin dans la mise en \u0153uvre et le transfert d&rsquo;apprentissage.<\/p>\n<ul>\n<li><strong>Rapport de comparaison Everything DiSC :<\/strong><br \/>\n\u00c9tablir de meilleures relations et faire en sorte que la formation soit suivie ! Ces rapports de suivi de 10 pages, valid\u00e9s par la recherche, peuvent \u00eatre cr\u00e9\u00e9s pour deux participants quelconques afin d&rsquo;illustrer leurs similitudes et leurs diff\u00e9rences.<\/li>\n<li><strong>Everything DiSC Supplement for Facilitators (Suppl\u00e9ment au DiSC pour les animateurs) :<\/strong><br \/>\nFournit des donn\u00e9es plus d\u00e9taill\u00e9es sur une \u00e9valuation Everything DiSC et aide \u00e0 faciliter une discussion plus riche sur le style DiSC d&rsquo;un r\u00e9pondant, y compris sur les \u00e9l\u00e9ments inattendus. Acc\u00e8s illimit\u00e9 \u00e0 tous les profils <em><span class=\"Superscript\">Everything DiSC<\/span><\/em>.<\/li>\n<li><strong>Everything DiSC Team View :<\/strong><br \/>\nFournit une vue d&rsquo;ensemble du groupe de r\u00e9pondants et des cartes DiSC de chacun d&rsquo;entre eux. Le nombre de r\u00e9pondants inclus dans le rapport n&rsquo;est pas limit\u00e9. Acc\u00e8s illimit\u00e9 \u00e0 tous les profils Everything DiSC.<\/li>\n<li><strong>Everything DiSC rapport du facilitateur :<\/strong><br \/>\nFournit une synth\u00e8se des styles DiSC de votre groupe et des informations sur l&rsquo;impact des styles DiSC sur la culture de votre organisation. Inclut les noms et les styles de chaque participant. Vendu s\u00e9par\u00e9ment.<\/li>\n<li><strong>Everything DiSC Group Culture Report (Rapport sur la culture de groupe DiSC) :<\/strong><br \/>\nD\u00e9terminer la culture DiSC du groupe, explorer ses avantages et ses inconv\u00e9nients, discuter de son effet sur les membres du groupe et examiner son influence sur la prise de d\u00e9cision et la prise de risque. Vendu s\u00e9par\u00e9ment.<\/li>\n<\/ul>\n<p><strong>Voir les exemples<\/strong><\/p>\n<p><a href=\"https:\/\/dev.disc-partners.com\/documents\/everything_disc_test_facilitator_report_en.pdf\" target=\"_blank\" rel=\"noopener noreferrer\">Exemple de rapport du facilitateur<\/a><br \/>\n<a href=\"https:\/\/dev.disc-partners.com\/documents\/everything_disc_test_workplace-supplement_for_facilitator_sample_en.pdf\" target=\"_blank\" rel=\"noopener noreferrer\">Exemple de suppl\u00e9ment pour les facilitateurs<\/a><br \/>\n<a href=\"https:\/\/www.everythingdisc.com\/EverythingDisc\/media\/Everything-DiSC-Sample-Reports\/Everything-DiSC%c2%ae-Team-View-2416.pdf\" target=\"_blank\" rel=\"noopener noreferrer\">Exemple de rapport Team View<\/a><br \/>\n<a href=\"https:\/\/dev.disc-partners.com\/documents\/everything_disc_test_group_culture_report_en.pdf\" target=\"_blank\" rel=\"noopener noreferrer\">Exemple de rapport sur la culture de groupe<br \/>\n<\/a><a href=\"https:\/\/dev.disc-partners.com\/documents\/everything_disc_test_comparison_%20report_sample_en.pdf\">Exemple de rapport de comparaison<\/a><\/p>\n<p>Au total, vous trouverez 13 segments suppl\u00e9mentaires dans le kit du formateur Everything DiSC Workplace.<\/p>\n<p>Le syst\u00e8me est facile \u00e0 personnaliser, cela fonctionne de trois mani\u00e8res :<\/p>\n<ul>\n<li>clips autonomes, utiles pour le coaching 1:1<\/li>\n<li>int\u00e9gr\u00e9 au PowerPoint<span class=\"Superscript\">\u00ae<\/span> de facilitation, ou<\/li>\n<li>int\u00e9gr\u00e9e dans votre pr\u00e9sentation PowerPoint personnalis\u00e9e.<\/li>\n<\/ul>\n<p>Les segments vid\u00e9o offrent de nombreuses fonctions conviviales, telles que :<\/p>\n<p><strong>Portabilit\u00e9 totale : l&rsquo;animation, la vid\u00e9o, PowerPoint et les documents des participants sont t\u00e9l\u00e9chargeables.<\/strong><br \/>\n<strong>Assistance en ligne<\/strong> : obtenez les meilleures pratiques les plus r\u00e9centes pour personnaliser votre programme \u00e0 tout moment (nouvelle fonction d&rsquo;aide en ligne). Acc\u00e9der \u00e0 des recherches et des ressources actualis\u00e9es.<\/p>\n","protected":false},"excerpt":{"rendered":"<p>Le kit de facilitation Everything DiSC Workplace compl\u00e8te l&rsquo;\u00e9valuation comportementale et le rapport de profil Everything DiSC Workplace.<\/p>\n<p>Utilisez-le pour une animation attrayante avec des vid\u00e9os convaincantes et un suivi en ligne pour une exp\u00e9rience d&rsquo;apprentissage personnalis\u00e9e.<\/p>\n<p><em>Everything DiSC Workplace se concentre sur :<\/em><\/p>\n<ul>\n<li>D\u00e9couvrir son propre style DiSC<\/li>\n<li>Comprendre les autres styles<\/li>\n<li>B\u00e2tir des relations plus efficaces<\/li>\n<li>Comprend un module optionnel de lecture des personnes<\/li>\n<\/ul>\n<p>Ce kit de facilitation est utilis\u00e9 par les managers, les formateurs en ressources humaines, les consultants ou les coachs pour aider les apprenants \u00e0 \u00e9tablir des <strong>relations de travail plus efficaces<\/strong> et plus productives.<\/p>\n","protected":false},"featured_media":14599,"template":"","meta":[],"product_brand":[],"product_cat":[3857,158,146],"product_tag":[],"class_list":{"0":"post-14016","1":"product","2":"type-product","3":"status-publish","4":"has-post-thumbnail","6":"product_cat-efficacite-en-equipe","7":"product_cat-everything-disc-fr","8":"product_cat-kits-formation","10":"first","11":"instock","12":"taxable","13":"shipping-taxable","14":"purchasable","15":"product-type-variable"},"_links":{"self":[{"href":"https:\/\/dev.disc-partners.com\/fr\/wp-json\/wp\/v2\/product\/14016","targetHints":{"allow":["GET"]}}],"collection":[{"href":"https:\/\/dev.disc-partners.com\/fr\/wp-json\/wp\/v2\/product"}],"about":[{"href":"https:\/\/dev.disc-partners.com\/fr\/wp-json\/wp\/v2\/types\/product"}],"wp:featuredmedia":[{"embeddable":true,"href":"https:\/\/dev.disc-partners.com\/fr\/wp-json\/wp\/v2\/media\/14599"}],"wp:attachment":[{"href":"https:\/\/dev.disc-partners.com\/fr\/wp-json\/wp\/v2\/media?parent=14016"}],"wp:term":[{"taxonomy":"product_brand","embeddable":true,"href":"https:\/\/dev.disc-partners.com\/fr\/wp-json\/wp\/v2\/product_brand?post=14016"},{"taxonomy":"product_cat","embeddable":true,"href":"https:\/\/dev.disc-partners.com\/fr\/wp-json\/wp\/v2\/product_cat?post=14016"},{"taxonomy":"product_tag","embeddable":true,"href":"https:\/\/dev.disc-partners.com\/fr\/wp-json\/wp\/v2\/product_tag?post=14016"}],"curies":[{"name":"wp","href":"https:\/\/api.w.org\/{rel}","templated":true}]}}