{"id":14041,"date":"2015-07-21T16:58:37","date_gmt":"2015-07-21T14:58:37","guid":{"rendered":"https:\/\/dev.disc-partners.com\/shop\/the-five-dysfunctions-of-a-team\/"},"modified":"2023-06-05T16:38:05","modified_gmt":"2023-06-05T14:38:05","slug":"les-cinq-dysfonctions-d-une-equipe","status":"publish","type":"product","link":"https:\/\/dev.disc-partners.com\/fr\/produits-disc\/les-cinq-dysfonctions-d-une-equipe\/","title":{"rendered":"Les cinq dysfonctions d&rsquo;une \u00e9quipe : Une fresque sur le leadership"},"content":{"rendered":"<p>Pr\u00e9sent\u00e9 sous la forme d&rsquo;une fiction, ce livre sur les cinq dysfonctions d&rsquo;une \u00e9quipe, qui traite de la cr\u00e9ation d&rsquo;une \u00e9quipe coh\u00e9sive, se lit facilement et rapidement. Comme toutes les bonnes contes, elle d\u00e9livre un message fort. Les lecteurs d\u00e9couvrent un mod\u00e8le qui peut transformer les \u00e9quipes. Le mod\u00e8le d\u00e9crivant les raisons pour lesquelles les \u00e9quipes \u00e9chouent parfois est simple : absence de confiance, peur du conflit, manque d&rsquo;engagement, \u00e9vitement de la responsabilit\u00e9 et inattention aux r\u00e9sultats.<\/p>\n<p>Il faut du travail pour surmonter ces difficult\u00e9s courantes, et la derni\u00e8re partie de l&rsquo;ouvrage propose des mesures concr\u00e8tes pour aider un responsable \u00e0 faire progresser une \u00e9quipe vers la coh\u00e9sion.<\/p>\n<p>Le mod\u00e8le utilis\u00e9 par la PDG dans la fable pour travailler avec son \u00e9quipe est incorpor\u00e9 &#8211; avec le mod\u00e8le Everything DiSC &#8211; dans un nouvel outil d&rsquo;\u00e9valuation d&rsquo;\u00e9quipe et de facilitation de programme (veuillez nous contacter si vous \u00eates int\u00e9ress\u00e9 par cet outil).<\/p>\n<p>Les cinq dysfonctions d&rsquo;une \u00e9quipe a \u00e9t\u00e9 vendu \u00e0 plus de deux millions d&rsquo;exemplaires. Des entreprises, des \u00e9coles de commerce, des \u00e9glises, des organisations \u00e0 but non lucratif et des \u00e9quipes sportives professionnelles ont utilis\u00e9 les concepts de ce livre.<\/p>\n","protected":false},"excerpt":{"rendered":"<p>Pr\u00e9sent\u00e9 sous la forme d&rsquo;une fiction, ce livre sur les cinq dysfonctions d&rsquo;une \u00e9quipe, qui traite de la cr\u00e9ation d&rsquo;une \u00e9quipe coh\u00e9sive, se lit facilement et rapidement. Comme toutes les bonnes contes, elle d\u00e9livre un message fort. Les lecteurs d\u00e9couvrent un mod\u00e8le qui peut transformer les \u00e9quipes. Le mod\u00e8le d\u00e9crivant les raisons pour lesquelles les [&hellip;]<\/p>\n","protected":false},"featured_media":9975,"template":"","meta":[],"product_brand":[],"product_cat":[2607,3857,150],"product_tag":[],"class_list":{"0":"post-14041","1":"product","2":"type-product","3":"status-publish","4":"has-post-thumbnail","6":"product_cat-cinq-comportements","7":"product_cat-efficacite-en-equipe","8":"product_cat-livres","10":"first","11":"instock","12":"taxable","13":"shipping-taxable","14":"purchasable","15":"product-type-simple"},"_links":{"self":[{"href":"https:\/\/dev.disc-partners.com\/fr\/wp-json\/wp\/v2\/product\/14041","targetHints":{"allow":["GET"]}}],"collection":[{"href":"https:\/\/dev.disc-partners.com\/fr\/wp-json\/wp\/v2\/product"}],"about":[{"href":"https:\/\/dev.disc-partners.com\/fr\/wp-json\/wp\/v2\/types\/product"}],"wp:featuredmedia":[{"embeddable":true,"href":"https:\/\/dev.disc-partners.com\/fr\/wp-json\/wp\/v2\/media\/9975"}],"wp:attachment":[{"href":"https:\/\/dev.disc-partners.com\/fr\/wp-json\/wp\/v2\/media?parent=14041"}],"wp:term":[{"taxonomy":"product_brand","embeddable":true,"href":"https:\/\/dev.disc-partners.com\/fr\/wp-json\/wp\/v2\/product_brand?post=14041"},{"taxonomy":"product_cat","embeddable":true,"href":"https:\/\/dev.disc-partners.com\/fr\/wp-json\/wp\/v2\/product_cat?post=14041"},{"taxonomy":"product_tag","embeddable":true,"href":"https:\/\/dev.disc-partners.com\/fr\/wp-json\/wp\/v2\/product_tag?post=14041"}],"curies":[{"name":"wp","href":"https:\/\/api.w.org\/{rel}","templated":true}]}}