{"id":14059,"date":"2015-07-21T11:23:54","date_gmt":"2015-07-21T09:23:54","guid":{"rendered":"https:\/\/dev.disc-partners.com\/shop\/everything-disc-facilitator-report\/"},"modified":"2023-06-21T21:40:04","modified_gmt":"2023-06-21T19:40:04","slug":"rapport-everything-disc-facilitator-report","status":"publish","type":"product","link":"https:\/\/dev.disc-partners.com\/fr\/produits-disc\/rapport-everything-disc-facilitator-report\/","title":{"rendered":"Rapport du facilitateur Everything DiSC"},"content":{"rendered":"<p>Le rapport Everything DiSC Facilitator Report fournit une <strong>synth\u00e8se des styles DiSC de votre groupe<\/strong> et des informations sur la fa\u00e7on dont les styles DiSC peuvent <strong>impacter la culture de votre organisation<\/strong>. Il inclut les noms et les styles de chaque participant, contrairement au rapport sur la culture de groupe de Everything DiSC.<\/p>\n<p>Ce rapport est cr\u00e9\u00e9 \u00e0 partir de 3 profils DiSC Everything individuels ou plus.<br \/>\nIl fonctionne avec Workplace, Management ou Sales.<\/p>\n<p>Les sections comprennent :<\/p>\n<ul>\n<li>Votre culture DiSC<\/li>\n<li>La culture D<\/li>\n<li>La culture i<\/li>\n<li>La culture S<\/li>\n<li>La culture C<\/li>\n<li>R\u00e9sum\u00e9 des donn\u00e9es (liste des noms et des styles des membres)<\/li>\n<\/ul>\n<p>Le rapport du facilitateur Everything DiSC pr\u00e9sente les <strong>enjeux \u00e0 prendre en compte en ce qui concerne la culture de votre groupe<\/strong>. Ils peuvent \u00eatre utilis\u00e9s pour <strong>faciliter la discussion<\/strong>. Cela se fait souvent lors d&rsquo;une session de suivi apr\u00e8s avoir pr\u00e9sent\u00e9 le DiSC \u00e0 votre groupe.<\/p>\n<p>Pour les groupes plus restreints, la fin de ce rapport contient une page de r\u00e9f\u00e9rence bonus qui montre les quadrants du DiSC et \u00e9num\u00e8re les membres dont les styles principaux se situent dans chaque quadrant. Cette page n&rsquo;appara\u00eetra pas s&rsquo;il y a plus de 16 personnes dans un m\u00eame quadrant du DiSC. La carte du groupe avec les noms est g\u00e9n\u00e9r\u00e9e pour les groupes de 26 personnes ou moins.<\/p>\n<p>Exemple de rapport<\/p>\n<p><img loading=\"lazy\" decoding=\"async\" class=\"\" src=\"https:\/\/dev.disc-partners.com\/wp-content\/uploads\/pdficon_small.png\" alt=\"Fichier PDF\" width=\"30\" height=\"30\" border=\"0\" \/> <a href=\"https:\/\/dev.disc-partners.com\/documents\/everything_disc_exemple_de_rapport_facilitateur_ANGLAIS.pdf\"> Everything DiSC Facilitator Report<\/a><\/p>\n<p>&nbsp;<\/p>\n","protected":false},"excerpt":{"rendered":"<p><strong>Everything DiSC Facilitator Report : <\/strong>Fournit un aper\u00e7u des styles DiSC de votre groupe et des informations sur la fa\u00e7on dont les styles DiSC peuvent avoir un impact sur la culture de votre organisation. Inclut les noms et les styles de chaque participant.<\/p>\n<p>Le rapport du facilitateur Everything DiSC pr\u00e9sente les enjeux \u00e0 prendre en compte en ce qui concerne la culture de votre groupe. Ils peuvent \u00eatre utilis\u00e9s pour <strong>faciliter la discussion<\/strong>. Cela se fait souvent lors d&rsquo;une session de suivi apr\u00e8s avoir pr\u00e9sent\u00e9 le DiSC \u00e0 votre groupe. Rendez le groupe <strong>plus efficace<\/strong> dans ses interactions et rep\u00e9rez les zones d&rsquo;ombre.<\/p>\n","protected":false},"featured_media":10762,"template":"","meta":[],"product_brand":[],"product_cat":[158,3702],"product_tag":[],"class_list":{"0":"post-14059","1":"product","2":"type-product","3":"status-publish","4":"has-post-thumbnail","6":"product_cat-everything-disc-fr","7":"product_cat-rapports-groupe","9":"first","10":"instock","11":"virtual","12":"taxable","13":"purchasable","14":"product-type-simple"},"_links":{"self":[{"href":"https:\/\/dev.disc-partners.com\/fr\/wp-json\/wp\/v2\/product\/14059","targetHints":{"allow":["GET"]}}],"collection":[{"href":"https:\/\/dev.disc-partners.com\/fr\/wp-json\/wp\/v2\/product"}],"about":[{"href":"https:\/\/dev.disc-partners.com\/fr\/wp-json\/wp\/v2\/types\/product"}],"wp:featuredmedia":[{"embeddable":true,"href":"https:\/\/dev.disc-partners.com\/fr\/wp-json\/wp\/v2\/media\/10762"}],"wp:attachment":[{"href":"https:\/\/dev.disc-partners.com\/fr\/wp-json\/wp\/v2\/media?parent=14059"}],"wp:term":[{"taxonomy":"product_brand","embeddable":true,"href":"https:\/\/dev.disc-partners.com\/fr\/wp-json\/wp\/v2\/product_brand?post=14059"},{"taxonomy":"product_cat","embeddable":true,"href":"https:\/\/dev.disc-partners.com\/fr\/wp-json\/wp\/v2\/product_cat?post=14059"},{"taxonomy":"product_tag","embeddable":true,"href":"https:\/\/dev.disc-partners.com\/fr\/wp-json\/wp\/v2\/product_tag?post=14059"}],"curies":[{"name":"wp","href":"https:\/\/api.w.org\/{rel}","templated":true}]}}