{"id":14062,"date":"2015-07-21T11:12:27","date_gmt":"2015-07-21T09:12:27","guid":{"rendered":"https:\/\/dev.disc-partners.com\/shop\/everything-disc-team-view-report\/"},"modified":"2023-06-15T09:32:32","modified_gmt":"2023-06-15T07:32:32","slug":"rapport-everything-disc-team-view","status":"publish","type":"product","link":"https:\/\/dev.disc-partners.com\/fr\/produits-disc\/rapport-everything-disc-team-view\/","title":{"rendered":"Rapport Everything DiSC Team View"},"content":{"rendered":"<p>Achetez le rapport Everything DiSC Team View gratuitement ! Il indique le style et l&#8217;emplacement des points pour chaque participant de votre groupe d&rsquo;\u00e9valuation Everything DiSC<sup>\u00ae<\/sup>. Il permet de voir facilement le score de chacun et d&rsquo;afficher leur nom.<\/p>\n<p>Le nombre de r\u00e9pondants pouvant \u00eatre inclus dans le rapport n&rsquo;est pas limit\u00e9. Nous recommandons de l&rsquo;utiliser \u00e0 partir de 3 participants. Le rapport Team View fonctionne avec Workplace, Management ou Sales.<\/p>\n<p>Certains animateurs travaillant avec un groupe qui jouit d&rsquo;une grande confiance partageront cette information avec leur groupe. D&rsquo;autres facilitateurs demanderont au groupe s&rsquo;il souhaite que les informations soient partag\u00e9es, ou ne les partageront pas du tout. Cette vision particuli\u00e8re des tendances individuelles dans le groupe n&rsquo;est pas disponible dans le Everything DiSC Facilitator Report ni dans le Everything DiSC Group Culture Report.<\/p>\n<p><strong>Exemple de rapport<\/strong><\/p>\n<p><img loading=\"lazy\" decoding=\"async\" class=\"\" src=\"https:\/\/dev.disc-partners.com\/wp-content\/uploads\/pdficon_small.png\" alt=\"Fichier PDF\" width=\"37\" height=\"37\" border=\"0\" \/> <a href=\"https:\/\/dev.disc-partners.com\/documents\/everything_disc_exemple_de_team_view.pdf\">Rapport Everything DiSC Team View<\/a><\/p>\n","protected":false},"excerpt":{"rendered":"<p><strong>Everything DiSC Team View :<\/strong><\/p>\n<ul>\n<li>Fournit une vue d&rsquo;ensemble du groupe de r\u00e9pondants et des cartes DiSC de chacun d&rsquo;entre eux.<\/li>\n<li>Le nombre de r\u00e9pondants inclus dans le rapport n&rsquo;est pas limit\u00e9.<\/li>\n<li>Acc\u00e8s illimit\u00e9 \u00e0 tous les profils Everything DiSC.<\/li>\n<\/ul>\n<p>Ce rapport est <strong>gratuit<\/strong> et fournit un <strong>aper\u00e7u visuel<\/strong> des cartes DiSC des groupes. Comprendre o\u00f9 se situe la majorit\u00e9 du groupe sur la carte DiSC et engager des <strong>discussions riches<\/strong> sur la mani\u00e8re <strong>d&rsquo;am\u00e9liorer les interactions<\/strong> pour tous.<\/p>\n","protected":false},"featured_media":10786,"template":"","meta":[],"product_brand":[],"product_cat":[158,3702],"product_tag":[],"class_list":{"0":"post-14062","1":"product","2":"type-product","3":"status-publish","4":"has-post-thumbnail","6":"product_cat-everything-disc-fr","7":"product_cat-rapports-groupe","9":"first","10":"instock","11":"virtual","12":"taxable","13":"purchasable","14":"product-type-simple"},"_links":{"self":[{"href":"https:\/\/dev.disc-partners.com\/fr\/wp-json\/wp\/v2\/product\/14062","targetHints":{"allow":["GET"]}}],"collection":[{"href":"https:\/\/dev.disc-partners.com\/fr\/wp-json\/wp\/v2\/product"}],"about":[{"href":"https:\/\/dev.disc-partners.com\/fr\/wp-json\/wp\/v2\/types\/product"}],"wp:featuredmedia":[{"embeddable":true,"href":"https:\/\/dev.disc-partners.com\/fr\/wp-json\/wp\/v2\/media\/10786"}],"wp:attachment":[{"href":"https:\/\/dev.disc-partners.com\/fr\/wp-json\/wp\/v2\/media?parent=14062"}],"wp:term":[{"taxonomy":"product_brand","embeddable":true,"href":"https:\/\/dev.disc-partners.com\/fr\/wp-json\/wp\/v2\/product_brand?post=14062"},{"taxonomy":"product_cat","embeddable":true,"href":"https:\/\/dev.disc-partners.com\/fr\/wp-json\/wp\/v2\/product_cat?post=14062"},{"taxonomy":"product_tag","embeddable":true,"href":"https:\/\/dev.disc-partners.com\/fr\/wp-json\/wp\/v2\/product_tag?post=14062"}],"curies":[{"name":"wp","href":"https:\/\/api.w.org\/{rel}","templated":true}]}}