{"id":14065,"date":"2015-07-21T10:37:46","date_gmt":"2015-07-21T08:37:46","guid":{"rendered":"https:\/\/dev.disc-partners.com\/shop\/everything-disc-work-of-leaders-group-report\/"},"modified":"2023-06-16T10:03:30","modified_gmt":"2023-06-16T08:03:30","slug":"rapport-de-groupe-everything-disc-work-of-leaders","status":"publish","type":"product","link":"https:\/\/dev.disc-partners.com\/fr\/produits-disc\/rapport-de-groupe-everything-disc-work-of-leaders\/","title":{"rendered":"Rapport de groupe Everything DiSC Work of Leaders"},"content":{"rendered":"<p>Le rapport de groupe Everything DiSC Work of Leaders est con\u00e7u exclusivement pour \u00eatre utilis\u00e9 avec le profil Everything DiSC Work of Leaders et rassemble les donn\u00e9es des participants pour fournir une <strong>vue d&rsquo;ensemble du groupe<\/strong>. Les graphiques illustrent l&rsquo;approche du groupe en mati\u00e8re de <strong>vision, d&rsquo;alignement et d&rsquo;ex\u00e9cution<\/strong> et permettent d&rsquo;explorer les <strong>forces et les d\u00e9fis<\/strong> globaux du groupe afin de cr\u00e9er un <strong>plan d&rsquo;action<\/strong> pour sa r\u00e9ussite.<\/p>\n<p>Ce rapport est cr\u00e9\u00e9 \u00e0 partir de 3 ou plusieurs profils individuels Everything DiSC Work of Leaders compl\u00e9t\u00e9s. Des questions de discussion peuvent aider les membres du groupe \u00e0 <strong>dialoguer<\/strong> sur les implications des <strong>tendances du groupe<\/strong>. Les pages de synth\u00e8se fournissent des informations sur les principales forces et difficult\u00e9s du groupe, ainsi que sur les <strong>mesures concr\u00e8tes \u00e0 prendre<\/strong>.<\/p>\n<p>Contrairement au rapport du facilitateur \u00a0\u00bb Everything DiSC Work of Leaders \u00ab\u00a0, les noms des individus n&rsquo;apparaissent pas dans ce rapport, qui comprend une page consacr\u00e9e au <strong>plan d&rsquo;action du groupe<\/strong>. Il s&rsquo;agit d&rsquo;un excellent rapport \u00e0 partager avec votre groupe et \u00e0 <strong>prolonger leur engagement et leur apprentissage<\/strong>.<\/p>\n<p>Commandez avec au moins 3 profils individuels Work of Leaders.<\/p>\n<p>Exemple de rapport<\/p>\n<p><img loading=\"lazy\" decoding=\"async\" class=\"\" src=\"https:\/\/dev.disc-partners.com\/wp-content\/uploads\/pdficon_small.png\" alt=\"Fichier PDF\" width=\"30\" height=\"30\" border=\"0\" \/> <a href=\"https:\/\/dev.disc-partners.com\/documents\/everything_disc_test_work_of_leaders_facilitator_report_ sample_en.pdf\">Rapport du facilitateur Everything DiSC Work of Leaders<\/a><\/p>\n<p>&nbsp;<\/p>\n","protected":false},"excerpt":{"rendered":"<p>Le rapport de groupe Everything DiSC<sup>\u00ae<\/sup> Work of Leaders rassemble les donn\u00e9es des participants pour fournit une <strong>vue d&rsquo;ensemble synth\u00e9tique<\/strong> du groupe.<\/p>\n<p>Les graphiques illustrent l&rsquo;approche du groupe en mati\u00e8re de <strong>vision, d&rsquo;alignement et d&rsquo;ex\u00e9cution<\/strong> et permettent d&rsquo;explorer les <strong>forces et les d\u00e9fis<\/strong> globaux du groupe afin de cr\u00e9er un <strong>plan d&rsquo;action<\/strong> pour sa r\u00e9ussite.<\/p>\n<p>Utilisation : con\u00e7u exclusivement pour \u00eatre utilis\u00e9 avec le profil DiSC Work of Leaders.<\/p>\n<p><strong>Am\u00e9liorer la coh\u00e9rence de la vision, de l&rsquo;alignement et des capacit\u00e9s d&rsquo;ex\u00e9cution de votre groupe de direction.<\/strong><\/p>\n","protected":false},"featured_media":10798,"template":"","meta":[],"product_brand":[],"product_cat":[158,3702],"product_tag":[],"class_list":{"0":"post-14065","1":"product","2":"type-product","3":"status-publish","4":"has-post-thumbnail","6":"product_cat-everything-disc-fr","7":"product_cat-rapports-groupe","9":"first","10":"instock","11":"virtual","12":"taxable","13":"purchasable","14":"product-type-simple"},"_links":{"self":[{"href":"https:\/\/dev.disc-partners.com\/fr\/wp-json\/wp\/v2\/product\/14065","targetHints":{"allow":["GET"]}}],"collection":[{"href":"https:\/\/dev.disc-partners.com\/fr\/wp-json\/wp\/v2\/product"}],"about":[{"href":"https:\/\/dev.disc-partners.com\/fr\/wp-json\/wp\/v2\/types\/product"}],"wp:featuredmedia":[{"embeddable":true,"href":"https:\/\/dev.disc-partners.com\/fr\/wp-json\/wp\/v2\/media\/10798"}],"wp:attachment":[{"href":"https:\/\/dev.disc-partners.com\/fr\/wp-json\/wp\/v2\/media?parent=14065"}],"wp:term":[{"taxonomy":"product_brand","embeddable":true,"href":"https:\/\/dev.disc-partners.com\/fr\/wp-json\/wp\/v2\/product_brand?post=14065"},{"taxonomy":"product_cat","embeddable":true,"href":"https:\/\/dev.disc-partners.com\/fr\/wp-json\/wp\/v2\/product_cat?post=14065"},{"taxonomy":"product_tag","embeddable":true,"href":"https:\/\/dev.disc-partners.com\/fr\/wp-json\/wp\/v2\/product_tag?post=14065"}],"curies":[{"name":"wp","href":"https:\/\/api.w.org\/{rel}","templated":true}]}}