{"id":14104,"date":"2015-07-21T10:30:18","date_gmt":"2015-07-21T08:30:18","guid":{"rendered":"https:\/\/dev.disc-partners.com\/shop\/everything-disc-work-of-leaders-facilitator-report\/"},"modified":"2023-06-06T08:53:00","modified_gmt":"2023-06-06T06:53:00","slug":"rapport-du-facilitateur-everything-disc-work-of-leaders","status":"publish","type":"product","link":"https:\/\/dev.disc-partners.com\/fr\/produits-disc\/rapport-du-facilitateur-everything-disc-work-of-leaders\/","title":{"rendered":"Rapport de facilitateur Everything DiSC\u00ae Work of Leaders"},"content":{"rendered":"<p>Le Rapport du Facilitateur Everything DiSC Work of Leaders est con\u00e7u exclusivement pour \u00eatre utilis\u00e9 avec le Profil Everything DiSC Work of Leaders et rassemble les donn\u00e9es des participants pour fournir une <strong>vue d&rsquo;ensemble synth\u00e9tique du groupe<\/strong>. Les graphiques illustrent l&rsquo;approche du groupe en mati\u00e8re de <strong>vision, d&rsquo;alignement et d&rsquo;ex\u00e9cution<\/strong> et permettent d&rsquo;explorer les <strong>forces et les d\u00e9fis<\/strong> globaux du groupe afin de cr\u00e9er un <strong>plan d&rsquo;action<\/strong> pour sa r\u00e9ussite.<\/p>\n<p><strong>Ce rapport est tr\u00e8s similaire au rapport de groupe Everything DiSC Work of Leaders<\/strong> : la seule diff\u00e9rence entre les deux est que les noms des participants apparaissent dans le rapport du facilitateur et non dans le rapport du groupe.<\/p>\n<p>Le rapport est cr\u00e9\u00e9 \u00e0 partir de 3 ou plusieurs profils individuels compl\u00e9t\u00e9s Everything DiSC Work of Leaders. Des questions de discussion peuvent aider les membres du groupe \u00e0 <strong>dialoguer<\/strong> sur les implications des <strong>tendances du groupe<\/strong>. Les pages de synth\u00e8se fournissent des informations sur les principales forces et difficult\u00e9s du groupe, ainsi que sur les <strong>mesures concr\u00e8tes \u00e0 prendre<\/strong>.<\/p>\n<p>Contrairement au rapport du facilitateur \u00a0\u00bb Everything DiSC Work of Leaders \u00ab\u00a0, les noms des individus n&rsquo;apparaissent pas dans ce rapport, qui comprend une page consacr\u00e9e au <strong>plan d&rsquo;action du groupe<\/strong>. Il s&rsquo;agit d&rsquo;un excellent rapport \u00e0 partager avec votre groupe et \u00e0 <strong>prolonger leur engagement et leur apprentissage<\/strong>.<\/p>\n<p>Commandez avec au moins 3 profils individuels Work of Leaders.<\/p>\n<p>Exemple de rapport<\/p>\n<p><img loading=\"lazy\" decoding=\"async\" class=\"\" src=\"https:\/\/dev.disc-partners.com\/wp-content\/uploads\/pdficon_small.png\" alt=\"Fichier PDF\" width=\"30\" height=\"30\" border=\"0\"\/> <a href=\"https:\/\/www.everythingdisc.com\/EverythingDisc\/media\/Everything-DiSC-Sample-Reports\/Everything-DiSC-Work-of-Leaders%c2%ae-Facilitator-Report-2416.pdf\" target=\"_blank\" rel=\"noopener\">Rapport de facilitateur Everything DiSC Work of Leaders<\/a><\/p>\n<p>&nbsp;<\/p>\n","protected":false},"excerpt":{"rendered":"<div class=\"woocommerce-product-details__short-description\">\n<p>Le rapport du facilitateur Everything DiSC<sup>\u00ae<\/sup> Work of Leaders rassemble les donn\u00e9es des participants pour fournir une <strong>vue d&rsquo;ensemble synth\u00e9tique du groupe<\/strong>.<\/p>\n<p>Les graphiques illustrent l&rsquo;<strong>approche du groupe en mati\u00e8re de vision, d&rsquo;alignement et d&rsquo;ex\u00e9cution<\/strong>, ce qui permet d&rsquo;explorer <strong>les forces et les d\u00e9fis globaux du groupe<\/strong> et de cr\u00e9er un <strong>plan d&rsquo;action pour r\u00e9ussir<\/strong>.<\/p>\n<p>Utilisation : con\u00e7u exclusivement pour \u00eatre utilis\u00e9 avec le profil DiSC Work of Leaders.<\/p>\n<p><strong>Am\u00e9liorer la coh\u00e9rence de la vision, de l&rsquo;alignement et des capacit\u00e9s d&rsquo;ex\u00e9cution de votre groupe de direction.<\/strong><\/p>\n<\/div>\n","protected":false},"featured_media":10794,"template":"","meta":[],"product_brand":[],"product_cat":[158,3702],"product_tag":[],"class_list":{"0":"post-14104","1":"product","2":"type-product","3":"status-publish","4":"has-post-thumbnail","6":"product_cat-everything-disc-fr","7":"product_cat-rapports-groupe","9":"first","10":"instock","11":"virtual","12":"taxable","13":"purchasable","14":"product-type-simple"},"_links":{"self":[{"href":"https:\/\/dev.disc-partners.com\/fr\/wp-json\/wp\/v2\/product\/14104","targetHints":{"allow":["GET"]}}],"collection":[{"href":"https:\/\/dev.disc-partners.com\/fr\/wp-json\/wp\/v2\/product"}],"about":[{"href":"https:\/\/dev.disc-partners.com\/fr\/wp-json\/wp\/v2\/types\/product"}],"wp:featuredmedia":[{"embeddable":true,"href":"https:\/\/dev.disc-partners.com\/fr\/wp-json\/wp\/v2\/media\/10794"}],"wp:attachment":[{"href":"https:\/\/dev.disc-partners.com\/fr\/wp-json\/wp\/v2\/media?parent=14104"}],"wp:term":[{"taxonomy":"product_brand","embeddable":true,"href":"https:\/\/dev.disc-partners.com\/fr\/wp-json\/wp\/v2\/product_brand?post=14104"},{"taxonomy":"product_cat","embeddable":true,"href":"https:\/\/dev.disc-partners.com\/fr\/wp-json\/wp\/v2\/product_cat?post=14104"},{"taxonomy":"product_tag","embeddable":true,"href":"https:\/\/dev.disc-partners.com\/fr\/wp-json\/wp\/v2\/product_tag?post=14104"}],"curies":[{"name":"wp","href":"https:\/\/api.w.org\/{rel}","templated":true}]}}