{"id":14128,"date":"2015-07-20T15:01:57","date_gmt":"2015-07-20T13:01:57","guid":{"rendered":"https:\/\/dev.disc-partners.com\/shop\/everything-disc-management-facilitation-kit\/"},"modified":"2024-01-03T15:05:47","modified_gmt":"2024-01-03T13:05:47","slug":"kit-de-facilitation-everything-disc-management","status":"publish","type":"product","link":"https:\/\/dev.disc-partners.com\/fr\/produits-disc\/kit-de-facilitation-everything-disc-management\/","title":{"rendered":"Kit de facilitation Everything DiSC Management"},"content":{"rendered":"<h2>Kit de facilitation Everything DiSC Management :<\/h2>\n<p><strong>Facilitez les sessions de formation en utilisant les profils de Management Everything DiSC.<\/strong><\/p>\n<p>Pourquoi devriez-vous envisager ou acheter un kit de facilitation Everything DiSC Management ? Vous pouvez envisager de le faire, m\u00eame s&rsquo;il n&rsquo;y a pas d&rsquo;obligation. Le kit de facilitation Everything DiSC Management, disponible en plusieurs langues, offre le contenu de facilitation dont vous avez besoin, afin de faciliter une session de formation avec des participants, qui ont pass\u00e9 une \u00e9valuation Everything DiSC Management et qui souhaitent mieux comprendre le rapport de profil.<\/p>\n<p>Le kit d&rsquo;animation fournit aux formateurs, animateurs, consultants ou managers le contenu d&rsquo;apprentissage dont ils ont besoin pour animer une session d&rsquo;apprentissage. La certification du formateur n&rsquo;est pas obligatoire. Vous pouvez n\u00e9anmoins envisager de vous faire certifier car cela vous permet d&rsquo;acqu\u00e9rir les connaissances, les comp\u00e9tences et les r\u00e9f\u00e9rences qui vous aideront \u00e0 d\u00e9livrer les profils et les formations Everything DiSC Management<sup>\u00ae<\/sup>.<\/p>\n<p><em>Le syst\u00e8me de facilitation propose six modules d&rsquo;une heure, une facilitation enti\u00e8rement sc\u00e9naris\u00e9e avec des activit\u00e9s exp\u00e9rientielles et de r\u00e9flexion engageantes. Des notes \u00e0 l&rsquo;intention du facilitateur donnent des suggestion pour maximiser l&rsquo;apprentissage.<\/em><\/p>\n<p><strong>Facile \u00e0 personnaliser<\/strong><\/p>\n<p>Des solutions adapt\u00e9es \u00e0 vos besoins. Cr\u00e9ez un programme sur mesure pour chaque session. Intervertir les clips vid\u00e9o. Modifier la pr\u00e9sentation PowerPoint\u00ae, le guide de l&rsquo;animateur et les documents \u00e0 distribuer. Ajouter ou supprimer des sections pour s&rsquo;adapter \u00e0 n&rsquo;importe quel horaire.<\/p>\n<p><strong>Le kit de facilitation \u00ab\u00a0Everything DiSC Workplace\u00a0\u00bb comprend les \u00e9l\u00e9ments suivants :<\/strong><\/p>\n<ul>\n<li>Guide de l&rsquo;animateur en MS Word<\/li>\n<li>PowerPoint<span class=\"Superscript\">\u00ae<\/span> avec vid\u00e9o int\u00e9gr\u00e9e<\/li>\n<li>Vid\u00e9o autonome, pilot\u00e9e par menu<\/li>\n<li>Documents pour les participants en MS Word<\/li>\n<li>Mod\u00e8les et images<\/li>\n<li>Exemple de <em>profil Everything DiSC Management<\/em><\/li>\n<li>Exemple de <em>Rapport de comparaison Everything DiSC<\/em><\/li>\n<li>Section des ressources et de la recherche<\/li>\n<li><em>Guides d&rsquo;interaction Everything DiSC Management<\/em> (pour 24 participants)<\/li>\n<\/ul>\n<h4>Sections<\/h4>\n<p>Everything DiSC Management accro\u00eet l&rsquo;efficacit\u00e9 du management en se concentrant sur cinq domaines cl\u00e9s :<\/p>\n<p><strong>Module 1 and 2:<\/strong><em> Introduction \u00e0 votre style de management. <\/em><br \/>\nLes participants d\u00e9couvrent comment DiSC influence le style de management, y compris le style de prise de d\u00e9cision et la gestion des probl\u00e8mes. Les participants apprendront \u00e9galement \u00e0 identifier les styles DiSC des autres \u00e0 l&rsquo;aide d&rsquo;indices comportementaux.<\/p>\n<p><strong>Module 3: <\/strong><em>Diriger &amp; d\u00e9l\u00e9guer.<\/em><br \/>\nLes managers d\u00e9couvrent leurs forces et leurs difficult\u00e9s lorsqu&rsquo;ils dirigent et d\u00e9l\u00e8guent, et comment adapter leur comportement pour manager les gens plus efficacement.<\/p>\n<p><strong>Module 4: <\/strong><em>Cr\u00e9er un environnement motivant. <\/em><br \/>\nLes participants d\u00e9couvrent comment les styles DiSC influencent la fa\u00e7on dont les gens sont motiv\u00e9s.<\/p>\n<p><strong>Module 5: <\/strong><em>D\u00e9velopper les autres. <\/em><br \/>\nLes managers apprennent \u00e0 fournir des ressources, un environnement et des opportunit\u00e9s qui favorisent le d\u00e9veloppement professionnel \u00e0 long terme, en se basant sur DiSC.<\/p>\n<p><strong>Module 6:<\/strong> <em>Travailler avec son manager.<br \/>\nLes participants apprennent \u00e0 influencer et \u00e0 communiquer efficacement avec leurs managers en r\u00e9pondant \u00e0 leurs besoins et pr\u00e9f\u00e9rences DiSC.<\/em><\/p>\n<p>Plusieurs outils sont disponibles pour aller plus loin dans la mise en \u0153uvre et le transfert d&rsquo;apprentissage.<\/p>\n<p><strong>Rapport de comparaison Everything DiSC :<\/strong><br \/>\n\u00c9tablir de meilleures relations et faire en sorte que la formation soit suivie ! Ces rapports de suivi de 10 pages, valid\u00e9s par la recherche, peuvent \u00eatre cr\u00e9\u00e9s pour deux participants quelconques afin d&rsquo;illustrer leurs similitudes et leurs diff\u00e9rences.<\/p>\n<p><strong>Everything DiSC Supplement for Facilitators (Suppl\u00e9ment au DiSC pour les animateurs) :<\/strong><br \/>\nProcure des donn\u00e9es plus d\u00e9taill\u00e9es sur une \u00e9valuation Everything DiSC et aide \u00e0 faciliter une discussion plus riche sur le style DiSC d&rsquo;un r\u00e9pondant, y compris sur les \u00e9l\u00e9ments inattendus. Acc\u00e8s illimit\u00e9 \u00e0 tous les profils <em><span class=\"Superscript\">Everything DiSC<\/span><\/em>.<\/p>\n<p><strong>Everything DiSC Team View :<\/strong><br \/>\nFournit une vue d&rsquo;ensemble du groupe de r\u00e9pondants et des cartes DiSC de chacun d&rsquo;entre eux. Le nombre de r\u00e9pondants inclus dans le rapport n&rsquo;est pas limit\u00e9. Vous b\u00e9n\u00e9ficiez d&rsquo;un acc\u00e8s illimit\u00e9 avec tous les profils Everything DiSC.<\/p>\n<p><strong>Everything DiSC rapport du facilitateur :<\/strong><br \/>\nFournit une synth\u00e8se des styles DiSC de votre groupe et des informations sur l&rsquo;impact des styles DiSC sur la culture de votre organisation. Inclut les noms et les styles de chaque participant. Vendu s\u00e9par\u00e9ment.<\/p>\n<p><strong>Rapport sur la culture de groupe DiSC :<\/strong><br \/>\nD\u00e9terminer la culture DiSC du groupe, explorer ses avantages et ses inconv\u00e9nients, discuter de son effet sur les membres du groupe et examiner son influence sur la prise de d\u00e9cision et la prise de risque. Vendu s\u00e9par\u00e9ment.<\/p>\n<p><strong>Voir les exemples<\/strong><\/p>\n<p><a href=\"https:\/\/dev.disc-partners.com\/documents\/everything_disc_test_facilitator_report_en.pdf\" target=\"new\" rel=\"noopener noreferrer\">Exemple de rapport du facilitateur<\/a><br \/>\n<a href=\"https:\/\/dev.disc-partners.com\/documents\/everything_disc_test_management_supplement_for_facilitator_%20sample_en.pdf\" target=\"new\" rel=\"noopener noreferrer\">Exemple de suppl\u00e9ment pour les facilitateurs<\/a><br \/>\n<a href=\"https:\/\/dev.disc-partners.com\/documents\/everything_disc_test_team_view_sample_en.pdf\" target=\"new\" rel=\"noopener noreferrer\">Exemple de rapport Team View<\/a><br \/>\n<a href=\"https:\/\/dev.disc-partners.com\/documents\/everything_disc_test_comparison_%20report_sample_en.pdf\" target=\"new\" rel=\"noopener noreferrer\">Exemple de rapport de comparaison<\/a><br \/>\n<a href=\"https:\/\/dev.disc-partners.com\/documents\/everything_disc_test_group_culture_report_en.pdf\" target=\"new\" rel=\"noopener noreferrer\">Exemple de rapport de culture de groupe<\/a><\/p>\n","protected":false},"excerpt":{"rendered":"<div class=\"woocommerce-product-details__short-description\">\n<p>Le kit de facilitation Everything DiSC Management compl\u00e8te le rapport d&rsquo;\u00e9valuation et de profil Everything DiSC Management.<\/p>\n<p>Utilisez-le pour une animation attrayante avec des vid\u00e9os convaincantes et un suivi en ligne pour une exp\u00e9rience d&rsquo;apprentissage personnalis\u00e9e.<\/p>\n<p><em>Everything DiSC Management couvre sp\u00e9cifiquement :<\/em><\/p>\n<ul>\n<li>Votre style de management DiSC<\/li>\n<li>Diriger et d\u00e9l\u00e9guer<\/li>\n<li>Motivation<\/li>\n<li>D\u00e9velopper les autres<\/li>\n<li>Travailler avec votre manager<\/li>\n<\/ul>\n<p>Ce kit de facilitation est utilis\u00e9 par les formateurs en RH, les consultants ou les coachs qui aident les managers \u00e0 lire les styles de leurs collaborateurs, \u00e0 <strong>adapter leur style pour manager plus efficacement<\/strong>.<\/p>\n<\/div>\n","protected":false},"featured_media":14611,"template":"","meta":[],"product_brand":[],"product_cat":[158,146],"product_tag":[],"class_list":{"0":"post-14128","1":"product","2":"type-product","3":"status-publish","4":"has-post-thumbnail","6":"product_cat-everything-disc-fr","7":"product_cat-kits-formation","9":"first","10":"instock","11":"taxable","12":"shipping-taxable","13":"purchasable","14":"product-type-variable","15":"has-default-attributes"},"_links":{"self":[{"href":"https:\/\/dev.disc-partners.com\/fr\/wp-json\/wp\/v2\/product\/14128","targetHints":{"allow":["GET"]}}],"collection":[{"href":"https:\/\/dev.disc-partners.com\/fr\/wp-json\/wp\/v2\/product"}],"about":[{"href":"https:\/\/dev.disc-partners.com\/fr\/wp-json\/wp\/v2\/types\/product"}],"wp:featuredmedia":[{"embeddable":true,"href":"https:\/\/dev.disc-partners.com\/fr\/wp-json\/wp\/v2\/media\/14611"}],"wp:attachment":[{"href":"https:\/\/dev.disc-partners.com\/fr\/wp-json\/wp\/v2\/media?parent=14128"}],"wp:term":[{"taxonomy":"product_brand","embeddable":true,"href":"https:\/\/dev.disc-partners.com\/fr\/wp-json\/wp\/v2\/product_brand?post=14128"},{"taxonomy":"product_cat","embeddable":true,"href":"https:\/\/dev.disc-partners.com\/fr\/wp-json\/wp\/v2\/product_cat?post=14128"},{"taxonomy":"product_tag","embeddable":true,"href":"https:\/\/dev.disc-partners.com\/fr\/wp-json\/wp\/v2\/product_tag?post=14128"}],"curies":[{"name":"wp","href":"https:\/\/api.w.org\/{rel}","templated":true}]}}