{"id":14197,"date":"2015-07-17T09:44:15","date_gmt":"2015-07-17T07:44:15","guid":{"rendered":"https:\/\/dev.disc-partners.com\/shop\/buy-everything-disc-sales-profile\/"},"modified":"2023-06-06T10:36:01","modified_gmt":"2023-06-06T08:36:01","slug":"acheter-profil-everything-disc-sales","status":"publish","type":"product","link":"https:\/\/dev.disc-partners.com\/fr\/produits-disc\/acheter-profil-everything-disc-sales\/","title":{"rendered":"Profil Everything DiSC Sales"},"content":{"rendered":"<h2><strong>Everything DiSC Sales &#8211; <\/strong>les vendeurs connectent mieux avec leurs clients.<\/h2>\n<p><strong>Utilisations<\/strong> : vente, d\u00e9veloppement professionnel, gestion des ventes.<\/p>\n<p>Everything DiSC Sales fait partie de la s\u00e9rie des profils Everything DiSC et vise \u00e0 doter les vendeurs des comp\u00e9tences n\u00e9cessaires pour mieux communiquer avec leurs clients. Ils apprennent \u00e0 communiquer avec plus d&rsquo;impact et \u00e0 am\u00e9liorer leurs relations commerciales.<\/p>\n<p><strong>Vue approfondie<\/strong><\/p>\n<p>Everything DiSC Sales est une \u00e9valuation de profil en ligne valid\u00e9e par la recherche et un rapport de 23 pages sp\u00e9cifique \u00e0 la vente, qui aide les vendeurs \u00e0 comprendre :<\/p>\n<ul>\n<li>Eux-m\u00eames<\/li>\n<li>Leurs clients<\/li>\n<li>Leurs relations<\/li>\n<\/ul>\n<p><strong>Facile \u00e0 personnaliser<\/strong><\/p>\n<p>Vous pouvez supprimer ou r\u00e9organiser des pages, personnaliser le titre du profil ou imprimer des sections s\u00e9lectionn\u00e9es.<br \/>\nLe profil peut \u00eatre utilis\u00e9 seul ou avec le kit de facilitation qui l&rsquo;accompagne (vendu s\u00e9par\u00e9ment).<\/p>\n<p><strong>Activit\u00e9s de suivi des ventes Everything DiSC Sales :<\/strong><\/p>\n<p>Les vendeurs ont souvent de nombreux clients dans leur portefeuille. Afin de les aider \u00e0 am\u00e9liorer leurs relations avec les clients individuels, Everything DiSC Sales s&rsquo;accompagne d&rsquo;un site web de suivi, qui permet aux vendeurs de r\u00e9aliser gratuitement des <strong>cartes d&rsquo;interaction<\/strong> avec les clients pour chacun d&rsquo;entre eux et de g\u00e9rer ces cartes.<\/p>\n<div id=\"text-block-29\" class=\"mk-text-block \">\n<p><strong>Outils suppl\u00e9mentaires<\/strong><\/p>\n<p><em>Plusieurs outils sont disponibles pour aller plus loin dans la mise en \u0153uvre et le transfert d&rsquo;apprentissage.<\/em><\/p>\n<p><strong>Cartes d&rsquo;interaction Everything DiSC Sales :<\/strong><br \/>\nLes antis\u00e8ches personnalis\u00e9es parfaites pour pr\u00e9parer les visites de vente ! Ces rapports de suivi d&rsquo;une page aident les vendeurs \u00e0 adapter leur style aux besoins d&rsquo;un client en comparant leur style de vente au style d&rsquo;achat du client. Vous b\u00e9n\u00e9ficiez d&rsquo;un acc\u00e8s illimit\u00e9, sans frais suppl\u00e9mentaires.<\/p>\n<p><strong>Everything DiSC Supplement for Facilitators (Suppl\u00e9ment au DiSC pour les animateurs) :<\/strong><br \/>\nProcure des donn\u00e9es plus d\u00e9taill\u00e9es sur une \u00e9valuation Everything DiSC et aide \u00e0 faciliter une discussion plus riche sur le style DiSC d&rsquo;un r\u00e9pondant, y compris sur les \u00e9l\u00e9ments inattendus. Acc\u00e8s illimit\u00e9 \u00e0 tous les profils Everything DiSC.<\/p>\n<p><strong>Everything DiSC Team View :<\/strong><br \/>\nFournit une vue d&rsquo;ensemble du groupe de r\u00e9pondants et des cartes DiSC de chacun d&rsquo;entre eux. Le nombre de r\u00e9pondants inclus dans le rapport n&rsquo;est pas limit\u00e9. Acc\u00e8s illimit\u00e9 \u00e0 tous les profils Everything DiSC.<\/p>\n<p><strong>Rapport de comparaison Everything DiSC :<\/strong><br \/>\n\u00c9tablir de meilleures relations et faire en sorte que la formation soit suivie ! Ces rapports de suivi de 10 pages, valid\u00e9s par la recherche, peuvent \u00eatre cr\u00e9\u00e9s pour deux participants quelconques afin d&rsquo;illustrer leurs similitudes et leurs diff\u00e9rences.<\/p>\n<p><strong>Everything DiSC rapport du facilitateur :<\/strong><br \/>\nFournit un aper\u00e7u des styles DiSC de votre groupe et des informations sur la fa\u00e7on dont les styles DiSC peuvent avoir un impact sur la culture de votre organisation. Inclut les noms et les styles de chaque participant. Vendu s\u00e9par\u00e9ment.<\/p>\n<p><strong>Rapport sur la culture de groupe DiSC :<\/strong><br \/>\nVous aide \u00e0 d\u00e9terminer la culture DiSC du groupe, \u00e0 explorer ses avantages et ses inconv\u00e9nients, \u00e0 discuter de son effet sur les membres du groupe et \u00e0 examiner son influence sur la prise de d\u00e9cision et la prise de risque. Vendu s\u00e9par\u00e9ment.<\/p>\n<div class=\"clearboth\"> <strong>Voir les exemples<\/strong><\/div>\n<\/div>\n<div class=\"vc_message_box vc_message_box-solid vc_message_box-square vc_color-grey\">\n<ul>\n<li><a href=\"https:\/\/www.everythingdisc.com\/EverythingDisc\/media\/Everything-DiSC-Sample-Reports\/Everything-DiSC%c2%ae-Sales-Customer-Interaction-Map.pdf\" target=\"_blank\" rel=\"noopener noreferrer\">Exemple de carte des interactions entre les vendeurs et les clients<\/a><\/li>\n<li><a href=\"https:\/\/www.everythingdisc.com\/EverythingDisc\/media\/Everything-DiSC-Sample-Reports\/Everything-DiSC%c2%ae-Sales-Supplement-2416.pdf\" target=\"_blank\" rel=\"noopener noreferrer\">Exemple de suppl\u00e9ment pour les facilitateurs<\/a><\/li>\n<li><a class=\"download\" href=\"https:\/\/www.everythingdisc.com\/EverythingDisc\/media\/Everything-DiSC-Sample-Reports\/Everything-DiSC%c2%ae-Group-Culture-Report-2416.pdf\" target=\"_blank\" rel=\"noopener noreferrer\">Exemple de rapport de culture de groupe<\/a><\/li>\n<li><a class=\"download\" href=\"https:\/\/www.everythingdisc.com\/EverythingDisc\/media\/Everything-DiSC-Sample-Reports\/Everything-DiSC%c2%ae-Facilitator-Report-2416.pdf\" target=\"_blank\" rel=\"noopener noreferrer\">Exemple de rapport du facilitateur<\/a><\/li>\n<li><a class=\"download\" href=\"https:\/\/www.everythingdisc.com\/EverythingDisc\/media\/Everything-DiSC-Sample-Reports\/Everything-DiSC%c2%ae-Team-View-2416.pdf\" target=\"_blank\" rel=\"noopener noreferrer\">Exemple de rapport Team View<\/a><\/li>\n<li><a href=\"https:\/\/www.everythingdisc.com\/EverythingDisc\/media\/Everything-DiSC-Sample-Reports\/Everything-DiSC%c2%ae-Comparison-Report-2416.pdf\" target=\"_blank\" rel=\"noopener\">Exemple de rapport de comparaison<\/a><\/li>\n<\/ul>\n<\/div>\n<p>&nbsp;<\/p>\n","protected":false},"excerpt":{"rendered":"<p><strong>Everything DiSC Sales<\/strong> montre aux vendeurs comment mieux se rapprocher de leurs clients.<\/p>\n<p><strong>Utilisations<\/strong> : Vente, apprenez \u00e0 lire les styles de vos clients, adaptez votre style pour mieux communiquer et conclure plus de ventes.<\/p>\n<p><strong>Finalit\u00e9 :<\/strong><\/p>\n<ul>\n<li>Comprendre votre style de vente DiSC<\/li>\n<li>Reconna\u00eetre et comprendre les styles d&rsquo;achat des clients<\/li>\n<li>Adaptez votre style de vente \u00e0 votre client<\/li>\n<\/ul>\n<p>Ce profil vise \u00e0 doter les vendeurs des comp\u00e9tences n\u00e9cessaires pour mieux communiquer avec leurs clients. Ils apprennent \u00e0 communiquer avec plus d&rsquo;impact et \u00e0 am\u00e9liorer leurs relations commerciales. Ce faisant, <strong>ils augmentent leurs chances de conclure des ventes<\/strong>.<\/p>\n","protected":false},"featured_media":10782,"template":"","meta":[],"product_brand":[],"product_cat":[145,158],"product_tag":[],"class_list":{"0":"post-14197","1":"product","2":"type-product","3":"status-publish","4":"has-post-thumbnail","6":"product_cat-evaluations-profils","7":"product_cat-everything-disc-fr","9":"first","10":"instock","11":"virtual","12":"taxable","13":"purchasable","14":"product-type-simple"},"_links":{"self":[{"href":"https:\/\/dev.disc-partners.com\/fr\/wp-json\/wp\/v2\/product\/14197","targetHints":{"allow":["GET"]}}],"collection":[{"href":"https:\/\/dev.disc-partners.com\/fr\/wp-json\/wp\/v2\/product"}],"about":[{"href":"https:\/\/dev.disc-partners.com\/fr\/wp-json\/wp\/v2\/types\/product"}],"wp:featuredmedia":[{"embeddable":true,"href":"https:\/\/dev.disc-partners.com\/fr\/wp-json\/wp\/v2\/media\/10782"}],"wp:attachment":[{"href":"https:\/\/dev.disc-partners.com\/fr\/wp-json\/wp\/v2\/media?parent=14197"}],"wp:term":[{"taxonomy":"product_brand","embeddable":true,"href":"https:\/\/dev.disc-partners.com\/fr\/wp-json\/wp\/v2\/product_brand?post=14197"},{"taxonomy":"product_cat","embeddable":true,"href":"https:\/\/dev.disc-partners.com\/fr\/wp-json\/wp\/v2\/product_cat?post=14197"},{"taxonomy":"product_tag","embeddable":true,"href":"https:\/\/dev.disc-partners.com\/fr\/wp-json\/wp\/v2\/product_tag?post=14197"}],"curies":[{"name":"wp","href":"https:\/\/api.w.org\/{rel}","templated":true}]}}