{"id":21540,"date":"2018-02-19T12:40:12","date_gmt":"2019-01-11T13:50:55","guid":{"rendered":"https:\/\/dev.disc-partners.com\/?post_type=product&#038;p=21540"},"modified":"2023-06-05T14:31:43","modified_gmt":"2023-06-05T12:31:43","slug":"rapport-culture-groupe-everything-disc","status":"publish","type":"product","link":"https:\/\/dev.disc-partners.com\/fr\/produits-disc\/rapport-culture-groupe-everything-disc\/","title":{"rendered":"Rapport Everything DiSC Group Culture"},"content":{"rendered":"<p>Le rapport Everything DiSC Group Culture Report fournit un <strong>composite des styles DiSC de votre groupe<\/strong> et des informations sur la fa\u00e7on dont les styles DiSC peuvent avoir un <strong>impact sur la culture de votre organisation<\/strong>. Il n&rsquo;inclut pas les noms et les styles de chaque participant, contrairement au rapport du facilitateur Everything DiSC. Si vous souhaitez voir les noms et les styles de chaque participant, nous vous sugg\u00e9rons d&rsquo;utiliser le rapport du facilitateur Everything DiSC.<\/p>\n<p>Ce rapport est cr\u00e9\u00e9 \u00e0 partir de 3 profils DiSC Everything individuels ou plus.<br \/>\nIl fonctionne avec Workplace, Management ou Sales.<\/p>\n<p>Les sections comprennent :<\/p>\n<ul>\n<li>Votre culture DiSC<\/li>\n<li>La culture D<\/li>\n<li>La culture i<\/li>\n<li>La culture S<\/li>\n<li>La culture C<\/li>\n<li>R\u00e9sum\u00e9 des donn\u00e9es (liste des noms et des styles des membres)<\/li>\n<\/ul>\n<p>Le rapport Everything DiSC Group Culture Report pr\u00e9sente <strong>les enjeux de la culture de votre groupe.<\/strong> Ils peuvent \u00eatre utilis\u00e9s pour <strong>faciliter la discussion<\/strong> sur le comportement du groupe et l&rsquo;impact qu&rsquo;il a sur ceux qui ne font pas partie du style dominant, ou sur ceux qui ne font pas partie du groupe. Cela se fait souvent lors d&rsquo;une session de suivi apr\u00e8s avoir pr\u00e9sent\u00e9 le DiSC \u00e0 votre groupe.<\/p>\n<p>Exemple de rapport<\/p>\n<p><img loading=\"lazy\" decoding=\"async\" class=\"\" src=\"https:\/\/dev.disc-partners.com\/wp-content\/uploads\/pdficon_small.png\" alt=\"Fichier PDF\" width=\"30\" height=\"30\" border=\"0\"\/> <a href=\"https:\/\/dev.disc-partners.com\/documents\/everything_disc_test_group_culture_report_en.pdf\"> Rapport de culture de groupe Everything DiSC<\/a><\/p>\n<p>&nbsp;<\/p>\n","protected":false},"excerpt":{"rendered":"<p><strong>Everything DiSC Facilitator Report : <\/strong>Fournit un aper\u00e7u des styles DiSC de votre groupe et des informations sur la fa\u00e7on dont les styles DiSC peuvent avoir un impact sur la culture de votre organisation. Inclut les noms et les styles de chaque participant.<\/p>\n<p>Le rapport du facilitateur Everything DiSC pr\u00e9sente les enjeux \u00e0 prendre en compte en ce qui concerne la culture de votre groupe. Ils peuvent \u00eatre utilis\u00e9s pour <strong>faciliter la discussion<\/strong>. Cela se fait souvent lors d&rsquo;une session de suivi apr\u00e8s avoir pr\u00e9sent\u00e9 le DiSC \u00e0 votre groupe. Rendez le groupe <strong>plus efficace<\/strong> dans ses interactions et rep\u00e9rez les zones d&rsquo;ombre.<\/p>\n","protected":false},"featured_media":10770,"template":"","meta":[],"product_brand":[],"product_cat":[158,3702],"product_tag":[],"class_list":{"0":"post-21540","1":"product","2":"type-product","3":"status-publish","4":"has-post-thumbnail","6":"product_cat-everything-disc-fr","7":"product_cat-rapports-groupe","9":"first","10":"instock","11":"virtual","12":"taxable","13":"purchasable","14":"product-type-simple"},"_links":{"self":[{"href":"https:\/\/dev.disc-partners.com\/fr\/wp-json\/wp\/v2\/product\/21540","targetHints":{"allow":["GET"]}}],"collection":[{"href":"https:\/\/dev.disc-partners.com\/fr\/wp-json\/wp\/v2\/product"}],"about":[{"href":"https:\/\/dev.disc-partners.com\/fr\/wp-json\/wp\/v2\/types\/product"}],"wp:featuredmedia":[{"embeddable":true,"href":"https:\/\/dev.disc-partners.com\/fr\/wp-json\/wp\/v2\/media\/10770"}],"wp:attachment":[{"href":"https:\/\/dev.disc-partners.com\/fr\/wp-json\/wp\/v2\/media?parent=21540"}],"wp:term":[{"taxonomy":"product_brand","embeddable":true,"href":"https:\/\/dev.disc-partners.com\/fr\/wp-json\/wp\/v2\/product_brand?post=21540"},{"taxonomy":"product_cat","embeddable":true,"href":"https:\/\/dev.disc-partners.com\/fr\/wp-json\/wp\/v2\/product_cat?post=21540"},{"taxonomy":"product_tag","embeddable":true,"href":"https:\/\/dev.disc-partners.com\/fr\/wp-json\/wp\/v2\/product_tag?post=21540"}],"curies":[{"name":"wp","href":"https:\/\/api.w.org\/{rel}","templated":true}]}}