{"id":26357,"date":"2019-12-30T12:13:42","date_gmt":"2019-12-30T10:13:42","guid":{"rendered":"https:\/\/dev.disc-partners.com\/disc-products\/five-behaviors-personal-development-profile\/"},"modified":"2023-06-05T14:10:10","modified_gmt":"2023-06-05T12:10:10","slug":"profil-five-behaviors-personal-development","status":"publish","type":"product","link":"https:\/\/dev.disc-partners.com\/fr\/produits-disc\/profil-five-behaviors-personal-development\/","title":{"rendered":"Profil Five Behaviors Personal Development"},"content":{"rendered":"<h2 class=\"hdg hdg_2 pushBtm20\">D\u00e9veloppez et renforcez des comp\u00e9tences qui transcendent les \u00e9quipes<\/h2>\n<p>La solution de d\u00e9veloppement Five Behaviors<sup>\u00ae<\/sup> apprend aux individus \u00e0 devenir de meilleurs co\u00e9quipiers en int\u00e9grant le mod\u00e8le de Patrick Lencioni au niveau de l&rsquo;organisation. Con\u00e7u sp\u00e9cifiquement pour des personnes individuelles, les participants n&rsquo;ont pas besoin de faire partie de la m\u00eame \u00e9quipe. Tout participant peut b\u00e9n\u00e9ficier de ce programme et adopter ses principes puissants, fa\u00e7onner ses comportements et cr\u00e9er un langage commun qui permet aux gens de r\u00e9\u00e9crire ce que signifie travailler ensemble.<\/p>\n<p><strong>Une \u00e9quipe productive et performante :<\/strong><\/p>\n<div class=\"wizzy\">\n<ul>\n<li>\u00c9tablit la <strong>confiance<\/strong> entre les membres de l&rsquo;\u00e9quipe<\/li>\n<li>Engage un <strong>conflit<\/strong> d&rsquo;id\u00e9es<\/li>\n<li><strong>S&rsquo;engage<\/strong> sur des d\u00e9cisions<\/li>\n<li>Tient les membres de l&rsquo;\u00e9quipe pour <strong>responsables<\/strong><\/li>\n<li>Met l&rsquo;accent sur l&rsquo;obtention de <strong>r\u00e9sultats<\/strong> collectifs<\/li>\n<li>Est plus <strong>amusante<\/strong> !<\/li>\n<\/ul>\n<\/div>\n<p>Avec <strong>Cinq comportements d\u00e9veloppement personnel :<\/strong><\/p>\n<ul>\n<li>D\u00e9couvrez comment, en tant qu&rsquo;\u00e9quipe, vous vous situez par rapport aux \u00e9l\u00e9ments cl\u00e9s du mod\u00e8le :<br \/>\n<strong>confiance, conflit, engagement, responsabilit\u00e9<\/strong> et <strong>r\u00e9sultats<\/strong>.<\/li>\n<li>Aidez les \u00e9quipes et les individus \u00e0 apprendre ce qu&rsquo;il faut faire pour construire une <strong>\u00e9quipe<\/strong> vraiment <strong>coh\u00e9sive<\/strong> et plus <strong>efficace<\/strong>.<\/li>\n<li>Proposez une <strong>\u00e9valuation<\/strong> (et un profil) pour un retour d&rsquo;information individuel et collectif.<\/li>\n<li>Proposez une <strong>\u00e9valuation de suivi<\/strong> (et un profil) pour mesurer les progr\u00e8s et la mise en \u0153uvre<\/li>\n<li>Utiliser un mod\u00e8le facile \u00e0 comprendre.<\/li>\n<\/ul>\n<form id=\"form\" action=\"\/Solutions\/everythingdisc.aspx\" method=\"post\">\n<div class=\"wrap\">\n<div class=\"wrap wrap_content\">\n<div class=\"wrap wrap_med mix-wrap_pushBtmLg\">\n<div class=\"wrap\">\n<div class=\"wrap wrap_content\">\n<div class=\"wrap wrap_med mix-wrap_pushBtmLg\">\n<p>&nbsp;<\/p>\n<\/div>\n<\/div>\n<\/div>\n<\/div>\n<\/div>\n<\/div>\n<\/form>\n","protected":false},"excerpt":{"rendered":"<p><b>Des individus talentueux aux \u00e9quipes extraordinaires<\/b><\/p>\n<p><strong>Utilisations:<\/strong> Team building: <span class=\"txt_med mix-txt_light\">d\u00e9couvrez ce qu&rsquo;il faut faire pour obtenir l&rsquo;avantage concurrentiel ultime du travail d&rsquo;\u00e9quipe.<\/span><\/p>\n<p><strong>Objectif : doter toute personne des comp\u00e9tences n\u00e9cessaires \u00e0 la constitution d&rsquo;une \u00e9quipe productive et performante :<\/strong><\/p>\n<div class=\"wizzy\">\n<ul>\n<li>\u00c9tablit la confiance entre les membres de l&rsquo;\u00e9quipe<\/li>\n<li>Engage un conflit d&rsquo;id\u00e9es<\/li>\n<li>S&rsquo;engage sur des d\u00e9cisions<\/li>\n<li>Tient les membres de l&rsquo;\u00e9quipe pour responsables<\/li>\n<li>Met l&rsquo;accent sur l&rsquo;obtention de r\u00e9sultats collectifs<\/li>\n<\/ul>\n<\/div>\n<p>Le programme Five Behaviors Personal Development, bas\u00e9 sur l&rsquo;\u00e9valuation du m\u00eame nom, se concentre sur la mise en pratique du mod\u00e8le The Five Behaviors\u2122 : la confiance, le conflit, l&rsquo;engagement, la responsabilit\u00e9 et les r\u00e9sultats. Un kit de facilitation est disponible.<\/p>\n","protected":false},"featured_media":7641,"template":"","meta":[],"product_brand":[],"product_cat":[2607,3857,145],"product_tag":[],"class_list":{"0":"post-26357","1":"product","2":"type-product","3":"status-publish","4":"has-post-thumbnail","6":"product_cat-cinq-comportements","7":"product_cat-efficacite-en-equipe","8":"product_cat-evaluations-profils","10":"first","11":"instock","12":"taxable","13":"shipping-taxable","14":"purchasable","15":"product-type-variable","16":"has-default-attributes"},"_links":{"self":[{"href":"https:\/\/dev.disc-partners.com\/fr\/wp-json\/wp\/v2\/product\/26357","targetHints":{"allow":["GET"]}}],"collection":[{"href":"https:\/\/dev.disc-partners.com\/fr\/wp-json\/wp\/v2\/product"}],"about":[{"href":"https:\/\/dev.disc-partners.com\/fr\/wp-json\/wp\/v2\/types\/product"}],"wp:featuredmedia":[{"embeddable":true,"href":"https:\/\/dev.disc-partners.com\/fr\/wp-json\/wp\/v2\/media\/7641"}],"wp:attachment":[{"href":"https:\/\/dev.disc-partners.com\/fr\/wp-json\/wp\/v2\/media?parent=26357"}],"wp:term":[{"taxonomy":"product_brand","embeddable":true,"href":"https:\/\/dev.disc-partners.com\/fr\/wp-json\/wp\/v2\/product_brand?post=26357"},{"taxonomy":"product_cat","embeddable":true,"href":"https:\/\/dev.disc-partners.com\/fr\/wp-json\/wp\/v2\/product_cat?post=26357"},{"taxonomy":"product_tag","embeddable":true,"href":"https:\/\/dev.disc-partners.com\/fr\/wp-json\/wp\/v2\/product_tag?post=26357"}],"curies":[{"name":"wp","href":"https:\/\/api.w.org\/{rel}","templated":true}]}}