{"id":4170,"date":"2015-10-01T16:48:17","date_gmt":"2015-10-01T14:48:17","guid":{"rendered":"https:\/\/dev.disc-partners.com\/shop\/the-five-behaviors-of-a-cohesive-team-kit-formateur\/"},"modified":"2023-06-19T13:59:50","modified_gmt":"2023-06-19T11:59:50","slug":"kit-facilitation-equipe-five-behaviors","status":"publish","type":"product","link":"https:\/\/dev.disc-partners.com\/fr\/produits-disc\/kit-facilitation-equipe-five-behaviors\/","title":{"rendered":"Kit de facilitation Five Behaviors pour le d\u00e9veloppement de l&rsquo;\u00e9quipe"},"content":{"rendered":"<h2>Kit de facilitation Five Behaviors :<\/h2>\n<p><strong>Faciliter les sessions de formation en utilisant <a href=\"https:\/\/dev.disc-partners.com\/fr\/produits-disc\/boutique\/profil-cinq-comportements-equipe-cohesive\/\">le profil Five Behaviors.<\/a><\/strong><\/p>\n<p>Pourquoi devriez-vous envisager d&rsquo;acheter un kit de facilitation Five Behaviors of a Cohesive Team ? Le kit d&rsquo;animation Five Behaviors propose le contenu dont vous avez besoin pour animer en toute confiance une session avec des participants qui ont pass\u00e9 l&rsquo;\u00e9valuation Five Behaviors et qui souhaitent s&rsquo;appuyer sur leur profil pour apprendre comment devenir une \u00e9quipe plus soud\u00e9e.<\/p>\n<p>Five Behaviors aide les \u00e9quipes \u00e0 comprendre comment appliquer le mod\u00e8le The Five Behaviors\u2122 , comprenant la confiance, le conflit, l&rsquo;engagement, la responsabilit\u00e9 et les r\u00e9sultats \u00e0 leur culture de travail.<\/p>\n<p><strong>\u00c0 qui s&rsquo;adresse le programme ?<\/strong><br \/>\n<a href=\"https:\/\/dev.disc-partners.com\/fr\/produits-disc\/boutique\/profil-cinq-comportements-equipe-cohesive\/\">\u00c9valuation Five Behaviors <\/a> est con\u00e7ue pour une \u00e9quipe int\u00e9gr\u00e9e. Avant de choisir ce programme, demandez-vous si votre \u00e9quipe est vraiment une \u00c9QUIPE ? Une \u00e9quipe est un nombre relativement restreint de personnes (de trois \u00e0 douze) qui se r\u00e9unissent r\u00e9guli\u00e8rement et sont collectivement responsables des r\u00e9sultats.<\/p>\n<p><strong>Comment ce programme peut-il vous \u00eatre utile ?<\/strong><\/p>\n<p>Un groupe qui semble \u00eatre une \u00e9quipe peut n&rsquo;\u00eatre qu&rsquo;un ensemble de personnes qui rendent compte au m\u00eame responsable, mais qui ont relativement peu d&rsquo;interd\u00e9pendance et de responsabilit\u00e9 mutuelle. Si un groupe ne r\u00e9pond pas aux crit\u00e8res d&rsquo;une v\u00e9ritable \u00e9quipe, il est peu probable que ce processus produise les r\u00e9sultats escompt\u00e9s. <a href=\"https:\/\/dev.disc-partners.com\/fr\/contact\/\">Nous pouvons vous aider \u00e0 d\u00e9terminer si ce programme convient \u00e0 votre \u00e9quipe.<\/a><\/p>\n<ul>\n<li>Le <a href=\"https:\/\/dev.disc-partners.com\/documents\/five_behaviors_of_a%20_cohesive_team_powered_by_disc_individual_report_sample_en.pdf\" target=\"_blank\" rel=\"noopener noreferrer\"><strong>rapport Five Behaviors<\/strong><\/a> fournit un retour d&rsquo;information individuel et collectif sur les r\u00e9sultats obtenus dans les domaines cl\u00e9s du mod\u00e8le : confiance, conflit, engagement, responsabilit\u00e9 et r\u00e9sultats.<\/li>\n<li>Ce programme <strong>d&rsquo;apprentissage en \u00e9quipe<\/strong> bas\u00e9 sur la facilitation s&rsquo;appuie sur Everything DiSC<sup>\u00ae<\/sup> et All Types. Il offre un mod\u00e8le qui aide les individus \u00e0 mieux se comprendre et \u00e0 mieux comprendre les autres, dans le cadre d&rsquo;une \u00e9quipe.<\/li>\n<li>Un <a href=\"https:\/\/dev.disc-partners.com\/documents\/five_behaviors_of_a%20_cohesive_team_powered_by_disc_progress_report_sample_en.pdf\" target=\"_blank\" rel=\"noopener noreferrer\"><strong>rapport de suivi<\/strong><\/a> permet de mesurer et de suivre les progr\u00e8s de l&rsquo;\u00e9quipe.<\/li>\n<\/ul>\n<p>&nbsp;<\/p>\n<p><strong>Ce programme d&rsquo;\u00e9quipe complet comprend<\/strong><\/p>\n<div id=\"accordion-57-560d410339d3c\" class=\"wk-accordion wk-accordion-default clearfix\" data-widgetkit=\"accordion\" data-options=\"{\">\n<h3 class=\"toggler\">Rapport de profil<\/h3>\n<p>Deux rapports d&rsquo;\u00e9valuation et de profil des Five Behaviors sont utilis\u00e9s avec le kit de facilitation Five Behaviors of a Cohesive Team : l&rsquo;un est aliment\u00e9 par Everything DiSC et l&rsquo;autre par All Types (Jungian Types &#8211; compatible avec mbti). Le choix entre les deux d\u00e9pend de ce \u00e0 quoi vous \u00eates habitu\u00e9. Les deux ont :<\/p>\n<div class=\"content-wrapper\">\n<div class=\"content wk-content clearfix\">\n<ul>\n<li>36 pages de r\u00e9sultats d&rsquo;\u00e9valuation hautement personnalis\u00e9s pour l&rsquo;individu et l&rsquo;\u00e9quipe<\/li>\n<li>Des visuels forts qui illustrent les messages cl\u00e9s<\/li>\n<li>Retour d&rsquo;information sp\u00e9cifique au contexte<\/li>\n<li>Conseils et strat\u00e9gies pour am\u00e9liorer l&rsquo;efficacit\u00e9 du travail en \u00e9quipe<\/li>\n<li>Opportunit\u00e9 d&rsquo;\u00e9laborer un plan d&rsquo;action<\/li>\n<\/ul>\n<h5>Voir des exemples (veuillez nous demander, en utilisant le formulaire de contact) :<\/h5>\n<ul>\n<li>Les Five Behaviors Exemple de profil bas\u00e9 sur Everything DiSC<\/li>\n<li>Les cinq comportements d&rsquo;une \u00e9quipe coh\u00e9sive Exemple de profil bas\u00e9 sur All Types<\/li>\n<\/ul>\n<p><strong>Pour plus de ressources et d&rsquo;informations, veuillez cliquer sur les onglets \u00a0\u00bb Everything DiSC \u00a0\u00bb et \u00a0\u00bb All Types \u00ab\u00a0.<\/strong><\/p>\n<\/div>\n<\/div>\n<\/div>\n<p><strong>Le programme d&rsquo;\u00e9quipe comprend sept modules d&rsquo;une dur\u00e9e de 1 \u00e0 3 \u00bd heures. <\/strong><\/p>\n<p>Votre programme s&rsquo;\u00e9tend d&rsquo;une journ\u00e9e \u00e0 4 jours d&rsquo;apprentissage facilit\u00e9. Il ne s&rsquo;agit pas d&rsquo;un programme de formation standard, mais plut\u00f4t d&rsquo;un processus d&rsquo;apprentissage facilit\u00e9 : vos animateurs doivent poss\u00e9der les comp\u00e9tences et l&rsquo;exp\u00e9rience appropri\u00e9es pour mener \u00e0 bien le programme. Pour en savoir plus, <a href=\"https:\/\/dev.disc-partners.com\/fr\/test-de-personnalite-disc\/test-de-performance-en-entreprise\/\">consultez la section 5 \u00e9tapes<\/a> et d\u00e9couvrez ce qui rend ce programme si convaincant.<\/p>\n<p><strong>Chaque module comprend :<\/strong><\/p>\n<div id=\"accordion-57-560d410339d3c\" class=\"wk-accordion wk-accordion-default clearfix\" data-widgetkit=\"accordion\" data-options=\"{\">\n<div class=\"content-wrapper\">\n<div class=\"content wk-content clearfix\">\n<ul>\n<li>Guide de l&rsquo;animateur en MS Word<\/li>\n<li>Documents pour les participants en MS Word<\/li>\n<li>PowerPoint avec vid\u00e9o int\u00e9gr\u00e9e<\/li>\n<\/ul>\n<\/div>\n<\/div>\n<\/div>\n<p>&nbsp;<\/p>\n<p><strong>Module 1 :<br \/>\nIntroduction :<\/strong> Introduit le mod\u00e8le <em>The Five Behaviors of a Cohesive Team<\/em><\/p>\n<p><strong>Module 2 :<br \/>\nB\u00e2tir la confiance :<\/strong> Enseigne le concept de confiance bas\u00e9e sur la vuln\u00e9rabilit\u00e9<\/p>\n<p><strong>Module 3 :<br \/>\nMaitriser le conflit :<\/strong> Aide les participants \u00e0 comprendre les avantages d&rsquo;un d\u00e9bat constructif<\/p>\n<p><strong>Module 4 :<br \/>\nObtenir un engagement :<\/strong> Montre comment la clart\u00e9 et l&rsquo;adh\u00e9sion sont essentielles pour obtenir un engagement.<\/p>\n<p><strong>Module 5 :<br \/>\nAdopter le principe de responsabilit\u00e9 :<\/strong> Souligne l&rsquo;importance de la responsabilit\u00e9 entre pairs<\/p>\n<p><strong>Module 6 :<br \/>\nSe focaliser sur les r\u00e9sultats :<\/strong> Souligne que les r\u00e9sultats collectifs sont plus importants que les objectifs individuels<\/p>\n<p><strong>Module 7 :<br \/>\n<\/strong><strong>Bilan et plan d&rsquo;action :<\/strong> Examiner ce qui a \u00e9t\u00e9 appris et cr\u00e9er un plan d&rsquo;action pour am\u00e9liorer la productivit\u00e9 de l&rsquo;\u00e9quipe.[\/vc_message][vc_column_text]<\/p>\n<div id=\"accordion-57-560d410339d3c\" class=\"wk-accordion wk-accordion-default clearfix\" data-widgetkit=\"accordion\" data-options=\"{\">\n<div class=\"content-wrapper\">Le guide de l&rsquo;animateur, enti\u00e8rement sc\u00e9naris\u00e9, comprend des supports de pr\u00e9sentation et des documents \u00e0 distribuer aux participants. Par le biais d&rsquo;activit\u00e9s exp\u00e9rientielles, de vid\u00e9os et de discussions, une \u00e9quipe est guid\u00e9e \u00e0 travers le puissant mod\u00e8le des <em>cinq comportements<\/em>, apprenant et pratiquant les comportements qui rendront l&rsquo;\u00e9quipe plus coh\u00e9sive et am\u00e9lioreront ses performances.<\/div>\n<div class=\"content-wrapper\">\n<div class=\"content wk-content clearfix\">\n<p><em><strong>Remarque : les profils des membres de l&rsquo;\u00e9quipe sont achet\u00e9s s\u00e9par\u00e9ment.<\/strong><\/em><\/p>\n<\/div>\n<\/div>\n<\/div>\n","protected":false},"excerpt":{"rendered":"<div class=\"woocommerce-product-details__short-description\">\n<div class=\"woocommerce-product-details__short-description\">\n<div class=\"woocommerce-product-details__short-description\">\n<p>Le <em>Kit d&rsquo;animation Cinq comportements d&rsquo;une \u00e9quipe coh\u00e9sive<\/em> accompagne le <a href=\"https:\/\/dev.disc-partners.com\/fr\/produits-disc\/boutique\/profil-cinq-comportements-equipe-cohesive\/\" target=\"_blank\" rel=\"noopener noreferrer\">rapport d&rsquo;\u00e9valuation et de profil correspondant<\/a>.<\/p>\n<p>Leur utilisation conjointe vous permet de renforcer la coh\u00e9sion d&rsquo;une \u00e9quipe, en utilisant une \u00e9valuation de premier ordre et un programme de d\u00e9veloppement facilit\u00e9 pour <em><strong>comprendre, adopter et mettre en pratique des comportements \u00e9prouv\u00e9s<\/strong><\/em>pour une meilleure confiance, un d\u00e9bat plus sain, un engagement, une responsabilit\u00e9 et des r\u00e9sultats accrus.<\/p>\n<p>Le kit de facilitation, utilis\u00e9 par les facilitateurs RH, les consultants et les coachs, apporte une exp\u00e9rience d&rsquo;apprentissage facilit\u00e9e qui aide les professionnels et les organisations \u00e0 d\u00e9couvrir ce qu&rsquo;il faut pour construire une <strong>\u00e9quipe vraiment coh\u00e9sive et efficace<\/strong>.<\/p>\n<\/div>\n<\/div>\n<\/div>\n","protected":false},"featured_media":9959,"template":"","meta":[],"product_brand":[],"product_cat":[2607,3857,146],"product_tag":[],"class_list":{"0":"post-4170","1":"product","2":"type-product","3":"status-publish","4":"has-post-thumbnail","6":"product_cat-cinq-comportements","7":"product_cat-efficacite-en-equipe","8":"product_cat-kits-formation","10":"first","11":"instock","12":"taxable","13":"shipping-taxable","14":"purchasable","15":"product-type-simple"},"_links":{"self":[{"href":"https:\/\/dev.disc-partners.com\/fr\/wp-json\/wp\/v2\/product\/4170","targetHints":{"allow":["GET"]}}],"collection":[{"href":"https:\/\/dev.disc-partners.com\/fr\/wp-json\/wp\/v2\/product"}],"about":[{"href":"https:\/\/dev.disc-partners.com\/fr\/wp-json\/wp\/v2\/types\/product"}],"wp:featuredmedia":[{"embeddable":true,"href":"https:\/\/dev.disc-partners.com\/fr\/wp-json\/wp\/v2\/media\/9959"}],"wp:attachment":[{"href":"https:\/\/dev.disc-partners.com\/fr\/wp-json\/wp\/v2\/media?parent=4170"}],"wp:term":[{"taxonomy":"product_brand","embeddable":true,"href":"https:\/\/dev.disc-partners.com\/fr\/wp-json\/wp\/v2\/product_brand?post=4170"},{"taxonomy":"product_cat","embeddable":true,"href":"https:\/\/dev.disc-partners.com\/fr\/wp-json\/wp\/v2\/product_cat?post=4170"},{"taxonomy":"product_tag","embeddable":true,"href":"https:\/\/dev.disc-partners.com\/fr\/wp-json\/wp\/v2\/product_tag?post=4170"}],"curies":[{"name":"wp","href":"https:\/\/api.w.org\/{rel}","templated":true}]}}