{"id":4177,"date":"2015-07-21T16:54:49","date_gmt":"2015-07-21T14:54:49","guid":{"rendered":"https:\/\/dev.disc-partners.com\/fr\/shop\/the-work-of-leaders\/"},"modified":"2023-06-05T16:44:20","modified_gmt":"2023-06-05T14:44:20","slug":"le-work-of-leaders","status":"publish","type":"product","link":"https:\/\/dev.disc-partners.com\/fr\/produits-disc\/le-work-of-leaders\/","title":{"rendered":"Le livre Work of Leaders"},"content":{"rendered":"<p>Le Work of Leaders : Comment la vision, l&rsquo;alignement et l&rsquo;ex\u00e9cution changeront la fa\u00e7on dont vous dirigez distille les meilleures pratiques de leadership dans un processus simple et convaincant qui aide les dirigeants \u00e0 tous les niveaux \u00e0 obtenir des r\u00e9sultats imm\u00e9diats.<\/p>\n<p>Selon les auteurs, les dirigeants ont trois responsabilit\u00e9s fondamentales : Ils \u00e9laborent une vision, construisent un alignement et se font les champions de l&rsquo;ex\u00e9cution.<\/p>\n<p><strong>\u00c9laborer une vision<\/strong> : imaginer un \u00e9tat futur am\u00e9lior\u00e9 qui deviendrait r\u00e9alit\u00e9 gr\u00e2ce au travail du groupe.<br \/>\n<strong>Favoriser l&rsquo;alignement<\/strong> : pour que tous les membres du groupe comprennent la vision et s&rsquo;y engagent.<br \/>\n<strong>Se faire le champion de l&rsquo;ex\u00e9cution<\/strong> : mettre en place les conditions n\u00e9cessaires pour que l&rsquo;avenir envisag\u00e9 devienne r\u00e9alit\u00e9.<\/p>\n<p>La v\u00e9ritable valeur de ce mod\u00e8le de VAE r\u00e9side dans le fait qu&rsquo;il \u00e9tablit un cadre g\u00e9rable et r\u00e9aliste pour guider le processus. L&rsquo;objectif est de fournir des explications simples sur les domaines dans lesquels vous pourriez choisir de cibler vos efforts de d\u00e9veloppement personnel.<\/p>\n<p>Les chapitres principaux pr\u00e9sentent les cl\u00e9s et les comportements que les dirigeants utilisent pour faire avancer chaque \u00e9tape du mod\u00e8le et fournissent des strat\u00e9gies sp\u00e9cifiques pour ceux qui cherchent \u00e0 accro\u00eetre leur capacit\u00e9 d&rsquo;exploration pendant le processus de vision. Il concr\u00e9tise \u00e9galement ces id\u00e9es en pr\u00e9sentant des exemples illustratifs ou des anecdotes concernant des personnes et des organisations qui ont utilis\u00e9 ces moteurs pour am\u00e9liorer leur efficacit\u00e9 et r\u00e9aliser chaque \u00e9tape de mani\u00e8re significative.<\/p>\n<p>Les consultants et les formateurs qui utilisent les profils \u00ab\u00a0Everything DiSC Work of Leaders\u00a0\u00bb connaissent bien le mod\u00e8le. Nous vous sugg\u00e9rons d&rsquo;offrir \u00e0 vos clients ou aux participants \u00e0 la formation un exemplaire du livre pour qu&rsquo;ils continuent \u00e0 s&rsquo;int\u00e9resser aux concepts de la VAE.<\/p>\n","protected":false},"excerpt":{"rendered":"<p>Le livre The Work of Leaders explique comment la vision, l&rsquo;alignement et l&rsquo;ex\u00e9cution changeront la fa\u00e7on dont vous dirigez. Il distille les meilleures pratiques de leadership dans un processus simple et convaincant qui aide les dirigeants \u00e0 tous les niveaux \u00e0 obtenir des r\u00e9sultats imm\u00e9diats.<\/p>\n","protected":false},"featured_media":9979,"template":"","meta":[],"product_brand":[],"product_cat":[158,150,3864],"product_tag":[],"class_list":{"0":"post-4177","1":"product","2":"type-product","3":"status-publish","4":"has-post-thumbnail","6":"product_cat-everything-disc-fr","7":"product_cat-livres","8":"product_cat-management-et-leadership","10":"first","11":"instock","12":"taxable","13":"shipping-taxable","14":"purchasable","15":"product-type-simple"},"_links":{"self":[{"href":"https:\/\/dev.disc-partners.com\/fr\/wp-json\/wp\/v2\/product\/4177","targetHints":{"allow":["GET"]}}],"collection":[{"href":"https:\/\/dev.disc-partners.com\/fr\/wp-json\/wp\/v2\/product"}],"about":[{"href":"https:\/\/dev.disc-partners.com\/fr\/wp-json\/wp\/v2\/types\/product"}],"wp:featuredmedia":[{"embeddable":true,"href":"https:\/\/dev.disc-partners.com\/fr\/wp-json\/wp\/v2\/media\/9979"}],"wp:attachment":[{"href":"https:\/\/dev.disc-partners.com\/fr\/wp-json\/wp\/v2\/media?parent=4177"}],"wp:term":[{"taxonomy":"product_brand","embeddable":true,"href":"https:\/\/dev.disc-partners.com\/fr\/wp-json\/wp\/v2\/product_brand?post=4177"},{"taxonomy":"product_cat","embeddable":true,"href":"https:\/\/dev.disc-partners.com\/fr\/wp-json\/wp\/v2\/product_cat?post=4177"},{"taxonomy":"product_tag","embeddable":true,"href":"https:\/\/dev.disc-partners.com\/fr\/wp-json\/wp\/v2\/product_tag?post=4177"}],"curies":[{"name":"wp","href":"https:\/\/api.w.org\/{rel}","templated":true}]}}