{"id":59342,"date":"2025-10-29T09:16:48","date_gmt":"2025-10-29T07:16:48","guid":{"rendered":"https:\/\/dev.disc-partners.com\/?post_type=product&#038;p=59342"},"modified":"2026-02-27T15:30:55","modified_gmt":"2026-02-27T13:30:55","slug":"certification-disc-facilitateur-trice-certifie-e-par-wiley","status":"publish","type":"product","link":"https:\/\/dev.disc-partners.com\/fr\/produits-disc\/certification-disc-facilitateur-trice-certifie-e-par-wiley\/","title":{"rendered":"Certification DiSC &#8211; Facilitateur.trice certifi\u00e9.e par Wiley"},"content":{"rendered":"<div class=\"et_pb_section_0 et_pb_section et_section_regular et_block_section\"><div class=\"et_pb_row_0 et_pb_row et_block_row\"><div class=\"et_pb_column_0 et_pb_column et_pb_column_4_4 et-last-child et_block_column et_pb_css_mix_blend_mode_passthrough\"><div class=\"et_pb_wc_cart_notice_0 et_pb_wc_cart_notice et_pb_fields_layout_default et_pb_module\"><div class=\"et_pb_module_inner\">\n\t<div class=\"woocommerce-message\" role=\"alert\">\n\t\t&ldquo;Product Name&rdquo; has been added to cart.\t<\/div>\n<\/div><\/div><\/div><\/div><div class=\"et_pb_row_1 et_pb_row et_block_row\"><div class=\"et_pb_column_1 et_pb_column et_pb_column_1_2 et_block_column et_pb_css_mix_blend_mode_passthrough\"><div class=\"et_pb_wc_images_0 et_pb_wc_images et_pb_module\"><div class=\"et_pb_module_inner\"><\/div><\/div><\/div><div class=\"et_pb_column_2 et_pb_column et_pb_column_1_2 et-last-child et_block_column et_pb_css_mix_blend_mode_passthrough\"><div class=\"et_pb_wc_title_0 et_pb_wc_title et_pb_bg_layout_light et_pb_module\"><div class=\"et_pb_module_inner\">\n\t\t<h1>Certification DiSC &#8211; Facilitateur.trice certifi\u00e9.e par Wiley<\/h1><\/div><\/div><\/div><\/div><div class=\"et_pb_row_2 et_pb_row et_block_row\"><div class=\"et_pb_column_3 et_pb_column et_pb_column_4_4 et-last-child et_block_column et_pb_css_mix_blend_mode_passthrough\"><div class=\"et_pb_wc_tabs_0 et_pb_wc_tabs et_pb_tabs et_pb_module\"><div class=\"et_pb_module_inner\"><ul class=\"et_pb_tabs_controls clearfix\"><\/ul><div class=\"et_pb_all_tabs\"><\/div><\/div><\/div><\/div><\/div><\/div>","protected":false},"excerpt":{"rendered":"<p>Parcours de 2 semaines : modules en autonomie + classes live avec des expert.es Wiley. Id\u00e9al pour la reconnaissance Wiley et un d\u00e9ploiement \u00e0 grande \u00e9chelle.<\/p>\n<p><strong>D\u00e9roul\u00e9 &amp; format<\/strong><\/p>\n<ul>\n<li><strong>5 modules<\/strong> asynchrone (environ 3h chacun) + <strong>4 classes virtuelles<\/strong> (2h) anim\u00e9es par des expert.es Wiley.<\/li>\n<li><strong>2 projets d&rsquo;applications<\/strong> : facilitation de groupe et caching 1:1<\/li>\n<li><strong>Examen final<\/strong> : r\u00e9ussite \u2265 80%<\/li>\n<\/ul>\n","protected":false},"featured_media":59343,"template":"","meta":[],"product_brand":[],"product_cat":[5456],"product_tag":[],"class_list":{"0":"post-59342","1":"product","2":"type-product","3":"status-publish","4":"has-post-thumbnail","6":"product_cat-certification","8":"first","9":"instock","10":"taxable","11":"shipping-taxable","12":"purchasable","13":"product-type-simple"},"_links":{"self":[{"href":"https:\/\/dev.disc-partners.com\/fr\/wp-json\/wp\/v2\/product\/59342","targetHints":{"allow":["GET"]}}],"collection":[{"href":"https:\/\/dev.disc-partners.com\/fr\/wp-json\/wp\/v2\/product"}],"about":[{"href":"https:\/\/dev.disc-partners.com\/fr\/wp-json\/wp\/v2\/types\/product"}],"wp:featuredmedia":[{"embeddable":true,"href":"https:\/\/dev.disc-partners.com\/fr\/wp-json\/wp\/v2\/media\/59343"}],"wp:attachment":[{"href":"https:\/\/dev.disc-partners.com\/fr\/wp-json\/wp\/v2\/media?parent=59342"}],"wp:term":[{"taxonomy":"product_brand","embeddable":true,"href":"https:\/\/dev.disc-partners.com\/fr\/wp-json\/wp\/v2\/product_brand?post=59342"},{"taxonomy":"product_cat","embeddable":true,"href":"https:\/\/dev.disc-partners.com\/fr\/wp-json\/wp\/v2\/product_cat?post=59342"},{"taxonomy":"product_tag","embeddable":true,"href":"https:\/\/dev.disc-partners.com\/fr\/wp-json\/wp\/v2\/product_tag?post=59342"}],"curies":[{"name":"wp","href":"https:\/\/api.w.org\/{rel}","templated":true}]}}