{"id":59347,"date":"2025-10-29T09:22:13","date_gmt":"2025-10-29T07:22:13","guid":{"rendered":"https:\/\/dev.disc-partners.com\/?post_type=product&#038;p=59347"},"modified":"2026-02-27T15:30:57","modified_gmt":"2026-02-27T13:30:57","slug":"parcours-certifiant-disc-partners-disc-certified-trainer","status":"publish","type":"product","link":"https:\/\/dev.disc-partners.com\/fr\/produits-disc\/parcours-certifiant-disc-partners-disc-certified-trainer\/","title":{"rendered":"Parcours certifiant DiSC Partners &#8211; DiSC certified Trainer"},"content":{"rendered":"<div class=\"et_pb_section_0 et_pb_section et_section_regular et_block_section\"><div class=\"et_pb_row_0 et_pb_row et_block_row\"><div class=\"et_pb_column_0 et_pb_column et_pb_column_4_4 et-last-child et_block_column et_pb_css_mix_blend_mode_passthrough\"><div class=\"et_pb_wc_cart_notice_0 et_pb_wc_cart_notice et_pb_fields_layout_default et_pb_module\"><div class=\"et_pb_module_inner\">\n\t<div class=\"woocommerce-message\" role=\"alert\">\n\t\t&ldquo;Product Name&rdquo; has been added to cart.\t<\/div>\n<\/div><\/div><\/div><\/div><div class=\"et_pb_row_1 et_pb_row et_block_row\"><div class=\"et_pb_column_1 et_pb_column et_pb_column_1_2 et_block_column et_pb_css_mix_blend_mode_passthrough\"><div class=\"et_pb_wc_images_0 et_pb_wc_images et_pb_module\"><div class=\"et_pb_module_inner\"><\/div><\/div><\/div><div class=\"et_pb_column_2 et_pb_column et_pb_column_1_2 et-last-child et_block_column et_pb_css_mix_blend_mode_passthrough\"><div class=\"et_pb_wc_title_0 et_pb_wc_title et_pb_bg_layout_light et_pb_module\"><div class=\"et_pb_module_inner\">\n\t\t<h1>Parcours certifiant DiSC Partners &#8211; DiSC certified Trainer<\/h1><\/div><\/div><\/div><\/div><div class=\"et_pb_row_2 et_pb_row et_block_row\"><div class=\"et_pb_column_3 et_pb_column et_pb_column_4_4 et-last-child et_block_column et_pb_css_mix_blend_mode_passthrough\"><div class=\"et_pb_wc_tabs_0 et_pb_wc_tabs et_pb_tabs et_pb_module\"><div class=\"et_pb_module_inner\"><ul class=\"et_pb_tabs_controls clearfix\"><\/ul><div class=\"et_pb_all_tabs\"><\/div><\/div><\/div><\/div><\/div><\/div>","protected":false},"excerpt":{"rendered":"<p>Un coaching individuel sur-mesure pour vous rendre op\u00e9rationnel.le rapidement. \u00c0 l&rsquo;issue, vous recevrez l&rsquo;attestation \u00ab\u00a0DiSC Certified Trainer &#8211; DiSC Partners\u00a0\u00bb<\/p>\n<p><strong>D\u00e9roul\u00e9 &amp; format<\/strong><\/p>\n<ul>\n<li><strong>6h de cours particuliers<\/strong> (3 x 2h) : \u00e9volution du mod\u00e8le, usages, choix des produits. mises en pratique.<\/li>\n<li><strong>6h d&rsquo;accompagnement individuel<\/strong> \u00e9tal\u00e9es sur 12 mois : supervision de cas, ing\u00e9nierie p\u00e9dagogique, go-to-market.<\/li>\n<\/ul>\n","protected":false},"featured_media":59348,"template":"","meta":[],"product_brand":[],"product_cat":[5456],"product_tag":[],"class_list":{"0":"post-59347","1":"product","2":"type-product","3":"status-publish","4":"has-post-thumbnail","6":"product_cat-certification","8":"first","9":"instock","10":"taxable","11":"shipping-taxable","12":"purchasable","13":"product-type-simple"},"_links":{"self":[{"href":"https:\/\/dev.disc-partners.com\/fr\/wp-json\/wp\/v2\/product\/59347","targetHints":{"allow":["GET"]}}],"collection":[{"href":"https:\/\/dev.disc-partners.com\/fr\/wp-json\/wp\/v2\/product"}],"about":[{"href":"https:\/\/dev.disc-partners.com\/fr\/wp-json\/wp\/v2\/types\/product"}],"wp:featuredmedia":[{"embeddable":true,"href":"https:\/\/dev.disc-partners.com\/fr\/wp-json\/wp\/v2\/media\/59348"}],"wp:attachment":[{"href":"https:\/\/dev.disc-partners.com\/fr\/wp-json\/wp\/v2\/media?parent=59347"}],"wp:term":[{"taxonomy":"product_brand","embeddable":true,"href":"https:\/\/dev.disc-partners.com\/fr\/wp-json\/wp\/v2\/product_brand?post=59347"},{"taxonomy":"product_cat","embeddable":true,"href":"https:\/\/dev.disc-partners.com\/fr\/wp-json\/wp\/v2\/product_cat?post=59347"},{"taxonomy":"product_tag","embeddable":true,"href":"https:\/\/dev.disc-partners.com\/fr\/wp-json\/wp\/v2\/product_tag?post=59347"}],"curies":[{"name":"wp","href":"https:\/\/api.w.org\/{rel}","templated":true}]}}